{"id":581,"date":"2020-09-14T23:40:35","date_gmt":"2020-09-14T23:40:35","guid":{"rendered":"https:\/\/store.handsomecake.com\/product\/bloodborne-old-hunter-30cm-pvc-statue-keine-actionfigur\/"},"modified":"2025-06-17T10:41:22","modified_gmt":"2025-06-17T10:41:22","slug":"bloodborne-old-hunter-30cm-pvc-statue-keine-actionfigur","status":"publish","type":"product","link":"https:\/\/store.handsomecake.com\/en\/product\/bloodborne-old-hunter-30cm-pvc-statue-keine-actionfigur\/","title":{"rendered":"Bloodborne &#8211; Old Hunter 30cm PVC Statue (keine Actionfigur)"},"content":{"rendered":"<p>Bloodborne &#8211; Old Hunter Figur<\/p>\n<p>Bei diesem Artikel handelt es sich um eine Statue mit abnehmbaren H\u00e4nden und einsetzbaren Waffen. Es ist jedoch keine Actionfigur, wie oft hier angeboten mit bewegbaren Gelenken.<br \/>\nDie Statue ist auch etwas gr\u00f6\u00dfer (ca. 30cm) und etwas schwerer (fast 1kg) als die Actionfiguren.<\/p>\n<p>Versand ist (im Gegensatz zu anderen Auktionen) nat\u00fcrlich aus Deutschland&#8230;<\/p>\n<p>Beschreibung:<br \/>\nH\u00f6he: 30cm<br \/>\nGewicht: ca. 0.9 kg<br \/>\nMaterial: PVC<\/p>\n<p>Paket:<br \/>\n1 x\u00a0Bloodborne Old Hunter Statue mit Box<\/p>\n<p>Wir versenden weltweit, die Preise f\u00fcr den weltweiten Versand sind nur Richtwerte und k\u00f6nnen individuell angefragt werden. F\u00fcr deutschlandweiten und EU-weiten Versand sind die Preise genau.<\/p>","protected":false},"excerpt":{"rendered":"<p>Bloodborne &#8211; Old Hunter Figur Bei diesem Artikel handelt es sich um eine Statue mit abnehmbaren H\u00e4nden und einsetzbaren Waffen. Es ist jedoch keine Actionfigur, wie oft hier angeboten mit bewegbaren Gelenken. Die Statue ist auch etwas gr\u00f6\u00dfer (ca. 30cm) und etwas schwerer (fast 1kg) als die Actionfiguren. Versand ist (im Gegensatz zu anderen Auktionen) [&hellip;]<\/p>\n","protected":false},"featured_media":582,"comment_status":"closed","ping_status":"closed","template":"","meta":[],"product_brand":[],"product_cat":[127,81],"product_tag":[],"class_list":{"0":"post-581","1":"product","2":"type-product","3":"status-publish","4":"has-post-thumbnail","6":"product_cat-diverse","7":"product_cat-statuen-computerspieluniversum","8":"pa_scale-1_to_6","10":"first","11":"instock","12":"taxable","13":"shipping-taxable","14":"product-type-simple"},"_links":{"self":[{"href":"https:\/\/store.handsomecake.com\/en\/wp-json\/wp\/v2\/product\/581","targetHints":{"allow":["GET"]}}],"collection":[{"href":"https:\/\/store.handsomecake.com\/en\/wp-json\/wp\/v2\/product"}],"about":[{"href":"https:\/\/store.handsomecake.com\/en\/wp-json\/wp\/v2\/types\/product"}],"replies":[{"embeddable":true,"href":"https:\/\/store.handsomecake.com\/en\/wp-json\/wp\/v2\/comments?post=581"}],"wp:featuredmedia":[{"embeddable":true,"href":"https:\/\/store.handsomecake.com\/en\/wp-json\/wp\/v2\/media\/582"}],"wp:attachment":[{"href":"https:\/\/store.handsomecake.com\/en\/wp-json\/wp\/v2\/media?parent=581"}],"wp:term":[{"taxonomy":"product_brand","embeddable":true,"href":"https:\/\/store.handsomecake.com\/en\/wp-json\/wp\/v2\/product_brand?post=581"},{"taxonomy":"product_cat","embeddable":true,"href":"https:\/\/store.handsomecake.com\/en\/wp-json\/wp\/v2\/product_cat?post=581"},{"taxonomy":"product_tag","embeddable":true,"href":"https:\/\/store.handsomecake.com\/en\/wp-json\/wp\/v2\/product_tag?post=581"}],"curies":[{"name":"wp","href":"https:\/\/api.w.org\/{rel}","templated":true}]}}