{"id":5680,"date":"2021-09-15T18:53:56","date_gmt":"2021-09-15T18:53:56","guid":{"rendered":"https:\/\/store.handsomecake.com\/product\/naruto-itachi-bust-13-resin-bueste-von-third-eye-studio\/"},"modified":"2024-06-12T14:56:32","modified_gmt":"2024-06-12T14:56:32","slug":"naruto-itachi-bust-13-resin-bueste-von-third-eye-studio","status":"publish","type":"product","link":"https:\/\/store.handsomecake.com\/en\/product\/naruto-itachi-bust-13-resin-bueste-von-third-eye-studio\/","title":{"rendered":"Naruto &#8211; Itachi Bust | 1:3 Resin B\u00fcste | von Third Eye Studio"},"content":{"rendered":"<p>Naruto &#8211; Itachi Bust &#8218; 1:3 Resin B\u00fcste &#8218; von Third Eye Studio<br \/>\nI do ship EU-wide, please contact me, should questions arise.<\/p>\n<p>Tolle Naruto Statue<br \/>\nWunderbar verarbeitete und sehr detaillierte Uchiha Itachi B\u00fcste aus Polystone &#8211; k\u00fcnstlichem Stein-Harz-Gemisch.<\/p>\n<p>Besonderheiten:<\/p>\n<ul>\n<li>188 St\u00fcck weltweit<\/li>\n<\/ul>\n<p>Release-Status:<\/p>\n<ul>\n<li>Preorder. Statue wird sch\u00e4tzungsweise Q2 2022 fertiggestellt und wir erwarten sie bei uns im Lager gegen Ende August 2022.<\/li>\n<\/ul>\n<p>Wie immer bei meinen Aktionen &#8211; s\u00e4mtliche Geb\u00fchren sind, im Gegensatz zu anderen Angeboten, bereits inkludiert. Versand erfolgt ausschlie\u00dflich aus Deutschland, es fallen keine Zoll- und Importgeb\u00fchren an. Ihr kauft keine Katze im Sack \ud83d\ude42<\/p>\n<p>Ma\u00dfe der Statue:<br \/>\nGr\u00f6\u00dfe: ca. H40cm * W20cm * D18cm<br \/>\nGewicht: TBA, gesch\u00e4tzt: ca. 6kg<\/p>\n<p>You are not prepared! \ud83d\ude42<\/p>","protected":false},"excerpt":{"rendered":"<p>Naruto &#8211; Itachi Bust &#8218; 1:3 Resin B\u00fcste &#8218; von Third Eye Studio I do ship EU-wide, please contact me, should questions arise. Tolle Naruto Statue Wunderbar verarbeitete und sehr detaillierte Uchiha Itachi B\u00fcste aus Polystone &#8211; k\u00fcnstlichem Stein-Harz-Gemisch. Besonderheiten: 188 St\u00fcck weltweit Release-Status: Preorder. Statue wird sch\u00e4tzungsweise Q2 2022 fertiggestellt und wir erwarten sie [&hellip;]<\/p>\n","protected":false},"featured_media":5681,"comment_status":"closed","ping_status":"closed","template":"","meta":[],"product_brand":[],"product_cat":[826,88,84],"product_tag":[656,659,660,657,640,658,147,251,297,298,168,296,169,170,154,136,137],"class_list":{"0":"post-5680","1":"product","2":"type-product","3":"status-publish","4":"has-post-thumbnail","6":"product_cat-lagernd-vor-ort","7":"product_cat-naruto","8":"product_cat-statuen-anime-comic-universum","9":"product_tag-anime-collectibles","10":"product_tag-anime-figuren","11":"product_tag-anime-figuren-naruto","12":"product_tag-anime-figures","13":"product_tag-anime-statuen","14":"product_tag-anime-toys","15":"product_tag-collectibles","16":"product_tag-collectibles-kaufen","17":"product_tag-naruto-akatsuki","18":"product_tag-naruto-akatsuki-nagato","19":"product_tag-naruto-collectibles","20":"product_tag-naruto-collectibles-kaufen","21":"product_tag-naruto-statuen","22":"product_tag-naruto-statuen-kaufen","23":"product_tag-resin-collectibles","24":"product_tag-resin-statuen","25":"product_tag-resin-statuen-kaufen","26":"pa_brand-third-eye-studio","27":"pa_scale-1_to_3","29":"first","30":"outofstock","31":"sale","32":"taxable","33":"shipping-taxable","34":"product-type-simple"},"_links":{"self":[{"href":"https:\/\/store.handsomecake.com\/en\/wp-json\/wp\/v2\/product\/5680","targetHints":{"allow":["GET"]}}],"collection":[{"href":"https:\/\/store.handsomecake.com\/en\/wp-json\/wp\/v2\/product"}],"about":[{"href":"https:\/\/store.handsomecake.com\/en\/wp-json\/wp\/v2\/types\/product"}],"replies":[{"embeddable":true,"href":"https:\/\/store.handsomecake.com\/en\/wp-json\/wp\/v2\/comments?post=5680"}],"wp:featuredmedia":[{"embeddable":true,"href":"https:\/\/store.handsomecake.com\/en\/wp-json\/wp\/v2\/media\/5681"}],"wp:attachment":[{"href":"https:\/\/store.handsomecake.com\/en\/wp-json\/wp\/v2\/media?parent=5680"}],"wp:term":[{"taxonomy":"product_brand","embeddable":true,"href":"https:\/\/store.handsomecake.com\/en\/wp-json\/wp\/v2\/product_brand?post=5680"},{"taxonomy":"product_cat","embeddable":true,"href":"https:\/\/store.handsomecake.com\/en\/wp-json\/wp\/v2\/product_cat?post=5680"},{"taxonomy":"product_tag","embeddable":true,"href":"https:\/\/store.handsomecake.com\/en\/wp-json\/wp\/v2\/product_tag?post=5680"}],"curies":[{"name":"wp","href":"https:\/\/api.w.org\/{rel}","templated":true}]}}