{"id":559,"date":"2020-09-14T23:39:54","date_gmt":"2020-09-14T23:39:54","guid":{"rendered":"https:\/\/store.handsomecake.com\/product\/world-of-warcraft-tyrande-whisperwind-14-resin-statue-von-mayflies-studio\/"},"modified":"2024-06-12T14:29:16","modified_gmt":"2024-06-12T14:29:16","slug":"world-of-warcraft-tyrande-whisperwind-14-resin-statue-von-mayflies-studio","status":"publish","type":"product","link":"https:\/\/store.handsomecake.com\/en\/product\/world-of-warcraft-tyrande-whisperwind-14-resin-statue-von-mayflies-studio\/","title":{"rendered":"World of Warcraft &#8211; Tyrande Whisperwind | 1:4 Resin Statue | von MayFlies Studio"},"content":{"rendered":"<p>World of Warcraft &#8211; Tyrande Whisperwind | 1:4 Resin Statue vom MayFlies Studio. Es handelt sich um die Variante mit der wei\u00dfen Eule (nicht die transparente Eule!)<br \/>\nSpeditionsversand (33 kg Statue).<\/p>\n<p>I do ship EU-wide, please contact me, should questions arise.<\/p>\n<p><span style=\"font-family: Verdana;\"><b>Update 22.10.2020 &#8211; Ware vor Ort lagernd und versandbereit innerhalb von 3 Werktagen.<\/b><\/span><\/p>\n<h4><strong>Ein Moloch von einer World of Warcraft Tyrande Statue<\/strong><\/h4>\n<p>Wunderbar verarbeitete und sehr detaillierte Tyrande Whisperwind Statue aus Polystone &#8211; k\u00fcnstlichem Stein-Harz-Gemisch.<\/p>\n<p>Wie immer bei meinen Aktionen &#8211; s\u00e4mtliche Geb\u00fchren sind, im Gegensatz zu anderen Angeboten, bereits inkludiert. Versand erfolgt ausschlie\u00dflich aus Deutschland, es fallen keine Zoll- und Importgeb\u00fchren an. Ihr kauft keine Katze im Sack \ud83d\ude42<\/p>\n<p>Ma\u00dfe der Statue:<br \/>\n64cm x 46cm x 40cm<br \/>\nGewicht:<br \/>\n33.5kg<\/p>\n<p>You are not prepared! \ud83d\ude42<\/p>","protected":false},"excerpt":{"rendered":"<p>World of Warcraft &#8211; Tyrande Whisperwind | 1:4 Resin Statue vom MayFlies Studio. Es handelt sich um die Variante mit der wei\u00dfen Eule (nicht die transparente Eule!) Speditionsversand (33 kg Statue). I do ship EU-wide, please contact me, should questions arise. Update 22.10.2020 &#8211; Ware vor Ort lagernd und versandbereit innerhalb von 3 Werktagen. Ein [&hellip;]<\/p>\n","protected":false},"featured_media":560,"comment_status":"closed","ping_status":"closed","template":"","meta":[],"product_brand":[],"product_cat":[85,81,567],"product_tag":[147,154,136,137,240,241,242,224,104,239,103],"class_list":{"0":"post-559","1":"product","2":"type-product","3":"status-publish","4":"has-post-thumbnail","6":"product_cat-warcraft","7":"product_cat-statuen-computerspieluniversum","8":"product_cat-in_stock_warehouse_china","9":"product_tag-collectibles","10":"product_tag-resin-collectibles","11":"product_tag-resin-statuen","12":"product_tag-resin-statuen-kaufen","13":"product_tag-tyrande-whisperwind","14":"product_tag-tyrande-whisperwind-collectible","15":"product_tag-tyrande-whisperwind-statue","16":"product_tag-world-of-warcraft-collectibles","17":"product_tag-world-of-warcraft-statuen","18":"product_tag-wow-collectibles","19":"product_tag-wow-statuen","20":"pa_brand-mayflies-studio","21":"pa_scale-1_to_4","23":"first","24":"outofstock","25":"product-type-simple"},"_links":{"self":[{"href":"https:\/\/store.handsomecake.com\/en\/wp-json\/wp\/v2\/product\/559","targetHints":{"allow":["GET"]}}],"collection":[{"href":"https:\/\/store.handsomecake.com\/en\/wp-json\/wp\/v2\/product"}],"about":[{"href":"https:\/\/store.handsomecake.com\/en\/wp-json\/wp\/v2\/types\/product"}],"replies":[{"embeddable":true,"href":"https:\/\/store.handsomecake.com\/en\/wp-json\/wp\/v2\/comments?post=559"}],"wp:featuredmedia":[{"embeddable":true,"href":"https:\/\/store.handsomecake.com\/en\/wp-json\/wp\/v2\/media\/560"}],"wp:attachment":[{"href":"https:\/\/store.handsomecake.com\/en\/wp-json\/wp\/v2\/media?parent=559"}],"wp:term":[{"taxonomy":"product_brand","embeddable":true,"href":"https:\/\/store.handsomecake.com\/en\/wp-json\/wp\/v2\/product_brand?post=559"},{"taxonomy":"product_cat","embeddable":true,"href":"https:\/\/store.handsomecake.com\/en\/wp-json\/wp\/v2\/product_cat?post=559"},{"taxonomy":"product_tag","embeddable":true,"href":"https:\/\/store.handsomecake.com\/en\/wp-json\/wp\/v2\/product_tag?post=559"}],"curies":[{"name":"wp","href":"https:\/\/api.w.org\/{rel}","templated":true}]}}