{"id":551,"date":"2020-09-14T23:39:40","date_gmt":"2020-09-14T23:39:40","guid":{"rendered":"https:\/\/store.handsomecake.com\/product\/pokemon-statue-gba-pikachu-vom-mfc-studio-replika\/"},"modified":"2024-06-12T14:29:12","modified_gmt":"2024-06-12T14:29:12","slug":"pokemon-statue-gba-pikachu-vom-mfc-studio-replika","status":"publish","type":"product","link":"https:\/\/store.handsomecake.com\/en\/product\/pokemon-statue-gba-pikachu-vom-mfc-studio-replika\/","title":{"rendered":"Pokemon Statue &#8218;GBA pikachu&#8216; vom MFC Studio | Replika"},"content":{"rendered":"<p>Pokemon Statue &#8218;GBA pikachu&#8216; vom MFC Studio | Replika<\/p>\n<p>Bei diesem Artikel handelt es sich um eine Replika der Resin Statue &#8218;GBA Pikachu&#8216; vom MFC Studio.<br \/>\nDie Statue ist etwas leichter, da aus PVC und nicht aus Resin (Kunstharz).<\/p>\n<p>Versand ist (im Gegensatz zu anderen Auktionen) nat\u00fcrlich aus Deutschland. Bitte beachtet jedoch die Lieferzeitangaben &#8211; nicht immer sind alle Artikel vorr\u00e4tig und k\u00f6nnen im Lieferr\u00fcckstand sein w\u00e4hrend wir auf Nachschub von unserem Lieferanten warten \ud83d\ude42<\/p>\n<p>Beschreibung:<br \/>\nH\u00f6he: 20cm<br \/>\nGewicht: ca. 0.6 kg<br \/>\nMaterial: PVC<\/p>\n<p>Paket:<br \/>\n1 x\u00a0Replika der Statue &#8218;GBA Pikachu&#8216; vom MFC Studio mit Box<\/p>\n<p>Wir versenden weltweit, die Preise f\u00fcr den weltweiten Versand sind nur Richtwerte und k\u00f6nnen individuell angefragt werden. F\u00fcr deutschlandweiten und EU-weiten Versand sind die Preise genau.<\/p>","protected":false},"excerpt":{"rendered":"<p>Pokemon Statue &#8218;GBA pikachu&#8216; vom MFC Studio | Replika Bei diesem Artikel handelt es sich um eine Replika der Resin Statue &#8218;GBA Pikachu&#8216; vom MFC Studio. Die Statue ist etwas leichter, da aus PVC und nicht aus Resin (Kunstharz). Versand ist (im Gegensatz zu anderen Auktionen) nat\u00fcrlich aus Deutschland. Bitte beachtet jedoch die Lieferzeitangaben &#8211; [&hellip;]<\/p>\n","protected":false},"featured_media":552,"comment_status":"closed","ping_status":"closed","template":"","meta":[],"product_brand":[],"product_cat":[125,84,567],"product_tag":[],"class_list":{"0":"post-551","1":"product","2":"type-product","3":"status-publish","4":"has-post-thumbnail","6":"product_cat-pokemon","7":"product_cat-statuen-anime-comic-universum","8":"product_cat-in_stock_warehouse_china","10":"first","11":"outofstock","12":"taxable","13":"shipping-taxable","14":"product-type-simple"},"_links":{"self":[{"href":"https:\/\/store.handsomecake.com\/en\/wp-json\/wp\/v2\/product\/551","targetHints":{"allow":["GET"]}}],"collection":[{"href":"https:\/\/store.handsomecake.com\/en\/wp-json\/wp\/v2\/product"}],"about":[{"href":"https:\/\/store.handsomecake.com\/en\/wp-json\/wp\/v2\/types\/product"}],"replies":[{"embeddable":true,"href":"https:\/\/store.handsomecake.com\/en\/wp-json\/wp\/v2\/comments?post=551"}],"wp:featuredmedia":[{"embeddable":true,"href":"https:\/\/store.handsomecake.com\/en\/wp-json\/wp\/v2\/media\/552"}],"wp:attachment":[{"href":"https:\/\/store.handsomecake.com\/en\/wp-json\/wp\/v2\/media?parent=551"}],"wp:term":[{"taxonomy":"product_brand","embeddable":true,"href":"https:\/\/store.handsomecake.com\/en\/wp-json\/wp\/v2\/product_brand?post=551"},{"taxonomy":"product_cat","embeddable":true,"href":"https:\/\/store.handsomecake.com\/en\/wp-json\/wp\/v2\/product_cat?post=551"},{"taxonomy":"product_tag","embeddable":true,"href":"https:\/\/store.handsomecake.com\/en\/wp-json\/wp\/v2\/product_tag?post=551"}],"curies":[{"name":"wp","href":"https:\/\/api.w.org\/{rel}","templated":true}]}}