{"id":538,"date":"2020-09-14T23:39:10","date_gmt":"2020-09-14T23:39:10","guid":{"rendered":"https:\/\/store.handsomecake.com\/product\/one-punch-man-saitama-statue-figur-landung\/"},"modified":"2024-06-12T14:29:09","modified_gmt":"2024-06-12T14:29:09","slug":"one-punch-man-saitama-statue-figur-landung","status":"publish","type":"product","link":"https:\/\/store.handsomecake.com\/en\/product\/one-punch-man-saitama-statue-figur-landung\/","title":{"rendered":"One Punch Man &#8211; Saitama Statue\/Figur | Landung"},"content":{"rendered":"<p>Sehr sch\u00f6ne Statue\/Figur vom ultimativen Helden der Stadt Z.<\/p>\n<p>Ma\u00dfe:<\/p>\n<p>Gr\u00f6\u00dfe &#8211; ca. 24cm x 18cm x 18cm<br \/>\nGewicht &#8211; ca. 1.4 kg<\/p>\n<p>Versand wie gewohnt aus Deutschland, euch erwarten also keine versteckten Importgeb\u00fchren, Z\u00f6lle oder heimliche Versandkosten. In der Regel am n\u00e4chsten Tag nach Geldeingang.<\/p>","protected":false},"excerpt":{"rendered":"<p>Sehr sch\u00f6ne Statue\/Figur vom ultimativen Helden der Stadt Z. Ma\u00dfe: Gr\u00f6\u00dfe &#8211; ca. 24cm x 18cm x 18cm Gewicht &#8211; ca. 1.4 kg Versand wie gewohnt aus Deutschland, euch erwarten also keine versteckten Importgeb\u00fchren, Z\u00f6lle oder heimliche Versandkosten. In der Regel am n\u00e4chsten Tag nach Geldeingang.<\/p>","protected":false},"featured_media":539,"comment_status":"closed","ping_status":"closed","template":"","meta":[],"product_brand":[],"product_cat":[126,84],"product_tag":[147,251,383,553,630,632,633,634,631,154,136,137,554,635,637,638,639,636,379,381,552,547],"class_list":{"0":"post-538","1":"product","2":"type-product","3":"status-publish","4":"has-post-thumbnail","6":"product_cat-one-punch-man","7":"product_cat-statuen-anime-comic-universum","8":"product_tag-collectibles","9":"product_tag-collectibles-kaufen","10":"product_tag-collector","11":"product_tag-figure-collector","12":"product_tag-one-punch-man","13":"product_tag-one-punch-man-collectible","14":"product_tag-one-punch-man-figure","15":"product_tag-one-punch-man-figurine","16":"product_tag-one-punch-man-statue","17":"product_tag-resin-collectibles","18":"product_tag-resin-statuen","19":"product_tag-resin-statuen-kaufen","20":"product_tag-resin-statues","21":"product_tag-saitama","22":"product_tag-saitama-collectible","23":"product_tag-saitama-figure","24":"product_tag-saitama-figurine","25":"product_tag-saitama-statue","26":"product_tag-statue-collectible","27":"product_tag-statue-collectibles","28":"product_tag-statue-collector","29":"product_tag-statues-collector","31":"first","32":"outofstock","33":"product-type-simple"},"_links":{"self":[{"href":"https:\/\/store.handsomecake.com\/en\/wp-json\/wp\/v2\/product\/538","targetHints":{"allow":["GET"]}}],"collection":[{"href":"https:\/\/store.handsomecake.com\/en\/wp-json\/wp\/v2\/product"}],"about":[{"href":"https:\/\/store.handsomecake.com\/en\/wp-json\/wp\/v2\/types\/product"}],"replies":[{"embeddable":true,"href":"https:\/\/store.handsomecake.com\/en\/wp-json\/wp\/v2\/comments?post=538"}],"wp:featuredmedia":[{"embeddable":true,"href":"https:\/\/store.handsomecake.com\/en\/wp-json\/wp\/v2\/media\/539"}],"wp:attachment":[{"href":"https:\/\/store.handsomecake.com\/en\/wp-json\/wp\/v2\/media?parent=538"}],"wp:term":[{"taxonomy":"product_brand","embeddable":true,"href":"https:\/\/store.handsomecake.com\/en\/wp-json\/wp\/v2\/product_brand?post=538"},{"taxonomy":"product_cat","embeddable":true,"href":"https:\/\/store.handsomecake.com\/en\/wp-json\/wp\/v2\/product_cat?post=538"},{"taxonomy":"product_tag","embeddable":true,"href":"https:\/\/store.handsomecake.com\/en\/wp-json\/wp\/v2\/product_tag?post=538"}],"curies":[{"name":"wp","href":"https:\/\/api.w.org\/{rel}","templated":true}]}}