{"id":520,"date":"2020-09-14T23:38:19","date_gmt":"2020-09-14T23:38:19","guid":{"rendered":"https:\/\/store.handsomecake.com\/product\/marvels-avengers-collectors-edition-earths-mightiest-edition-xbox-ps4\/"},"modified":"2024-06-12T14:29:02","modified_gmt":"2024-06-12T14:29:02","slug":"marvels-avengers-collectors-edition-earths-mightiest-edition-xbox-ps4","status":"publish","type":"product","link":"https:\/\/store.handsomecake.com\/en\/product\/marvels-avengers-collectors-edition-earths-mightiest-edition-xbox-ps4\/","title":{"rendered":"Marvel&#8217;s Avengers: Collector&#8217;s Edition (Earth&#8217;s Mightiest Edition) | XBOX PS4"},"content":{"rendered":"<p>Collector&#8217;s Edition von Marvel&#8217;s Avengers (Earth&#8217;s Mightiest Edition) | XBOX PS4<\/p>\n<p>Releasetermin: 01.09.2020<\/p>\n<p>Stelle dein Team aus den m\u00e4chtigsten Helden der Erde zusammen, sp\u00fcre deine Kr\u00e4fte und lebe deine Superheldentr\u00e4ume.<br \/>\nMarvel&#8217;s Avengers ist ein episches Third-Person-Action-Adventure, das eine einzigartige, kinoreife Story mit Einzelspieler- und Koop-Gameplay kombiniert. Stelle online ein Team aus bis zu vier Spielern zusammen, meistere au\u00dfergew\u00f6hnliche F\u00e4higkeiten, passe eine immer gr\u00f6\u00dfer werdende Auswahl von Helden an, und verteidige die Erde gegen eskalierende Bedrohungen.<br \/>\nMarvel&#8217;s Avengers beginnt am A-Day, als Captain America, Iron Man, Hulk, Black Widow und Thor ein High-Tech-Hauptquartier der Avengers in San Francisco er\u00f6ffnen. Die Feier endet t\u00f6dlich, als ein mysteri\u00f6ser Feind einen katastrophalen Unfall provoziert, der zu gewaltiger Zerst\u00f6rung f\u00fchrt. Als die Avengers f\u00fcr die Trag\u00f6die verantwortlich gemacht werden, l\u00f6sen sie sich auf. F\u00fcnf Jahre sp\u00e4ter alle Superhelden gelten als Gesetzlose und die Welt ist in Gefahr &#8211; beginnt ein atemberaubendes Abenteuer, als eine entschlossene junge Frau namens Kamala Khan aufbricht, um die Avengers wieder zusammenzubringen und die unkontrollierte Macht einer neuen Geheimorganisation namens AIM zu brechen.<br \/>\nMarvel&#8217;s Avengers setzt die epische Reise mit neuen Helden und Erz\u00e4hlstr\u00e4ngen kontinuierlich fort, um das ultimative Avengers-Spielerlebnis zu schaffen.<\/p>\n<p>Features:<br \/>\nSpiele eine eigenst\u00e4ndige Avengers-Story &#8211; Marvel&#8217;s Avengers bietet eine einzigartige Version der ber\u00fchmten Superhelden, einschlie\u00dflich Captain America, Iron Man, Hulk, Black Widow und Thor. Die Charakter-basierte Story ist voller heldenhaftem Mut und Menschlichkeit, wie von Marvel bekannt, und wird integriert in eine kinoreife Kampagne mit unz\u00e4hligen Einzelspieler- und Koop-Missionen.<br \/>\nSp\u00fcre deine Kr\u00e4fte &#8211; Schalte m\u00e4chtige F\u00e4higkeiten und neue Ausr\u00fcstung frei, und erstelle damit deine bevorzugte Version der m\u00e4chtigsten Helden der Erde. In Kombination mit originalen, bei Fans beliebten und klassischen Outfits ergeben sich nahezu grenzenlose M\u00f6glichkeiten, diese ber\u00fchmten Helden anzupassen.<br \/>\nSpiele im Team online &#8211; Bis zu vier Spieler k\u00f6nnen sich online zusammenschlie\u00dfen, um die Erde gegen eskalierende Bedrohungen zu verteidigen.<br \/>\nEine sich st\u00e4ndig erweiternde Story-Kampagne &#8211; Die Story wird sich \u00fcber mehrere Jahre hinweg entfalten, ohne zufallsbedingte Lootboxen oder Pay-to-Win. Besitzer des Hauptspiels erhalten jeden neuen Superhelden und jede neue Region ohne zus\u00e4tzliche Kosten.<\/p>\n<p>Die Marvel&#8217;s Avengers: Earth&#8217;s Mightiest Edition bietet Erinnerungsst\u00fccke aller Avengers aus dem Spiel:<\/p>\n<p>* vollfarbige\u00a030 cm gro\u00dfen Figur von Captain America.<br \/>\n* Exemplar der Marvel&#8217;s Avengers: Deluxe Edition im exklusiven SteelBook\u00ae<br \/>\n* Hulk-Wackelkopf<br \/>\n* Mj\u00f6lnir-Schl\u00fcsselanh\u00e4nger<br \/>\n* Black Widows G\u00fcrtelschnalle<br \/>\n* Pl\u00e4ne f\u00fcr Iron Mans R\u00fcstungs-Prototypen<br \/>\n* Kamala Khans Ehrenavenger-Anstecknadel<br \/>\n* Avengers-Erinnerungsfoto.<\/p>\n<p>Die Marvel&#8217;s Avengers: Deluxe Edition enth\u00e4lt das exklusive Obsidian-Outfit-Pack f\u00fcr deine Avengers, einschlie\u00dflich Captain America, Iron Man, Black Widow, Thor, Hulk und Ms. Marvel, sowie sechs exklusive Obsidian-Namensschilder f\u00fcr die zus\u00e4tzliche Individualisierung deines Spielerlebnisses. Enth\u00e4lt einen kostenlosen Monat Marvel Unlimited (Online-Comic-Abonnement-Service), solange Vorrat reicht.<\/p>\n<p>Wie immer gilt &#8211; da Privatverkauf, sind Gew\u00e4hrleistungen und Garantie ausgeschlossen.<\/p>","protected":false},"excerpt":{"rendered":"<p>Collector&#8217;s Edition von Marvel&#8217;s Avengers (Earth&#8217;s Mightiest Edition) | XBOX PS4 Releasetermin: 01.09.2020 Stelle dein Team aus den m\u00e4chtigsten Helden der Erde zusammen, sp\u00fcre deine Kr\u00e4fte und lebe deine Superheldentr\u00e4ume. Marvel&#8217;s Avengers ist ein episches Third-Person-Action-Adventure, das eine einzigartige, kinoreife Story mit Einzelspieler- und Koop-Gameplay kombiniert. Stelle online ein Team aus bis zu vier Spielern [&hellip;]<\/p>\n","protected":false},"featured_media":523,"comment_status":"closed","ping_status":"closed","template":"","meta":[],"product_brand":[],"product_cat":[17],"product_tag":[],"class_list":{"0":"post-520","1":"product","2":"type-product","3":"status-publish","4":"has-post-thumbnail","6":"product_cat-collectors-editions","8":"first","9":"instock","10":"product-type-variable"},"_links":{"self":[{"href":"https:\/\/store.handsomecake.com\/en\/wp-json\/wp\/v2\/product\/520","targetHints":{"allow":["GET"]}}],"collection":[{"href":"https:\/\/store.handsomecake.com\/en\/wp-json\/wp\/v2\/product"}],"about":[{"href":"https:\/\/store.handsomecake.com\/en\/wp-json\/wp\/v2\/types\/product"}],"replies":[{"embeddable":true,"href":"https:\/\/store.handsomecake.com\/en\/wp-json\/wp\/v2\/comments?post=520"}],"wp:featuredmedia":[{"embeddable":true,"href":"https:\/\/store.handsomecake.com\/en\/wp-json\/wp\/v2\/media\/523"}],"wp:attachment":[{"href":"https:\/\/store.handsomecake.com\/en\/wp-json\/wp\/v2\/media?parent=520"}],"wp:term":[{"taxonomy":"product_brand","embeddable":true,"href":"https:\/\/store.handsomecake.com\/en\/wp-json\/wp\/v2\/product_brand?post=520"},{"taxonomy":"product_cat","embeddable":true,"href":"https:\/\/store.handsomecake.com\/en\/wp-json\/wp\/v2\/product_cat?post=520"},{"taxonomy":"product_tag","embeddable":true,"href":"https:\/\/store.handsomecake.com\/en\/wp-json\/wp\/v2\/product_tag?post=520"}],"curies":[{"name":"wp","href":"https:\/\/api.w.org\/{rel}","templated":true}]}}