{"id":507,"date":"2020-09-14T23:37:43","date_gmt":"2020-09-14T23:37:43","guid":{"rendered":"https:\/\/store.handsomecake.com\/product\/world-of-warcraft-arthas-menethil-lich-king-statue-von-catfish-studios\/"},"modified":"2024-06-12T14:28:55","modified_gmt":"2024-06-12T14:28:55","slug":"world-of-warcraft-arthas-menethil-lich-king-statue-von-catfish-studios","status":"publish","type":"product","link":"https:\/\/store.handsomecake.com\/en\/product\/world-of-warcraft-arthas-menethil-lich-king-statue-von-catfish-studios\/","title":{"rendered":"World of Warcraft &#8211; Arthas Menethil | Lich King Statue | von CatFish Studios"},"content":{"rendered":"<p>World of Warcraft &#8211; Arthas Menethil | Lich King Statue von den CatFish Studios. Speditionsversand (33 kg Statue).<\/p>\n<p>I do ship EU-wide, please contact me, should questions arise.<\/p>\n<p>Ein Moloch von einer World of Warcraft Arthas Statue. Weltweit auf 200 St\u00fcck begrenzt!<\/p>\n<p>Wunderbar verarbeitete und sehr detaillierte Arthas Menethil (Lich King) Statue aus Polystone &#8211; k\u00fcnstlichem Stein-Harz-Gemisch.<\/p>\n<p>Wie immer bei meinen Aktionen &#8211; s\u00e4mtliche Geb\u00fchren sind, im Gegensatz zu anderen Angeboten, bereits inkludiert. Versand erfolgt ausschlie\u00dflich aus Deutschland, es fallen keine Zoll- und Importgeb\u00fchren an. Ihr kauft keine Katze im Sack \ud83d\ude42<\/p>\n<p>Ma\u00dfe der Statue:<br \/>\n67cm x 53cm x 45cm<br \/>\nGewicht:<br \/>\n33.5kg<\/p>\n<p>You are not prepared! \ud83d\ude42<\/p>","protected":false},"excerpt":{"rendered":"<p>World of Warcraft &#8211; Arthas Menethil | Lich King Statue von den CatFish Studios. Speditionsversand (33 kg Statue). I do ship EU-wide, please contact me, should questions arise. Ein Moloch von einer World of Warcraft Arthas Statue. Weltweit auf 200 St\u00fcck begrenzt! Wunderbar verarbeitete und sehr detaillierte Arthas Menethil (Lich King) Statue aus Polystone &#8211; [&hellip;]<\/p>\n","protected":false},"featured_media":508,"comment_status":"closed","ping_status":"closed","template":"","meta":[],"product_brand":[],"product_cat":[81,85,567],"product_tag":[129,130,128,131],"class_list":{"0":"post-507","1":"product","2":"type-product","3":"status-publish","4":"has-post-thumbnail","6":"product_cat-statuen-computerspieluniversum","7":"product_cat-warcraft","8":"product_cat-in_stock_warehouse_china","9":"product_tag-arthas-menethil-resin-statue","10":"product_tag-arthas-menethil-warcraft","11":"product_tag-vorbestellung","12":"product_tag-warcraft-resin-statue","13":"pa_brand-cat-fish-studio","14":"pa_scale-1_to_4","16":"first","17":"outofstock","18":"taxable","19":"shipping-taxable","20":"product-type-simple"},"_links":{"self":[{"href":"https:\/\/store.handsomecake.com\/en\/wp-json\/wp\/v2\/product\/507","targetHints":{"allow":["GET"]}}],"collection":[{"href":"https:\/\/store.handsomecake.com\/en\/wp-json\/wp\/v2\/product"}],"about":[{"href":"https:\/\/store.handsomecake.com\/en\/wp-json\/wp\/v2\/types\/product"}],"replies":[{"embeddable":true,"href":"https:\/\/store.handsomecake.com\/en\/wp-json\/wp\/v2\/comments?post=507"}],"wp:featuredmedia":[{"embeddable":true,"href":"https:\/\/store.handsomecake.com\/en\/wp-json\/wp\/v2\/media\/508"}],"wp:attachment":[{"href":"https:\/\/store.handsomecake.com\/en\/wp-json\/wp\/v2\/media?parent=507"}],"wp:term":[{"taxonomy":"product_brand","embeddable":true,"href":"https:\/\/store.handsomecake.com\/en\/wp-json\/wp\/v2\/product_brand?post=507"},{"taxonomy":"product_cat","embeddable":true,"href":"https:\/\/store.handsomecake.com\/en\/wp-json\/wp\/v2\/product_cat?post=507"},{"taxonomy":"product_tag","embeddable":true,"href":"https:\/\/store.handsomecake.com\/en\/wp-json\/wp\/v2\/product_tag?post=507"}],"curies":[{"name":"wp","href":"https:\/\/api.w.org\/{rel}","templated":true}]}}