{"id":495,"date":"2020-09-14T23:37:14","date_gmt":"2020-09-14T23:37:14","guid":{"rendered":"https:\/\/store.handsomecake.com\/product\/dragon-ball-z-golden-son-goku-14-resin-statue-von-legendary-collectibles\/"},"modified":"2024-06-12T15:59:40","modified_gmt":"2024-06-12T15:59:40","slug":"dragon-ball-z-golden-son-goku-14-resin-statue-von-legendary-collectibles","status":"publish","type":"product","link":"https:\/\/store.handsomecake.com\/en\/product\/dragon-ball-z-golden-son-goku-14-resin-statue-von-legendary-collectibles\/","title":{"rendered":"Dragon Ball Z &#8211; Golden Son Goku | 1:4 Resin Statue | von Legendary Collectibles"},"content":{"rendered":"<p>Dragon Ball Z &#8211; Son Goku | 1:4 Resin Statue vom Legendary Collectibles Studio. Es handelt sich um die Variante mit dem goldenen Drachen Shenlong (nicht die gr\u00fcne Variante!)<br \/>\nSpeditionsversand (33 kg Statue).<\/p>\n<p>I do ship EU-wide, please contact me, should questions arise.<\/p>\n<p>Ein Moloch von einer Dragon Ball Z Son Goku &amp; Shenlong Statue<\/p>\n<p>Wunderbar verarbeitete und sehr detaillierte Son Goku &amp; Shenlong Statue aus Polystone &#8211; k\u00fcnstlichem Stein-Harz-Gemisch.<\/p>\n<p>Besonderheiten:<\/p>\n<ul>\n<li>2 austauschbare K\u00f6pfe<\/li>\n<li>Der Inhalt der Statue kommt verteilt auf 2 Boxen.<\/li>\n<\/ul>\n<p>Wie immer bei meinen Aktionen &#8211; s\u00e4mtliche Geb\u00fchren sind, im Gegensatz zu anderen Angeboten, bereits inkludiert. Versand erfolgt ausschlie\u00dflich aus Deutschland, es fallen keine Zoll- und Importgeb\u00fchren an. Ihr kauft keine Katze im Sack \ud83d\ude42<\/p>\n<p>Ma\u00dfe der Statue:<br \/>\n2x ca. 75cm x 75cm x 60cm<br \/>\nGewicht:<br \/>\n13.5kg + 20kg<\/p>\n<p>You are not prepared! \ud83d\ude42<\/p>","protected":false},"excerpt":{"rendered":"<p>Dragon Ball Z &#8211; Son Goku | 1:4 Resin Statue vom Legendary Collectibles Studio. Es handelt sich um die Variante mit dem goldenen Drachen Shenlong (nicht die gr\u00fcne Variante!) Speditionsversand (33 kg Statue). I do ship EU-wide, please contact me, should questions arise. Ein Moloch von einer Dragon Ball Z Son Goku &amp; Shenlong Statue [&hellip;]<\/p>\n","protected":false},"featured_media":496,"comment_status":"closed","ping_status":"closed","template":"","meta":[],"product_brand":[],"product_cat":[87,84,567],"product_tag":[],"class_list":{"0":"post-495","1":"product","2":"type-product","3":"status-publish","4":"has-post-thumbnail","6":"product_cat-dragon-ball","7":"product_cat-statuen-anime-comic-universum","8":"product_cat-in_stock_warehouse_china","9":"pa_brand-legendary-collectibles","10":"pa_scale-1_to_4","12":"first","13":"outofstock","14":"sale","15":"taxable","16":"shipping-taxable","17":"product-type-simple"},"_links":{"self":[{"href":"https:\/\/store.handsomecake.com\/en\/wp-json\/wp\/v2\/product\/495","targetHints":{"allow":["GET"]}}],"collection":[{"href":"https:\/\/store.handsomecake.com\/en\/wp-json\/wp\/v2\/product"}],"about":[{"href":"https:\/\/store.handsomecake.com\/en\/wp-json\/wp\/v2\/types\/product"}],"replies":[{"embeddable":true,"href":"https:\/\/store.handsomecake.com\/en\/wp-json\/wp\/v2\/comments?post=495"}],"wp:featuredmedia":[{"embeddable":true,"href":"https:\/\/store.handsomecake.com\/en\/wp-json\/wp\/v2\/media\/496"}],"wp:attachment":[{"href":"https:\/\/store.handsomecake.com\/en\/wp-json\/wp\/v2\/media?parent=495"}],"wp:term":[{"taxonomy":"product_brand","embeddable":true,"href":"https:\/\/store.handsomecake.com\/en\/wp-json\/wp\/v2\/product_brand?post=495"},{"taxonomy":"product_cat","embeddable":true,"href":"https:\/\/store.handsomecake.com\/en\/wp-json\/wp\/v2\/product_cat?post=495"},{"taxonomy":"product_tag","embeddable":true,"href":"https:\/\/store.handsomecake.com\/en\/wp-json\/wp\/v2\/product_tag?post=495"}],"curies":[{"name":"wp","href":"https:\/\/api.w.org\/{rel}","templated":true}]}}