{"id":483,"date":"2020-09-14T23:36:48","date_gmt":"2020-09-14T23:36:48","guid":{"rendered":"https:\/\/store.handsomecake.com\/product\/gt-studio-one-piece-roronoa-zoro-16-scale-resin-statue-replika\/"},"modified":"2024-06-12T14:28:52","modified_gmt":"2024-06-12T14:28:52","slug":"gt-studio-one-piece-roronoa-zoro-16-scale-resin-statue-replika","status":"publish","type":"product","link":"https:\/\/store.handsomecake.com\/en\/product\/gt-studio-one-piece-roronoa-zoro-16-scale-resin-statue-replika\/","title":{"rendered":"GT Studio One-Piece Roronoa Zoro 1:6 Scale Resin Statue &#8211; Replika"},"content":{"rendered":"<p>Anime One Piece &#8211; Roronoa Zoro| Santoryu Country of Gold Land of Wano Figur 50cm. Zustand: Neu. Versand mit Deutsche Post Paket bis 5kg.<\/p>\n<p>I do ship worldwide, please contact me for details!<\/p>\n<p>Wundersch\u00f6ne (und wirklich gro\u00dfe 50cm) Statue von Roronoa Zoro aus dem Anime &#8222;One Piece&#8220;.<\/p>\n<p>Hierbei handelt es sich um die chinesische Version, welche qualit\u00e4tsm\u00e4\u00dfig klein wenig von der japanischen Version abweicht, daf\u00fcr aber wesentlich g\u00fcnstiger ist. Es ist der Nachbau der\u00a01:6 Scale Resin Statue vom GT Studio.<\/p>\n<p>Versand erfolgt &#8211; im Gegensatz zu anderen Auktionen &#8211; aus Deutschland und in der Regel am n\u00e4chsten Tag nach Geldeingang.<\/p>","protected":false},"excerpt":{"rendered":"<p>Anime One Piece &#8211; Roronoa Zoro| Santoryu Country of Gold Land of Wano Figur 50cm. Zustand: Neu. Versand mit Deutsche Post Paket bis 5kg. I do ship worldwide, please contact me for details! Wundersch\u00f6ne (und wirklich gro\u00dfe 50cm) Statue von Roronoa Zoro aus dem Anime &#8222;One Piece&#8220;. Hierbei handelt es sich um die chinesische Version, [&hellip;]<\/p>\n","protected":false},"featured_media":484,"comment_status":"closed","ping_status":"closed","template":"","meta":[],"product_brand":[],"product_cat":[89,84],"product_tag":[],"class_list":{"0":"post-483","1":"product","2":"type-product","3":"status-publish","4":"has-post-thumbnail","6":"product_cat-one-piece","7":"product_cat-statuen-anime-comic-universum","8":"pa_brand-dt-studio","9":"pa_scale-1_to_4","11":"first","12":"outofstock","13":"product-type-simple"},"_links":{"self":[{"href":"https:\/\/store.handsomecake.com\/en\/wp-json\/wp\/v2\/product\/483","targetHints":{"allow":["GET"]}}],"collection":[{"href":"https:\/\/store.handsomecake.com\/en\/wp-json\/wp\/v2\/product"}],"about":[{"href":"https:\/\/store.handsomecake.com\/en\/wp-json\/wp\/v2\/types\/product"}],"replies":[{"embeddable":true,"href":"https:\/\/store.handsomecake.com\/en\/wp-json\/wp\/v2\/comments?post=483"}],"wp:featuredmedia":[{"embeddable":true,"href":"https:\/\/store.handsomecake.com\/en\/wp-json\/wp\/v2\/media\/484"}],"wp:attachment":[{"href":"https:\/\/store.handsomecake.com\/en\/wp-json\/wp\/v2\/media?parent=483"}],"wp:term":[{"taxonomy":"product_brand","embeddable":true,"href":"https:\/\/store.handsomecake.com\/en\/wp-json\/wp\/v2\/product_brand?post=483"},{"taxonomy":"product_cat","embeddable":true,"href":"https:\/\/store.handsomecake.com\/en\/wp-json\/wp\/v2\/product_cat?post=483"},{"taxonomy":"product_tag","embeddable":true,"href":"https:\/\/store.handsomecake.com\/en\/wp-json\/wp\/v2\/product_tag?post=483"}],"curies":[{"name":"wp","href":"https:\/\/api.w.org\/{rel}","templated":true}]}}