{"id":4546,"date":"2021-08-28T13:16:49","date_gmt":"2021-08-28T13:16:49","guid":{"rendered":"https:\/\/store.handsomecake.com\/product\/dragon-ball-z-android-18-14-resin-statue-von-last-sleep-studios\/"},"modified":"2024-08-30T22:28:09","modified_gmt":"2024-08-30T22:28:09","slug":"dragon-ball-z-android-18-14-resin-statue-von-last-sleep-studios","status":"publish","type":"product","link":"https:\/\/store.handsomecake.com\/en\/product\/dragon-ball-z-android-18-14-resin-statue-von-last-sleep-studios\/","title":{"rendered":"Dragon Ball Z &#8211; Android 18 | 1:4 Resin Statue | von Last Sleep Studios"},"content":{"rendered":"<p>Dragon Ball Z &#8211; Android 18 &#8218; 1:4 Resin Statue &#8218; von Last Sleep Studios<\/p>\n<p>I do ship EU-wide, please contact me, should questions arise.<\/p>\n<p>Tolle Statue der sp\u00e4teren Ehefrau von Krillin \ud83d\ude42<\/p>\n<p>Wunderbar verarbeitete und sehr detaillierte Android 18 Statue aus Polystone &#8211; k\u00fcnstlichem Stein-Harz-Gemisch.<\/p>\n<p>Besonderheiten:<\/p>\n<ul>\n<li>3 austauschbare K\u00f6pfe<\/li>\n<li>2 austauschbare Arme<\/li>\n<li>188 St\u00fcck weltweit<\/li>\n<\/ul>\n<p>Release-Status:<\/p>\n<ul>\n<li>Preorder. Statue wird voraussichtlich Q1 2022 released, wir erwarten sie im Lager sch\u00e4tzungsweise Ende Mai 2022.<\/li>\n<\/ul>\n<p>Wie immer bei meinen Aktionen &#8211; s\u00e4mtliche Geb\u00fchren sind, im Gegensatz zu anderen Angeboten, bereits inkludiert. Versand erfolgt ausschlie\u00dflich aus Deutschland, es fallen keine Zoll- und Importgeb\u00fchren an. Ihr kauft keine Katze im Sack \ud83d\ude42<\/p>\n<p>Ma\u00dfe der Statue:<br \/>\nGr\u00f6\u00dfe: ca. 53cm x 37cm x 53cm<br \/>\nGewicht: ca. 19kg<\/p>\n<p>You are not prepared! \ud83d\ude42<\/p>","protected":false},"excerpt":{"rendered":"<p>Dragon Ball Z &#8211; Android 18 &#8218; 1:4 Resin Statue &#8218; von Last Sleep Studios I do ship EU-wide, please contact me, should questions arise. Tolle Statue der sp\u00e4teren Ehefrau von Krillin \ud83d\ude42 Wunderbar verarbeitete und sehr detaillierte Android 18 Statue aus Polystone &#8211; k\u00fcnstlichem Stein-Harz-Gemisch. Besonderheiten: 3 austauschbare K\u00f6pfe 2 austauschbare Arme 188 St\u00fcck [&hellip;]<\/p>\n","protected":false},"featured_media":4547,"comment_status":"closed","ping_status":"closed","template":"","meta":[],"product_brand":[],"product_cat":[87,84,567],"product_tag":[259,261,920,921,922,612,663,664,666,717,794,662,640,658,479,147,251,738,918,919,190,191,97,741,739,795,154,255,136,137,379,381,552,665,380,382,547,718],"class_list":{"0":"post-4546","1":"product","2":"type-product","3":"status-publish","4":"has-post-thumbnail","6":"product_cat-dragon-ball","7":"product_cat-statuen-anime-comic-universum","8":"product_cat-in_stock_warehouse_china","9":"product_tag-android-18","10":"product_tag-android-18-collectible","11":"product_tag-android-18-figur","12":"product_tag-android-18-figurine","13":"product_tag-android-18-toys","14":"product_tag-anime","15":"product_tag-anime-figur-shop","16":"product_tag-anime-figuren-one-piece","17":"product_tag-anime-figuren-shop","18":"product_tag-anime-shop","19":"product_tag-anime-statue","20":"product_tag-anime-statue-shop","21":"product_tag-anime-statuen","22":"product_tag-anime-toys","23":"product_tag-collectible","24":"product_tag-collectibles","25":"product_tag-collectibles-kaufen","26":"product_tag-dragon-ball","27":"product_tag-dragon-ball-android-18","28":"product_tag-dragon-ball-android-18-toy","29":"product_tag-dragon-ball-collectibles","30":"product_tag-dragon-ball-resin","31":"product_tag-dragon-ball-statue","32":"product_tag-dragon-ball-statuen","33":"product_tag-dragon-ball-z","34":"product_tag-handsomecake","35":"product_tag-resin-collectibles","36":"product_tag-resin-collectibles-kaufen","37":"product_tag-resin-statuen","38":"product_tag-resin-statuen-kaufen","39":"product_tag-statue-collectible","40":"product_tag-statue-collectibles","41":"product_tag-statue-collector","42":"product_tag-statuen-shop","43":"product_tag-statues-collectible","44":"product_tag-statues-collectibles","45":"product_tag-statues-collector","46":"product_tag-toys","47":"pa_brand-las-sleep-studio","48":"pa_scale-1_to_4","50":"first","51":"instock","52":"taxable","53":"shipping-taxable","54":"product-type-simple"},"_links":{"self":[{"href":"https:\/\/store.handsomecake.com\/en\/wp-json\/wp\/v2\/product\/4546","targetHints":{"allow":["GET"]}}],"collection":[{"href":"https:\/\/store.handsomecake.com\/en\/wp-json\/wp\/v2\/product"}],"about":[{"href":"https:\/\/store.handsomecake.com\/en\/wp-json\/wp\/v2\/types\/product"}],"replies":[{"embeddable":true,"href":"https:\/\/store.handsomecake.com\/en\/wp-json\/wp\/v2\/comments?post=4546"}],"wp:featuredmedia":[{"embeddable":true,"href":"https:\/\/store.handsomecake.com\/en\/wp-json\/wp\/v2\/media\/4547"}],"wp:attachment":[{"href":"https:\/\/store.handsomecake.com\/en\/wp-json\/wp\/v2\/media?parent=4546"}],"wp:term":[{"taxonomy":"product_brand","embeddable":true,"href":"https:\/\/store.handsomecake.com\/en\/wp-json\/wp\/v2\/product_brand?post=4546"},{"taxonomy":"product_cat","embeddable":true,"href":"https:\/\/store.handsomecake.com\/en\/wp-json\/wp\/v2\/product_cat?post=4546"},{"taxonomy":"product_tag","embeddable":true,"href":"https:\/\/store.handsomecake.com\/en\/wp-json\/wp\/v2\/product_tag?post=4546"}],"curies":[{"name":"wp","href":"https:\/\/api.w.org\/{rel}","templated":true}]}}