{"id":4488,"date":"2021-08-26T16:09:30","date_gmt":"2021-08-26T16:09:30","guid":{"rendered":"https:\/\/store.handsomecake.com\/product\/world-of-warcraft-illidan-stormrage-14-resin-statue-von-windseeker-studio\/"},"modified":"2024-06-12T14:55:17","modified_gmt":"2024-06-12T14:55:17","slug":"world-of-warcraft-illidan-stormrage-14-resin-statue-von-windseeker-studio","status":"publish","type":"product","link":"https:\/\/store.handsomecake.com\/en\/product\/world-of-warcraft-illidan-stormrage-14-resin-statue-von-windseeker-studio\/","title":{"rendered":"World of Warcraft &#8211; Illidan Stormrage | 1:4 Resin Statue | von Windseeker Studio"},"content":{"rendered":"<p>World of Warcraft &#8211; Illidan Stormrage &#8218; 1:4 Resin Statue &#8218; von Windseeker &amp; Stormspace Studio<\/p>\n<p>EU Taxfree! I do ship EU-wide, please contact me, should questions arise.<br \/>\nEU shipping costs are more an estimate and will be recalculated (and you will receive a refund, if shippings costs turn out to be lower in the end).<br \/>\nExample &#8211; some statues are stated as 58cm width. Until they arrive we can&#8217;t guarantee if its the width WITH packaging or without. If it&#8217;s WITH, we fit under the 60cm rule and if the weight is under 31.5kg as well, shipping will be as low as 43.86\u20ac (current DHL price), if the statue is over 60cm with packaging, we will need to engage a hauling company&#8230;<\/p>\n<p>Tolle Statue vom schicksalhaften D\u00e4monenj\u00e4ger<\/p>\n<p>Wunderbar verarbeitete und sehr detaillierte Illidan Stormrage Statue aus Polystone &#8211; k\u00fcnstlichem Stein-Harz-Gemisch.<\/p>\n<p>Besonderheiten:<\/p>\n<ul>\n<li>keine<\/li>\n<\/ul>\n<p>Release-Status:<\/p>\n<ul>\n<li>Preorder. Statue wird voraussichtlich Q1 2022 erscheinen und wir erwarten sie sch\u00e4tzungsweise Ende Mai 2022 in unserem Warenlager.<\/li>\n<\/ul>\n<p>Wie immer bei meinen Artikeln &#8211; s\u00e4mtliche Geb\u00fchren sind, im Gegensatz zu anderen Angeboten, bereits inkludiert. Versand erfolgt ausschlie\u00dflich aus Deutschland, es fallen keine Zoll- und Importgeb\u00fchren an. Ihr kauft keine Katze im Sack \ud83d\ude42<\/p>\n<p>Ma\u00dfe der Statue:<br \/>\nGr\u00f6\u00dfe: ca. 61cm x 45cm x 41cm<br \/>\nGewicht: ca. 18 kg (gesch\u00e4tzt)<\/p>\n<p>You are not prepared! \ud83d\ude42<\/p>","protected":false},"excerpt":{"rendered":"<p>World of Warcraft &#8211; Illidan Stormrage &#8218; 1:4 Resin Statue &#8218; von Windseeker &amp; Stormspace Studio EU Taxfree! I do ship EU-wide, please contact me, should questions arise. EU shipping costs are more an estimate and will be recalculated (and you will receive a refund, if shippings costs turn out to be lower in the [&hellip;]<\/p>\n","protected":false},"featured_media":4489,"comment_status":"closed","ping_status":"closed","template":"","meta":[],"product_brand":[],"product_cat":[568,81,85],"product_tag":[666,717,640,658,479,147,251,383,553,795,908,262,139,138,909,154,255,136,137,554,379,381,552,380,382,547,718,528,18,416,599,131,910,384,224,600,104,103],"class_list":{"0":"post-4488","1":"product","2":"type-product","3":"status-publish","4":"has-post-thumbnail","6":"product_cat-preorder","7":"product_cat-statuen-computerspieluniversum","8":"product_cat-warcraft","9":"product_tag-anime-figuren-shop","10":"product_tag-anime-shop","11":"product_tag-anime-statuen","12":"product_tag-anime-toys","13":"product_tag-collectible","14":"product_tag-collectibles","15":"product_tag-collectibles-kaufen","16":"product_tag-collector","17":"product_tag-figure-collector","18":"product_tag-handsomecake","19":"product_tag-illidan-stormrage","20":"product_tag-illidan-stormrage-collectible","21":"product_tag-illidan-stormrage-resin","22":"product_tag-illidan-stormrage-statue","23":"product_tag-illidan-sturmgrimm","24":"product_tag-resin-collectibles","25":"product_tag-resin-collectibles-kaufen","26":"product_tag-resin-statuen","27":"product_tag-resin-statuen-kaufen","28":"product_tag-resin-statues","29":"product_tag-statue-collectible","30":"product_tag-statue-collectibles","31":"product_tag-statue-collector","32":"product_tag-statues-collectible","33":"product_tag-statues-collectibles","34":"product_tag-statues-collector","35":"product_tag-toys","36":"product_tag-warcraft","37":"product_tag-warcraft-3","38":"product_tag-warcraft-collectibles","39":"product_tag-warcraft-figures","40":"product_tag-warcraft-resin-statue","41":"product_tag-warcraft-toys","42":"product_tag-world-of-warcraft","43":"product_tag-world-of-warcraft-collectibles","44":"product_tag-world-of-warcraft-figures","45":"product_tag-world-of-warcraft-statuen","46":"product_tag-wow-statuen","47":"pa_brand-windseeker-stormspace","48":"pa_scale-1_to_4","50":"first","51":"instock","52":"taxable","53":"shipping-taxable","54":"product-type-variable"},"_links":{"self":[{"href":"https:\/\/store.handsomecake.com\/en\/wp-json\/wp\/v2\/product\/4488","targetHints":{"allow":["GET"]}}],"collection":[{"href":"https:\/\/store.handsomecake.com\/en\/wp-json\/wp\/v2\/product"}],"about":[{"href":"https:\/\/store.handsomecake.com\/en\/wp-json\/wp\/v2\/types\/product"}],"replies":[{"embeddable":true,"href":"https:\/\/store.handsomecake.com\/en\/wp-json\/wp\/v2\/comments?post=4488"}],"wp:featuredmedia":[{"embeddable":true,"href":"https:\/\/store.handsomecake.com\/en\/wp-json\/wp\/v2\/media\/4489"}],"wp:attachment":[{"href":"https:\/\/store.handsomecake.com\/en\/wp-json\/wp\/v2\/media?parent=4488"}],"wp:term":[{"taxonomy":"product_brand","embeddable":true,"href":"https:\/\/store.handsomecake.com\/en\/wp-json\/wp\/v2\/product_brand?post=4488"},{"taxonomy":"product_cat","embeddable":true,"href":"https:\/\/store.handsomecake.com\/en\/wp-json\/wp\/v2\/product_cat?post=4488"},{"taxonomy":"product_tag","embeddable":true,"href":"https:\/\/store.handsomecake.com\/en\/wp-json\/wp\/v2\/product_tag?post=4488"}],"curies":[{"name":"wp","href":"https:\/\/api.w.org\/{rel}","templated":true}]}}