{"id":4386,"date":"2021-08-23T21:36:49","date_gmt":"2021-08-23T21:36:49","guid":{"rendered":"https:\/\/store.handsomecake.com\/product\/dc-comics-superman-14-resin-statue-von-mfa-collectibles\/"},"modified":"2024-06-12T14:54:37","modified_gmt":"2024-06-12T14:54:37","slug":"dc-comics-superman-14-resin-statue-von-mfa-collectibles","status":"publish","type":"product","link":"https:\/\/store.handsomecake.com\/en\/product\/dc-comics-superman-14-resin-statue-von-mfa-collectibles\/","title":{"rendered":"DC Comics &#8211; Superman | 1:4 Resin Statue | von MFA Collectibles &#8211; Black Version"},"content":{"rendered":"<p>DC Comics &#8211; Superman &#8218; 1:4 Resin Statue &#8218; von MFA Collectibles<\/p>\n<p>EU Taxfree! I do ship EU-wide, please contact me, should questions arise.<\/p>\n<p>Tolle Statue von unserem geliebten Sohn von Krypton<br \/>\nWunderbar verarbeitete und sehr detaillierte Statue von Superman aus Polystone &#8211; k\u00fcnstlichem Stein-Harz-Gemisch.<\/p>\n<p>Besonderheiten:<\/p>\n<ul>\n<li>3 austauschbare K\u00f6pfe<\/li>\n<li>2 austauschbare Umhangvarianten<\/li>\n<li>4 austauschbare Arme (2 links 2 rechts)<\/li>\n<li>4 austauschbare &#8222;S&#8220;-Zeichen<\/li>\n<li>weltweit 55 St\u00fcck<\/li>\n<li>Exklusive schwarze Version ebenfalls verf\u00fcgbar (10 St\u00fcck weltweit). Aufpreis: 150\u20ac<\/li>\n<\/ul>\n<p>Release-Status:<\/p>\n<ul>\n<li>Vor Ort Lagernd.<\/li>\n<\/ul>\n<p>Wie immer bei meinen Artikeln &#8211; s\u00e4mtliche Geb\u00fchren sind, im Gegensatz zu anderen Angeboten, bereits inkludiert. Versand erfolgt ausschlie\u00dflich aus Deutschland, es fallen keine Zoll- und Importgeb\u00fchren an. Ihr kauft keine Katze im Sack \ud83d\ude42<\/p>\n<p>Ma\u00dfe der Statue:<br \/>\nGr\u00f6\u00dfe: H91cm x 60cm x 65cm<br \/>\nGewicht: TBA, gesch\u00e4tzt: ca. 28 kg<\/p>\n<p>You are not prepared! \ud83d\ude42<\/p>","protected":false},"excerpt":{"rendered":"<p>DC Comics &#8211; Superman &#8218; 1:4 Resin Statue &#8218; von MFA Collectibles EU Taxfree! I do ship EU-wide, please contact me, should questions arise. Tolle Statue von unserem geliebten Sohn von Krypton Wunderbar verarbeitete und sehr detaillierte Statue von Superman aus Polystone &#8211; k\u00fcnstlichem Stein-Harz-Gemisch. Besonderheiten: 3 austauschbare K\u00f6pfe 2 austauschbare Umhangvarianten 4 austauschbare Arme [&hellip;]<\/p>\n","protected":false},"featured_media":4415,"comment_status":"closed","ping_status":"closed","template":"","meta":[],"product_brand":[],"product_cat":[268,826,84],"product_tag":[666,717,640,658,479,147,251,383,551,282,284,557,281,283,553,795,154,255,136,137,554,379,381,552,380,382,547,550,555,280,556,558,897,718],"class_list":{"0":"post-4386","1":"product","2":"type-product","3":"status-publish","4":"has-post-thumbnail","6":"product_cat-dc","7":"product_cat-lagernd-vor-ort","8":"product_cat-statuen-anime-comic-universum","9":"product_tag-anime-figuren-shop","10":"product_tag-anime-shop","11":"product_tag-anime-statuen","12":"product_tag-anime-toys","13":"product_tag-collectible","14":"product_tag-collectibles","15":"product_tag-collectibles-kaufen","16":"product_tag-collector","17":"product_tag-dc","18":"product_tag-dc-collectibles","19":"product_tag-dc-collectibles-kaufen","20":"product_tag-dc-collector","21":"product_tag-dc-comics","22":"product_tag-dc-comics-collectibles","23":"product_tag-figure-collector","24":"product_tag-handsomecake","25":"product_tag-resin-collectibles","26":"product_tag-resin-collectibles-kaufen","27":"product_tag-resin-statuen","28":"product_tag-resin-statuen-kaufen","29":"product_tag-resin-statues","30":"product_tag-statue-collectible","31":"product_tag-statue-collectibles","32":"product_tag-statue-collector","33":"product_tag-statues-collectible","34":"product_tag-statues-collectibles","35":"product_tag-statues-collector","36":"product_tag-superman","37":"product_tag-superman-collectible","38":"product_tag-superman-collectibles","39":"product_tag-superman-collector","40":"product_tag-superman-statue","41":"product_tag-superman-toys","42":"product_tag-toys","43":"pa_brand-mfa-collectibles","44":"pa_scale-1_to_4","46":"first","47":"instock","48":"taxable","49":"shipping-taxable","50":"product-type-variable","51":"has-default-attributes"},"_links":{"self":[{"href":"https:\/\/store.handsomecake.com\/en\/wp-json\/wp\/v2\/product\/4386","targetHints":{"allow":["GET"]}}],"collection":[{"href":"https:\/\/store.handsomecake.com\/en\/wp-json\/wp\/v2\/product"}],"about":[{"href":"https:\/\/store.handsomecake.com\/en\/wp-json\/wp\/v2\/types\/product"}],"replies":[{"embeddable":true,"href":"https:\/\/store.handsomecake.com\/en\/wp-json\/wp\/v2\/comments?post=4386"}],"wp:featuredmedia":[{"embeddable":true,"href":"https:\/\/store.handsomecake.com\/en\/wp-json\/wp\/v2\/media\/4415"}],"wp:attachment":[{"href":"https:\/\/store.handsomecake.com\/en\/wp-json\/wp\/v2\/media?parent=4386"}],"wp:term":[{"taxonomy":"product_brand","embeddable":true,"href":"https:\/\/store.handsomecake.com\/en\/wp-json\/wp\/v2\/product_brand?post=4386"},{"taxonomy":"product_cat","embeddable":true,"href":"https:\/\/store.handsomecake.com\/en\/wp-json\/wp\/v2\/product_cat?post=4386"},{"taxonomy":"product_tag","embeddable":true,"href":"https:\/\/store.handsomecake.com\/en\/wp-json\/wp\/v2\/product_tag?post=4386"}],"curies":[{"name":"wp","href":"https:\/\/api.w.org\/{rel}","templated":true}]}}