{"id":4365,"date":"2021-08-23T21:35:57","date_gmt":"2021-08-23T21:35:57","guid":{"rendered":"https:\/\/store.handsomecake.com\/product\/marvel-black-panther-comic-14-resin-statue-von-mfa-collectibles\/"},"modified":"2024-06-12T14:54:27","modified_gmt":"2024-06-12T14:54:27","slug":"marvel-black-panther-comic-14-resin-statue-von-mfa-collectibles","status":"publish","type":"product","link":"https:\/\/store.handsomecake.com\/en\/product\/marvel-black-panther-comic-14-resin-statue-von-mfa-collectibles\/","title":{"rendered":"Marvel &#8211; Black Panther (Comic) |1:4 Resin Statue | von MFA Collectibles"},"content":{"rendered":"<p>Marvel &#8211; Black Panther (Comic) &#8218;1:4 Resin Statue &#8218; von MFA Collectibles<br \/>\nEU Taxfree! I do ship EU-wide, please contact me, should questions arise.<\/p>\n<p>Tolle Statue vom furchtlosen Anf\u00fchrer von Wakanda<br \/>\nWunderbar verarbeitete und sehr detaillierte Black Panther aus Polystone &#8211; k\u00fcnstlichem Stein-Harz-Gemisch.<\/p>\n<p>Besonderheiten:<\/p>\n<ul>\n<li>2 austauschbare Kopfvarianten<\/li>\n<li>2 austauschbare Waffen &#8211; Speer und Kralle<\/li>\n<li>weltweit nur 50 St\u00fcck<\/li>\n<\/ul>\n<p>Release-Status:<\/p>\n<ul>\n<li>In Stock<\/li>\n<\/ul>\n<p>Wie immer bei meinen Aktionen &#8211; s\u00e4mtliche Geb\u00fchren sind, im Gegensatz zu anderen Angeboten, bereits inkludiert. Versand erfolgt ausschlie\u00dflich aus Deutschland, es fallen keine Zoll- und Importgeb\u00fchren an. Ihr kauft keine Katze im Sack \ud83d\ude42<\/p>\n<p>Ma\u00dfe der Statue:<br \/>\nGr\u00f6\u00dfe: ca. H63.5cm x W51cm x D60cm<br \/>\nGewicht: TBA, gesch\u00e4tzt: ca. 21kg<\/p>\n<p>You are not prepared! \ud83d\ude42<\/p>","protected":false},"excerpt":{"rendered":"<p>Marvel &#8211; Black Panther (Comic) &#8218;1:4 Resin Statue &#8218; von MFA Collectibles EU Taxfree! I do ship EU-wide, please contact me, should questions arise. Tolle Statue vom furchtlosen Anf\u00fchrer von Wakanda Wunderbar verarbeitete und sehr detaillierte Black Panther aus Polystone &#8211; k\u00fcnstlichem Stein-Harz-Gemisch. Besonderheiten: 2 austauschbare Kopfvarianten 2 austauschbare Waffen &#8211; Speer und Kralle weltweit [&hellip;]<\/p>\n","protected":false},"featured_media":4366,"comment_status":"closed","ping_status":"closed","template":"","meta":[],"product_brand":[],"product_cat":[826,269,84],"product_tag":[666,717,640,658,302,667,304,899,670,900,479,147,251,383,553,795,271,272,273,862,898,154,255,136,137,554,379,381,552,380,382,547,718],"class_list":{"0":"post-4365","1":"product","2":"type-product","3":"status-publish","4":"has-post-thumbnail","6":"product_cat-lagernd-vor-ort","7":"product_cat-marvel","8":"product_cat-statuen-anime-comic-universum","9":"product_tag-anime-figuren-shop","10":"product_tag-anime-shop","11":"product_tag-anime-statuen","12":"product_tag-anime-toys","13":"product_tag-black-panther","14":"product_tag-black-panther-collectible","15":"product_tag-black-panther-collectibles","16":"product_tag-black-panther-collector","17":"product_tag-black-panther-statue","18":"product_tag-black-panther-toys","19":"product_tag-collectible","20":"product_tag-collectibles","21":"product_tag-collectibles-kaufen","22":"product_tag-collector","23":"product_tag-figure-collector","24":"product_tag-handsomecake","25":"product_tag-marvel","26":"product_tag-marvel-collectibles","27":"product_tag-marvel-collectibles-kaufen","28":"product_tag-marvel-collector","29":"product_tag-marvel-toys","30":"product_tag-resin-collectibles","31":"product_tag-resin-collectibles-kaufen","32":"product_tag-resin-statuen","33":"product_tag-resin-statuen-kaufen","34":"product_tag-resin-statues","35":"product_tag-statue-collectible","36":"product_tag-statue-collectibles","37":"product_tag-statue-collector","38":"product_tag-statues-collectible","39":"product_tag-statues-collectibles","40":"product_tag-statues-collector","41":"product_tag-toys","42":"pa_brand-mfa-collectibles","44":"first","45":"instock","46":"taxable","47":"shipping-taxable","48":"product-type-variable"},"_links":{"self":[{"href":"https:\/\/store.handsomecake.com\/en\/wp-json\/wp\/v2\/product\/4365","targetHints":{"allow":["GET"]}}],"collection":[{"href":"https:\/\/store.handsomecake.com\/en\/wp-json\/wp\/v2\/product"}],"about":[{"href":"https:\/\/store.handsomecake.com\/en\/wp-json\/wp\/v2\/types\/product"}],"replies":[{"embeddable":true,"href":"https:\/\/store.handsomecake.com\/en\/wp-json\/wp\/v2\/comments?post=4365"}],"wp:featuredmedia":[{"embeddable":true,"href":"https:\/\/store.handsomecake.com\/en\/wp-json\/wp\/v2\/media\/4366"}],"wp:attachment":[{"href":"https:\/\/store.handsomecake.com\/en\/wp-json\/wp\/v2\/media?parent=4365"}],"wp:term":[{"taxonomy":"product_brand","embeddable":true,"href":"https:\/\/store.handsomecake.com\/en\/wp-json\/wp\/v2\/product_brand?post=4365"},{"taxonomy":"product_cat","embeddable":true,"href":"https:\/\/store.handsomecake.com\/en\/wp-json\/wp\/v2\/product_cat?post=4365"},{"taxonomy":"product_tag","embeddable":true,"href":"https:\/\/store.handsomecake.com\/en\/wp-json\/wp\/v2\/product_tag?post=4365"}],"curies":[{"name":"wp","href":"https:\/\/api.w.org\/{rel}","templated":true}]}}