{"id":4349,"date":"2021-08-23T21:35:17","date_gmt":"2021-08-23T21:35:17","guid":{"rendered":"https:\/\/store.handsomecake.com\/product\/king-of-fighters-mai-shiranui-13-resin-statue-von-faceted-pebble-studio\/"},"modified":"2024-07-19T20:30:21","modified_gmt":"2024-07-19T20:30:21","slug":"king-of-fighters-mai-shiranui-13-resin-statue-von-faceted-pebble-studio","status":"publish","type":"product","link":"https:\/\/store.handsomecake.com\/en\/product\/king-of-fighters-mai-shiranui-13-resin-statue-von-faceted-pebble-studio\/","title":{"rendered":"King of Fighters &#8211; Mai Shiranui | 1:3 Resin Statue | von Faceted Pebble Studio"},"content":{"rendered":"<p><strong>King of Fighters &#8211; Mai Shiranui &#8218; 1:3 Resin Statue &#8218; von Faceted Pebble Studio<\/strong><\/p>\n<p>EU Taxfree! I do ship EU-wide, please contact me, should questions arise.<\/p>\n<p>Tolle Statue des Alluring Ninja GirlsWunderbar verarbeitete und sehr detaillierte Statue von Mai Shiranui aus Polystone &#8211; k\u00fcnstlichem Stein-Harz-Gemisch.<\/p>\n<p><strong>Besonderheiten:<\/strong><\/p>\n<ul>\n<li>Deluxe Variante mit Oberk\u00f6rper aus hochwertigem Silikon und realistischer Hautoberfl\u00e4che<\/li>\n<li>weltweit 99 St\u00fcck<\/li>\n<li><span class=\"HwtZe\" lang=\"de\"><span class=\"jCAhz ChMk0b\"><span class=\"ryNqvb\">Statue aus PU-Material<\/span><\/span><\/span><\/li>\n<\/ul>\n<p><strong>Release-Status:<\/strong><\/p>\n<ul>\n<li>\n<p class=\"p1\">Lagernd vor Ort \/ In Stock in Germany. Versandfertig in ca. 5 Werktagen.<\/p>\n<\/li>\n<\/ul>\n<p>Wie immer bei meinen Artikeln &#8211; s\u00e4mtliche Geb\u00fchren sind, im Gegensatz zu anderen Angeboten, bereits inkludiert. Versand erfolgt ausschlie\u00dflich aus Deutschland, es fallen keine Zoll- und Importgeb\u00fchren an. Ihr kauft keine Katze im Sack \ud83d\ude42<\/p>\n<p><strong>Ma\u00dfe der Statue:<\/strong><\/p>\n<ul>\n<li>Gr\u00f6\u00dfe: ca. 68cm x 40cm x 27cm (gesch\u00e4tzt)<\/li>\n<li>Gewicht: ca. 16kg (gesch\u00e4tzt)<\/li>\n<\/ul>\n<p>You are not prepared! \ud83d\ude42<\/p>","protected":false},"excerpt":{"rendered":"<p>King of Fighters &#8211; Mai Shiranui &#8218; 1:3 Resin Statue &#8218; von Faceted Pebble Studio EU Taxfree! I do ship EU-wide, please contact me, should questions arise. Tolle Statue des Alluring Ninja GirlsWunderbar verarbeitete und sehr detaillierte Statue von Mai Shiranui aus Polystone &#8211; k\u00fcnstlichem Stein-Harz-Gemisch. Besonderheiten: Deluxe Variante mit Oberk\u00f6rper aus hochwertigem Silikon und [&hellip;]<\/p>\n","protected":false},"featured_media":26140,"comment_status":"closed","ping_status":"closed","template":"","meta":[],"product_brand":[],"product_cat":[826,184],"product_tag":[],"class_list":{"0":"post-4349","1":"product","2":"type-product","3":"status-publish","4":"has-post-thumbnail","6":"product_cat-lagernd-vor-ort","7":"product_cat-sonstige-resin-statuen","8":"pa_brand-faceted-pebble","9":"pa_scale-1_to_3","11":"first","12":"outofstock","13":"taxable","14":"shipping-taxable","15":"product-type-simple"},"_links":{"self":[{"href":"https:\/\/store.handsomecake.com\/en\/wp-json\/wp\/v2\/product\/4349","targetHints":{"allow":["GET"]}}],"collection":[{"href":"https:\/\/store.handsomecake.com\/en\/wp-json\/wp\/v2\/product"}],"about":[{"href":"https:\/\/store.handsomecake.com\/en\/wp-json\/wp\/v2\/types\/product"}],"replies":[{"embeddable":true,"href":"https:\/\/store.handsomecake.com\/en\/wp-json\/wp\/v2\/comments?post=4349"}],"wp:featuredmedia":[{"embeddable":true,"href":"https:\/\/store.handsomecake.com\/en\/wp-json\/wp\/v2\/media\/26140"}],"wp:attachment":[{"href":"https:\/\/store.handsomecake.com\/en\/wp-json\/wp\/v2\/media?parent=4349"}],"wp:term":[{"taxonomy":"product_brand","embeddable":true,"href":"https:\/\/store.handsomecake.com\/en\/wp-json\/wp\/v2\/product_brand?post=4349"},{"taxonomy":"product_cat","embeddable":true,"href":"https:\/\/store.handsomecake.com\/en\/wp-json\/wp\/v2\/product_cat?post=4349"},{"taxonomy":"product_tag","embeddable":true,"href":"https:\/\/store.handsomecake.com\/en\/wp-json\/wp\/v2\/product_tag?post=4349"}],"curies":[{"name":"wp","href":"https:\/\/api.w.org\/{rel}","templated":true}]}}