{"id":428,"date":"2020-08-28T23:30:41","date_gmt":"2020-08-28T23:30:41","guid":{"rendered":"https:\/\/store.handsomecake.com\/product\/dream-studio-one-piece-roronoa-zoro-15-scale-resin-statue-2\/"},"modified":"2024-06-12T14:28:31","modified_gmt":"2024-06-12T14:28:31","slug":"dream-studio-one-piece-roronoa-zoro-15-scale-resin-statue-2","status":"publish","type":"product","link":"https:\/\/store.handsomecake.com\/en\/product\/dream-studio-one-piece-roronoa-zoro-15-scale-resin-statue-2\/","title":{"rendered":"One Piece | PVC Replika der Dream Studio Roronoa Zoro 1:5 Scale Resin Statue"},"content":{"rendered":"<p>One Piece | PVC Replika der Dream Studio Roronoa Zoro 1:5 Scale Resin Statue<\/p>\n<p>Wundervoller Nachbau der Statue von unserem geliebten Schwertmeister.<\/p>\n<p>Besonderheiten:<\/p>\n<ul>\n<li>Schwerter sind individuell austauschbar<\/li>\n<li>Es gibt 2 Kopfvarianten, welche man austauschen kann<\/li>\n<\/ul>\n<p>Eigenschaften:<\/p>\n<ul>\n<li>Ma\u00dfe: ca. 40cm x 26cm x 26cm<\/li>\n<li>Gewicht: ca. 1.6kg<\/li>\n<\/ul>\n<p>Die Ware wird in der Regel am n\u00e4chsten Werktag nach Geldeingang versendet.<br \/>\nVersand erfolgt &#8211; im Gegensatz zu vielen anderen Auktionen &#8211; aus Deutschland, es fallen also keine versteckten Zoll- und Bearbeitungsgeb\u00fchren an. Bitte beachtet jedoch die Lieferzeitangaben &#8211; nicht immer sind alle Artikel vorr\u00e4tig und k\u00f6nnen im Lieferr\u00fcckstand sein w\u00e4hrend wir auf Nachschub von unserem Lieferanten warten \ud83d\ude42<\/p>","protected":false},"excerpt":{"rendered":"<p>One Piece | PVC Replika der Dream Studio Roronoa Zoro 1:5 Scale Resin Statue Wundervoller Nachbau der Statue von unserem geliebten Schwertmeister. Besonderheiten: Schwerter sind individuell austauschbar Es gibt 2 Kopfvarianten, welche man austauschen kann Eigenschaften: Ma\u00dfe: ca. 40cm x 26cm x 26cm Gewicht: ca. 1.6kg Die Ware wird in der Regel am n\u00e4chsten Werktag [&hellip;]<\/p>\n","protected":false},"featured_media":436,"comment_status":"closed","ping_status":"closed","template":"","meta":[],"product_brand":[],"product_cat":[89],"product_tag":[],"class_list":{"0":"post-428","1":"product","2":"type-product","3":"status-publish","4":"has-post-thumbnail","6":"product_cat-one-piece","7":"pa_scale-1_to_5","9":"first","10":"outofstock","11":"sale","12":"taxable","13":"shipping-taxable","14":"product-type-simple"},"_links":{"self":[{"href":"https:\/\/store.handsomecake.com\/en\/wp-json\/wp\/v2\/product\/428","targetHints":{"allow":["GET"]}}],"collection":[{"href":"https:\/\/store.handsomecake.com\/en\/wp-json\/wp\/v2\/product"}],"about":[{"href":"https:\/\/store.handsomecake.com\/en\/wp-json\/wp\/v2\/types\/product"}],"replies":[{"embeddable":true,"href":"https:\/\/store.handsomecake.com\/en\/wp-json\/wp\/v2\/comments?post=428"}],"wp:featuredmedia":[{"embeddable":true,"href":"https:\/\/store.handsomecake.com\/en\/wp-json\/wp\/v2\/media\/436"}],"wp:attachment":[{"href":"https:\/\/store.handsomecake.com\/en\/wp-json\/wp\/v2\/media?parent=428"}],"wp:term":[{"taxonomy":"product_brand","embeddable":true,"href":"https:\/\/store.handsomecake.com\/en\/wp-json\/wp\/v2\/product_brand?post=428"},{"taxonomy":"product_cat","embeddable":true,"href":"https:\/\/store.handsomecake.com\/en\/wp-json\/wp\/v2\/product_cat?post=428"},{"taxonomy":"product_tag","embeddable":true,"href":"https:\/\/store.handsomecake.com\/en\/wp-json\/wp\/v2\/product_tag?post=428"}],"curies":[{"name":"wp","href":"https:\/\/api.w.org\/{rel}","templated":true}]}}