{"id":4274,"date":"2021-08-13T20:02:10","date_gmt":"2021-08-13T20:02:10","guid":{"rendered":"https:\/\/store.handsomecake.com\/product\/dragon-ball-z-son-gohan-ssj2-16-resin-statue-von-dayu-studio\/"},"modified":"2025-03-29T18:45:22","modified_gmt":"2025-03-29T18:45:22","slug":"dragon-ball-z-son-gohan-ssj2-16-resin-statue-von-dayu-studio","status":"publish","type":"product","link":"https:\/\/store.handsomecake.com\/en\/product\/dragon-ball-z-son-gohan-ssj2-16-resin-statue-von-dayu-studio\/","title":{"rendered":"Dragon Ball Z &#8211; Son Gohan SSJ2 | 1:6 Resin Statue | von DaYu Studio"},"content":{"rendered":"<p>Dragon Ball Z &#8211; Son Gohan SSJ2 &#8218; 1:4 Resin Statue &#8218; von DaYu Studio<\/p>\n<p>I do ship EU-wide, please contact me, should questions arise.<br \/>\nTolle Statue von Gokus Sohn<\/p>\n<p>Wunderbar verarbeitete und sehr detaillierte Gohan vs. Cell Juniors Statue aus Polystone &#8211; k\u00fcnstlichem Stein-Harz-Gemisch. Unglaubliche variabel, was die einzelnen K\u00f6rperteile angeht.<\/p>\n<p>Besonderheiten:<\/p>\n<ul>\n<li>2 austauschbare Kopfsets<\/li>\n<li>2 austauschbare Armsets<\/li>\n<li>Deluxe Version mit fluoreszierendem Effekt bei der Angriffshand<\/li>\n<li>LED im Sockel<\/li>\n<\/ul>\n<p>Release-Status:<\/p>\n<ul>\n<li>Im Warenlager in China. Ab Bestellzeitpunkt in ca. 3-4 Monaten bei euch.<\/li>\n<\/ul>\n<p>Wie immer bei meinen Artikeln &#8211; s\u00e4mtliche Geb\u00fchren sind, im Gegensatz zu anderen Angeboten, bereits inkludiert. Versand erfolgt ausschlie\u00dflich aus Deutschland, es fallen keine Zoll- und Importgeb\u00fchren an. Ihr kauft keine Katze im Sack \ud83d\ude42<\/p>\n<p>Ma\u00dfe der Statue:<br \/>\nGr\u00f6\u00dfe: ca. 49cm x 31cm x 30cm<br \/>\nGewicht: 7 kg<\/p>\n<p>You are not prepared! \ud83d\ude42<\/p>","protected":false},"excerpt":{"rendered":"<p>Dragon Ball Z &#8211; Son Gohan SSJ2 &#8218; 1:4 Resin Statue &#8218; von DaYu Studio I do ship EU-wide, please contact me, should questions arise. Tolle Statue von Gokus Sohn Wunderbar verarbeitete und sehr detaillierte Gohan vs. Cell Juniors Statue aus Polystone &#8211; k\u00fcnstlichem Stein-Harz-Gemisch. Unglaubliche variabel, was die einzelnen K\u00f6rperteile angeht. Besonderheiten: 2 austauschbare [&hellip;]<\/p>\n","protected":false},"featured_media":4296,"comment_status":"closed","ping_status":"closed","template":"","meta":[],"product_brand":[],"product_cat":[87,84,567],"product_tag":[612,656,657,658,147,251,190,191,97,386,795,154,136,137,889,388,890,387,379,381,380,382,718],"class_list":{"0":"post-4274","1":"product","2":"type-product","3":"status-publish","4":"has-post-thumbnail","6":"product_cat-dragon-ball","7":"product_cat-statuen-anime-comic-universum","8":"product_cat-in_stock_warehouse_china","9":"product_tag-anime","10":"product_tag-anime-collectibles","11":"product_tag-anime-figures","12":"product_tag-anime-toys","13":"product_tag-collectibles","14":"product_tag-collectibles-kaufen","15":"product_tag-dragon-ball-collectibles","16":"product_tag-dragon-ball-resin","17":"product_tag-dragon-ball-statue","18":"product_tag-dragon-ball-z-son-gohan","19":"product_tag-handsomecake","20":"product_tag-resin-collectibles","21":"product_tag-resin-statuen","22":"product_tag-resin-statuen-kaufen","23":"product_tag-son-gohan","24":"product_tag-son-gohan-collectible","25":"product_tag-son-gohan-figurine","26":"product_tag-son-gohan-statue","27":"product_tag-statue-collectible","28":"product_tag-statue-collectibles","29":"product_tag-statues-collectible","30":"product_tag-statues-collectibles","31":"product_tag-toys","32":"pa_brand-dayu-studio","33":"pa_scale-1_to_6","35":"first","36":"outofstock","37":"product-type-simple"},"_links":{"self":[{"href":"https:\/\/store.handsomecake.com\/en\/wp-json\/wp\/v2\/product\/4274","targetHints":{"allow":["GET"]}}],"collection":[{"href":"https:\/\/store.handsomecake.com\/en\/wp-json\/wp\/v2\/product"}],"about":[{"href":"https:\/\/store.handsomecake.com\/en\/wp-json\/wp\/v2\/types\/product"}],"replies":[{"embeddable":true,"href":"https:\/\/store.handsomecake.com\/en\/wp-json\/wp\/v2\/comments?post=4274"}],"wp:featuredmedia":[{"embeddable":true,"href":"https:\/\/store.handsomecake.com\/en\/wp-json\/wp\/v2\/media\/4296"}],"wp:attachment":[{"href":"https:\/\/store.handsomecake.com\/en\/wp-json\/wp\/v2\/media?parent=4274"}],"wp:term":[{"taxonomy":"product_brand","embeddable":true,"href":"https:\/\/store.handsomecake.com\/en\/wp-json\/wp\/v2\/product_brand?post=4274"},{"taxonomy":"product_cat","embeddable":true,"href":"https:\/\/store.handsomecake.com\/en\/wp-json\/wp\/v2\/product_cat?post=4274"},{"taxonomy":"product_tag","embeddable":true,"href":"https:\/\/store.handsomecake.com\/en\/wp-json\/wp\/v2\/product_tag?post=4274"}],"curies":[{"name":"wp","href":"https:\/\/api.w.org\/{rel}","templated":true}]}}