{"id":4209,"date":"2021-08-10T20:25:42","date_gmt":"2021-08-10T20:25:42","guid":{"rendered":"https:\/\/store.handsomecake.com\/product\/marvel-lucas-bishop-x-men-14-resin-statue-von-imaginary-koncepts\/"},"modified":"2024-06-12T14:53:26","modified_gmt":"2024-06-12T14:53:26","slug":"marvel-lucas-bishop-x-men-14-resin-statue-von-imaginary-koncepts","status":"publish","type":"product","link":"https:\/\/store.handsomecake.com\/en\/product\/marvel-lucas-bishop-x-men-14-resin-statue-von-imaginary-koncepts\/","title":{"rendered":"Marvel &#8211; Lucas Bishop X-Men | 1:4 Resin Statue | von Imaginary Koncepts"},"content":{"rendered":"<p>Marvel &#8211; Lucas Bishop X-Men &#8218; 1:4 Resin Statue &#8218; von Imaginary Koncepts<br \/>\nEU Taxfree! I do ship EU-wide, please contact me, should questions arise.<\/p>\n<p>Ca. 45 cm gro\u00dfe Statue unseres geliebten Marvel &#8222;Energieabsaugers&#8220;<br \/>\nWunderbar verarbeitete und sehr detaillierte Statue von Lucas Bishop aus Polystone &#8211; k\u00fcnstlichem Stein-Harz-Gemisch.<\/p>\n<p>Besonderheiten:<\/p>\n<ul>\n<li>3 austauschbare Kopfvarianten<\/li>\n<li>3 austauschbare Schalvarianten<\/li>\n<li>2 Armsets<\/li>\n<li>weltweit nur 40 St\u00fcck<\/li>\n<\/ul>\n<p>Release-Status:<\/p>\n<ul>\n<li>Release Q1 2023 erwartet, bei uns im Lager voraussichtlich Ende Juni 2023.<\/li>\n<\/ul>\n<p>Wie immer bei meinen Artikeln &#8211; s\u00e4mtliche Geb\u00fchren sind, im Gegensatz zu anderen Angeboten, bereits inkludiert. Versand erfolgt ausschlie\u00dflich aus Deutschland, es fallen keine Zoll- und Importgeb\u00fchren an. Ihr kauft keine Katze im Sack \ud83d\ude42<\/p>\n<p>Ma\u00dfe der Statue:<br \/>\nGr\u00f6\u00dfe: ca. 46cm x 33cm x 41cm (gesch\u00e4tzt)<br \/>\nGewicht: ca. 16kg (gesch\u00e4tzt)<\/p>\n<p>You are not prepared! \ud83d\ude42<\/p>","protected":false},"excerpt":{"rendered":"<p>Marvel &#8211; Lucas Bishop X-Men &#8218; 1:4 Resin Statue &#8218; von Imaginary Koncepts EU Taxfree! I do ship EU-wide, please contact me, should questions arise. Ca. 45 cm gro\u00dfe Statue unseres geliebten Marvel &#8222;Energieabsaugers&#8220; Wunderbar verarbeitete und sehr detaillierte Statue von Lucas Bishop aus Polystone &#8211; k\u00fcnstlichem Stein-Harz-Gemisch. Besonderheiten: 3 austauschbare Kopfvarianten 3 austauschbare Schalvarianten [&hellip;]<\/p>\n","protected":false},"featured_media":4210,"comment_status":"closed","ping_status":"closed","template":"","meta":[],"product_brand":[],"product_cat":[268,568,84],"product_tag":[612,659,666,658,882,884,147,251,383,553,795,883,271,272,862,863,864,154,136,554,379,381,552,547,870,869,868,865,885,867],"class_list":{"0":"post-4209","1":"product","2":"type-product","3":"status-publish","4":"has-post-thumbnail","6":"product_cat-dc","7":"product_cat-preorder","8":"product_cat-statuen-anime-comic-universum","9":"product_tag-anime","10":"product_tag-anime-figuren","11":"product_tag-anime-figuren-shop","12":"product_tag-anime-toys","13":"product_tag-bishop","14":"product_tag-bishop-statue","15":"product_tag-collectibles","16":"product_tag-collectibles-kaufen","17":"product_tag-collector","18":"product_tag-figure-collector","19":"product_tag-handsomecake","20":"product_tag-lucas-bishop","21":"product_tag-marvel","22":"product_tag-marvel-collectibles","23":"product_tag-marvel-collector","24":"product_tag-marvel-comics","25":"product_tag-marvel-comics-collectibles","26":"product_tag-resin-collectibles","27":"product_tag-resin-statuen","28":"product_tag-resin-statues","29":"product_tag-statue-collectible","30":"product_tag-statue-collectibles","31":"product_tag-statue-collector","32":"product_tag-statues-collector","33":"product_tag-x-men-collectibles","34":"product_tag-x-men-resin","35":"product_tag-x-men-statues","36":"product_tag-x-men","37":"product_tag-x-men-bishop","38":"product_tag-x-men-toys","39":"pa_brand-imaginary-koncepts","40":"pa_scale-1_to_4","42":"first","43":"outofstock","44":"taxable","45":"shipping-taxable","46":"product-type-variable"},"_links":{"self":[{"href":"https:\/\/store.handsomecake.com\/en\/wp-json\/wp\/v2\/product\/4209","targetHints":{"allow":["GET"]}}],"collection":[{"href":"https:\/\/store.handsomecake.com\/en\/wp-json\/wp\/v2\/product"}],"about":[{"href":"https:\/\/store.handsomecake.com\/en\/wp-json\/wp\/v2\/types\/product"}],"replies":[{"embeddable":true,"href":"https:\/\/store.handsomecake.com\/en\/wp-json\/wp\/v2\/comments?post=4209"}],"wp:featuredmedia":[{"embeddable":true,"href":"https:\/\/store.handsomecake.com\/en\/wp-json\/wp\/v2\/media\/4210"}],"wp:attachment":[{"href":"https:\/\/store.handsomecake.com\/en\/wp-json\/wp\/v2\/media?parent=4209"}],"wp:term":[{"taxonomy":"product_brand","embeddable":true,"href":"https:\/\/store.handsomecake.com\/en\/wp-json\/wp\/v2\/product_brand?post=4209"},{"taxonomy":"product_cat","embeddable":true,"href":"https:\/\/store.handsomecake.com\/en\/wp-json\/wp\/v2\/product_cat?post=4209"},{"taxonomy":"product_tag","embeddable":true,"href":"https:\/\/store.handsomecake.com\/en\/wp-json\/wp\/v2\/product_tag?post=4209"}],"curies":[{"name":"wp","href":"https:\/\/api.w.org\/{rel}","templated":true}]}}