{"id":4173,"date":"2021-08-07T21:03:14","date_gmt":"2021-08-07T21:03:14","guid":{"rendered":"https:\/\/store.handsomecake.com\/product\/dc-comic-wonder-woman-femme-fatale-14-resin-statue-von-mfa-collectibles\/"},"modified":"2025-09-07T23:28:04","modified_gmt":"2025-09-07T23:28:04","slug":"dc-comic-wonder-woman-femme-fatale-14-resin-statue-von-mfa-collectibles","status":"publish","type":"product","link":"https:\/\/store.handsomecake.com\/en\/product\/dc-comic-wonder-woman-femme-fatale-14-resin-statue-von-mfa-collectibles\/","title":{"rendered":"DC Comics &#8211; Wonder Woman (Femme Fatale) | 1:4 Resin Statue | von MFA Collectibles"},"content":{"rendered":"<p>Marvel &#8211; Wonder Woman (Femme Fatale) &#8218; 1:4 Resin Statue &#8218; von MFA Collectibles<br \/>\nEU Taxfree! I do ship EU-wide, please contact me, should questions arise.<\/p>\n<p>Ca. 60 cm gro\u00dfe Statue unseres geliebten Amazone<\/p>\n<p>MFA Collectibles pr\u00e4sentiert zweite Statue aus der &#8222;Femme Fatale&#8220;-Serie, welche DC- und Marvel-Heldinnen beinhaltet.<br \/>\nWunderbar verarbeitete und sehr detaillierte Statue von Wonder Woman aus Polystone &#8211; k\u00fcnstlichem Stein-Harz-Gemisch.<\/p>\n<p>Besonderheiten:<\/p>\n<ul>\n<li>Deluxe Version mit austauschbarer Schwert\/Schild-Kombo<\/li>\n<li>weltweit nur 45 St\u00fcck<\/li>\n<\/ul>\n<p>Release-Status:<\/p>\n<ul>\n<li>Release Q2 2022 erwartet, bei uns im Lager voraussichtlich Ende August 2022.<\/li>\n<\/ul>\n<p>Wie immer bei meinen Artikeln &#8211; s\u00e4mtliche Geb\u00fchren sind, im Gegensatz zu anderen Angeboten, bereits inkludiert. Versand erfolgt ausschlie\u00dflich aus Deutschland, es fallen keine Zoll- und Importgeb\u00fchren an. Ihr kauft keine Katze im Sack \ud83d\ude42<\/p>\n<p>Ma\u00dfe der Statue:<br \/>\nGr\u00f6\u00dfe: ca. 60cm x 50cm x 45cm (gesch\u00e4tzt)<br \/>\nGewicht: ca. 18kg (gesch\u00e4tzt)<\/p>\n<p>You are not prepared! \ud83d\ude42<\/p>","protected":false},"excerpt":{"rendered":"<p>Marvel &#8211; Wonder Woman (Femme Fatale) &#8218; 1:4 Resin Statue &#8218; von MFA Collectibles EU Taxfree! I do ship EU-wide, please contact me, should questions arise. Ca. 60 cm gro\u00dfe Statue unseres geliebten Amazone MFA Collectibles pr\u00e4sentiert zweite Statue aus der &#8222;Femme Fatale&#8220;-Serie, welche DC- und Marvel-Heldinnen beinhaltet. Wunderbar verarbeitete und sehr detaillierte Statue von [&hellip;]<\/p>\n","protected":false},"featured_media":4174,"comment_status":"closed","ping_status":"closed","template":"","meta":[],"product_brand":[],"product_cat":[268,568,84],"product_tag":[612,640,147,251,383,551,282,284,557,281,283,553,795,154,136,137,554,379,381,552,547,875,876,877,878,879,880,881],"class_list":{"0":"post-4173","1":"product","2":"type-product","3":"status-publish","4":"has-post-thumbnail","6":"product_cat-dc","7":"product_cat-preorder","8":"product_cat-statuen-anime-comic-universum","9":"product_tag-anime","10":"product_tag-anime-statuen","11":"product_tag-collectibles","12":"product_tag-collectibles-kaufen","13":"product_tag-collector","14":"product_tag-dc","15":"product_tag-dc-collectibles","16":"product_tag-dc-collectibles-kaufen","17":"product_tag-dc-collector","18":"product_tag-dc-comics","19":"product_tag-dc-comics-collectibles","20":"product_tag-figure-collector","21":"product_tag-handsomecake","22":"product_tag-resin-collectibles","23":"product_tag-resin-statuen","24":"product_tag-resin-statuen-kaufen","25":"product_tag-resin-statues","26":"product_tag-statue-collectible","27":"product_tag-statue-collectibles","28":"product_tag-statue-collector","29":"product_tag-statues-collector","30":"product_tag-wonder-woman","31":"product_tag-wonder-woman-bust","32":"product_tag-wonder-woman-bueste","33":"product_tag-wonder-woman-collectible","34":"product_tag-wonder-woman-collectibles","35":"product_tag-wonder-woman-collector","36":"product_tag-wonder-woman-statue","37":"pa_brand-mfa-collectibles","38":"pa_scale-1_to_4","40":"first","41":"instock","42":"taxable","43":"shipping-taxable","44":"product-type-variable"},"_links":{"self":[{"href":"https:\/\/store.handsomecake.com\/en\/wp-json\/wp\/v2\/product\/4173","targetHints":{"allow":["GET"]}}],"collection":[{"href":"https:\/\/store.handsomecake.com\/en\/wp-json\/wp\/v2\/product"}],"about":[{"href":"https:\/\/store.handsomecake.com\/en\/wp-json\/wp\/v2\/types\/product"}],"replies":[{"embeddable":true,"href":"https:\/\/store.handsomecake.com\/en\/wp-json\/wp\/v2\/comments?post=4173"}],"wp:featuredmedia":[{"embeddable":true,"href":"https:\/\/store.handsomecake.com\/en\/wp-json\/wp\/v2\/media\/4174"}],"wp:attachment":[{"href":"https:\/\/store.handsomecake.com\/en\/wp-json\/wp\/v2\/media?parent=4173"}],"wp:term":[{"taxonomy":"product_brand","embeddable":true,"href":"https:\/\/store.handsomecake.com\/en\/wp-json\/wp\/v2\/product_brand?post=4173"},{"taxonomy":"product_cat","embeddable":true,"href":"https:\/\/store.handsomecake.com\/en\/wp-json\/wp\/v2\/product_cat?post=4173"},{"taxonomy":"product_tag","embeddable":true,"href":"https:\/\/store.handsomecake.com\/en\/wp-json\/wp\/v2\/product_tag?post=4173"}],"curies":[{"name":"wp","href":"https:\/\/api.w.org\/{rel}","templated":true}]}}