{"id":4078,"date":"2021-07-29T20:07:40","date_gmt":"2021-07-29T20:07:40","guid":{"rendered":"https:\/\/store.handsomecake.com\/product\/overwatch-widowmaker-14-resin-statue-von-hummingbird-studio\/"},"modified":"2024-11-16T09:10:32","modified_gmt":"2024-11-16T09:10:32","slug":"overwatch-widowmaker-14-resin-statue-von-hummingbird-studio","status":"publish","type":"product","link":"https:\/\/store.handsomecake.com\/en\/product\/overwatch-widowmaker-14-resin-statue-von-hummingbird-studio\/","title":{"rendered":"Overwatch &#8211; Widowmaker | 1:4 Resin Statue | von Hummingbird Studio"},"content":{"rendered":"<p>Overwatch &#8211; Widowmaker &#8218; 1:4 Resin Statue &#8218; von Hummingbird Studio<br \/>\nEU Taxfree! I do ship EU-wide, please contact me, should questions arise.<\/p>\n<p>Tolle Statue unserer geliebten Scharfsch\u00fctzin<br \/>\nWunderbar verarbeitete und sehr detaillierte Statue von Widowmaker aus Polystone &#8211; k\u00fcnstlichem Stein-Harz-Gemisch.<\/p>\n<p>Besonderheiten:<\/p>\n<ul>\n<li>Verkauft wird ausschlie\u00dflich die Deluxe Variante<\/li>\n<\/ul>\n<p>Release-Status:<\/p>\n<ul>\n<li>In Stock<\/li>\n<\/ul>\n<p>Wie immer bei meinen Aktionen &#8211; s\u00e4mtliche Geb\u00fchren sind, im Gegensatz zu anderen Angeboten, bereits inkludiert. Versand erfolgt ausschlie\u00dflich aus Deutschland, es fallen keine Zoll- und Importgeb\u00fchren an. Ihr kauft keine Katze im Sack \ud83d\ude42<\/p>\n<p>Ma\u00dfe der Statue:<br \/>\nGr\u00f6\u00dfe: H51cm x D30cm x W33cm<br \/>\nGewicht: TBA, gesch\u00e4tzt: ca. 14 kg<\/p>\n<p>You are not prepared! \ud83d\ude42<\/p>","protected":false},"excerpt":{"rendered":"<p>Overwatch &#8211; Widowmaker &#8218; 1:4 Resin Statue &#8218; von Hummingbird Studio EU Taxfree! I do ship EU-wide, please contact me, should questions arise. Tolle Statue unserer geliebten Scharfsch\u00fctzin Wunderbar verarbeitete und sehr detaillierte Statue von Widowmaker aus Polystone &#8211; k\u00fcnstlichem Stein-Harz-Gemisch. Besonderheiten: Verkauft wird ausschlie\u00dflich die Deluxe Variante Release-Status: Lagernd vor Ort Wie immer bei [&hellip;]<\/p>\n","protected":false},"featured_media":4110,"comment_status":"closed","ping_status":"closed","template":"","meta":[],"product_brand":[],"product_cat":[826,524,81],"product_tag":[612,656,666,657,717,662,147,383,795,541,544,546,545,859,154,255,136,137,379,381,380,382,547,856,857,858],"class_list":{"0":"post-4078","1":"product","2":"type-product","3":"status-publish","4":"has-post-thumbnail","6":"product_cat-lagernd-vor-ort","7":"product_cat-overwatch","8":"product_cat-statuen-computerspieluniversum","9":"product_tag-anime","10":"product_tag-anime-collectibles","11":"product_tag-anime-figuren-shop","12":"product_tag-anime-figures","13":"product_tag-anime-shop","14":"product_tag-anime-statue-shop","15":"product_tag-collectibles","16":"product_tag-collector","17":"product_tag-handsomecake","18":"product_tag-overwatch","19":"product_tag-overwatch-collectibles","20":"product_tag-overwatch-figures","21":"product_tag-overwatch-resin","22":"product_tag-overwatch-widowmaker","23":"product_tag-resin-collectibles","24":"product_tag-resin-collectibles-kaufen","25":"product_tag-resin-statuen","26":"product_tag-resin-statuen-kaufen","27":"product_tag-statue-collectible","28":"product_tag-statue-collectibles","29":"product_tag-statues-collectible","30":"product_tag-statues-collectibles","31":"product_tag-statues-collector","32":"product_tag-widowmaker","33":"product_tag-widowmaker-figure","34":"product_tag-widowmaker-statue","35":"pa_brand-hummingbird-studio","36":"pa_scale-1_to_4","38":"first","39":"outofstock","40":"taxable","41":"shipping-taxable","42":"product-type-simple"},"_links":{"self":[{"href":"https:\/\/store.handsomecake.com\/en\/wp-json\/wp\/v2\/product\/4078","targetHints":{"allow":["GET"]}}],"collection":[{"href":"https:\/\/store.handsomecake.com\/en\/wp-json\/wp\/v2\/product"}],"about":[{"href":"https:\/\/store.handsomecake.com\/en\/wp-json\/wp\/v2\/types\/product"}],"replies":[{"embeddable":true,"href":"https:\/\/store.handsomecake.com\/en\/wp-json\/wp\/v2\/comments?post=4078"}],"wp:featuredmedia":[{"embeddable":true,"href":"https:\/\/store.handsomecake.com\/en\/wp-json\/wp\/v2\/media\/4110"}],"wp:attachment":[{"href":"https:\/\/store.handsomecake.com\/en\/wp-json\/wp\/v2\/media?parent=4078"}],"wp:term":[{"taxonomy":"product_brand","embeddable":true,"href":"https:\/\/store.handsomecake.com\/en\/wp-json\/wp\/v2\/product_brand?post=4078"},{"taxonomy":"product_cat","embeddable":true,"href":"https:\/\/store.handsomecake.com\/en\/wp-json\/wp\/v2\/product_cat?post=4078"},{"taxonomy":"product_tag","embeddable":true,"href":"https:\/\/store.handsomecake.com\/en\/wp-json\/wp\/v2\/product_tag?post=4078"}],"curies":[{"name":"wp","href":"https:\/\/api.w.org\/{rel}","templated":true}]}}