{"id":3981,"date":"2021-07-27T12:15:03","date_gmt":"2021-07-27T12:15:03","guid":{"rendered":"https:\/\/store.handsomecake.com\/product\/attack-on-titan-eren-jaeger-titan-11-resin-bust-von-joy-station\/"},"modified":"2025-07-04T16:00:26","modified_gmt":"2025-07-04T16:00:26","slug":"attack-on-titan-eren-jaeger-titan-11-resin-bust-von-joy-station","status":"publish","type":"product","link":"https:\/\/store.handsomecake.com\/en\/product\/attack-on-titan-eren-jaeger-titan-11-resin-bust-von-joy-station\/","title":{"rendered":"Attack on Titan &#8211; Eren Jaeger Titan | 1:1 Resin Bust | von JOY Station"},"content":{"rendered":"<p>Attack on Titan &#8211; Eren Jaeger Titan &#8218; 1:1 Resin Bust &#8218; von JOY Station<br \/>\nI do ship EU-wide, please contact me, should questions arise.<\/p>\n<p>Tolle lifesize B\u00fcste von Eren Jaeger in seiner Titanform<br \/>\nWunderbar verarbeitete und sehr detaillierte Eren Jaeger Titan B\u00fcste aus Polystone &#8211; k\u00fcnstlichem Stein-Harz-Gemisch.<\/p>\n<p>Besonderheiten:<\/p>\n<ul>\n<li>LED in den Augen<\/li>\n<li>99 St\u00fcck weltweit<\/li>\n<\/ul>\n<p>Release-Status:<\/p>\n<ul>\n<li>In Stock<\/li>\n<\/ul>\n<p>Wie immer bei meinen Aktionen &#8211; s\u00e4mtliche Geb\u00fchren sind, im Gegensatz zu anderen Angeboten, bereits inkludiert. Versand erfolgt ausschlie\u00dflich aus Deutschland, es fallen keine Zoll- und Importgeb\u00fchren an. Ihr kauft keine Katze im Sack \ud83d\ude42<\/p>\n<p>Ma\u00dfe der Statue:<br \/>\nGr\u00f6\u00dfe: ca. H76cm x W45cm x D46<br \/>\nGewicht: TBA, gesch\u00e4tzt: ca. 18kg<\/p>\n<p>You are not prepared! \ud83d\ude42<\/p>","protected":false},"excerpt":{"rendered":"<p>Attack on Titan &#8211; Eren Jaeger Titan &#8218; 1:1 Resin Bust &#8218; von JOY Station I do ship EU-wide, please contact me, should questions arise. Tolle lifesize B\u00fcste von Eren Jaeger in seiner Titanform Wunderbar verarbeitete und sehr detaillierte Eren Jaeger Titan B\u00fcste aus Polystone &#8211; k\u00fcnstlichem Stein-Harz-Gemisch. Besonderheiten: LED in den Augen 99 St\u00fcck [&hellip;]<\/p>\n","protected":false},"featured_media":30664,"comment_status":"closed","ping_status":"closed","template":"","meta":[],"product_brand":[],"product_cat":[714,826,84,567],"product_tag":[656,659,666,708,709,710,712,713,850,795,711,514,469,470,379,381,665,380,382,547],"class_list":{"0":"post-3981","1":"product","2":"type-product","3":"status-publish","4":"has-post-thumbnail","6":"product_cat-attack-on-titan","7":"product_cat-lagernd-vor-ort","8":"product_cat-statuen-anime-comic-universum","9":"product_cat-in_stock_warehouse_china","10":"product_tag-anime-collectibles","11":"product_tag-anime-figuren","12":"product_tag-anime-figuren-shop","13":"product_tag-anime-statuen-shop","14":"product_tag-attack-on-titan","15":"product_tag-attack-on-titan-figure","16":"product_tag-attack-on-titan-levi","17":"product_tag-beast-titan","18":"product_tag-eren-jaeger","19":"product_tag-handsomecake","20":"product_tag-levi","21":"product_tag-lifesize","22":"product_tag-lifesize-collectibles","23":"product_tag-lifesize-statuen","24":"product_tag-statue-collectible","25":"product_tag-statue-collectibles","26":"product_tag-statuen-shop","27":"product_tag-statues-collectible","28":"product_tag-statues-collectibles","29":"product_tag-statues-collector","30":"pa_brand-joy-station-collectibles","31":"pa_scale-1_to_1","33":"first","34":"outofstock","35":"sale","36":"taxable","37":"shipping-taxable","38":"product-type-simple"},"_links":{"self":[{"href":"https:\/\/store.handsomecake.com\/en\/wp-json\/wp\/v2\/product\/3981","targetHints":{"allow":["GET"]}}],"collection":[{"href":"https:\/\/store.handsomecake.com\/en\/wp-json\/wp\/v2\/product"}],"about":[{"href":"https:\/\/store.handsomecake.com\/en\/wp-json\/wp\/v2\/types\/product"}],"replies":[{"embeddable":true,"href":"https:\/\/store.handsomecake.com\/en\/wp-json\/wp\/v2\/comments?post=3981"}],"wp:featuredmedia":[{"embeddable":true,"href":"https:\/\/store.handsomecake.com\/en\/wp-json\/wp\/v2\/media\/30664"}],"wp:attachment":[{"href":"https:\/\/store.handsomecake.com\/en\/wp-json\/wp\/v2\/media?parent=3981"}],"wp:term":[{"taxonomy":"product_brand","embeddable":true,"href":"https:\/\/store.handsomecake.com\/en\/wp-json\/wp\/v2\/product_brand?post=3981"},{"taxonomy":"product_cat","embeddable":true,"href":"https:\/\/store.handsomecake.com\/en\/wp-json\/wp\/v2\/product_cat?post=3981"},{"taxonomy":"product_tag","embeddable":true,"href":"https:\/\/store.handsomecake.com\/en\/wp-json\/wp\/v2\/product_tag?post=3981"}],"curies":[{"name":"wp","href":"https:\/\/api.w.org\/{rel}","templated":true}]}}