{"id":3931,"date":"2021-07-19T13:43:36","date_gmt":"2021-07-19T13:43:36","guid":{"rendered":"https:\/\/store.handsomecake.com\/product\/resident-evil-lady-dimitrescu-14-resin-statue-von-harem-studio\/"},"modified":"2024-06-12T14:52:01","modified_gmt":"2024-06-12T14:52:01","slug":"resident-evil-lady-dimitrescu-14-resin-statue-von-harem-studio","status":"publish","type":"product","link":"https:\/\/store.handsomecake.com\/en\/product\/resident-evil-lady-dimitrescu-14-resin-statue-von-harem-studio\/","title":{"rendered":"Resident Evil &#8211; Lady Dimitrescu | 1:4 Resin Statue | von Harem Studio"},"content":{"rendered":"<p>Resident Evil &#8211; Lady Dimitrescu &#8218; 1:4 Resin Statue &#8218; von Harem Studio ft. River Studio<\/p>\n<p>I do ship EU-wide, please contact me, should questions arise.<\/p>\n<p>Tolle Statue unserer geliebten und hei\u00df begehrten Anf\u00fchrering des Dimitrescu Clans<\/p>\n<p>Wunderbar verarbeitete und sehr detaillierte Alcina Dimitrescu Valentine Statue aus Polystone &#8211; k\u00fcnstlichem Stein-Harz-Gemisch.<\/p>\n<p>Besonderheiten:<\/p>\n<ul>\n<li>LED im Sockel<\/li>\n<li>Kleidung aus Stoff, abnehmbar<\/li>\n<li>2 verschiedene Varianten des rechten Arms (Krallen + Wein)<\/li>\n<li>weltweit 199 St\u00fcck<\/li>\n<\/ul>\n<p>Release-Status:<\/p>\n<ul>\n<li>Released. Ab Bestellzeitpunkt in ca. 3 Monaten lieferbar.<\/li>\n<\/ul>\n<p>Wie immer bei meinen Aktionen &#8211; s\u00e4mtliche Geb\u00fchren sind, im Gegensatz zu anderen Angeboten, bereits inkludiert. Versand erfolgt ausschlie\u00dflich aus Deutschland, es fallen keine Zoll- und Importgeb\u00fchren an. Ihr kauft keine Katze im Sack \ud83d\ude42<\/p>\n<p>Ma\u00dfe der Statue: H71*W52*D52cm<br \/>\nGewicht: 23kg<\/p>\n<p>You are not prepared! \ud83d\ude42<\/p>","protected":false},"excerpt":{"rendered":"<p>Resident Evil &#8211; Lady Dimitrescu &#8218; 1:4 Resin Statue &#8218; von Harem Studio ft. River Studio I do ship EU-wide, please contact me, should questions arise. Tolle Statue unserer geliebten und hei\u00df begehrten Anf\u00fchrering des Dimitrescu Clans Wunderbar verarbeitete und sehr detaillierte Alcina Dimitrescu Valentine Statue aus Polystone &#8211; k\u00fcnstlichem Stein-Harz-Gemisch. Besonderheiten: LED im Sockel [&hellip;]<\/p>\n","protected":false},"featured_media":30668,"comment_status":"closed","ping_status":"closed","template":"","meta":[],"product_brand":[],"product_cat":[826,82,81,567],"product_tag":[666,717,640,658,479,147,251,852,853,189,785,784,782,783,851,154,255,136,137,379,381,552,380,382,547],"class_list":{"0":"post-3931","1":"product","2":"type-product","3":"status-publish","4":"has-post-thumbnail","6":"product_cat-lagernd-vor-ort","7":"product_cat-resident-evil","8":"product_cat-statuen-computerspieluniversum","9":"product_cat-in_stock_warehouse_china","10":"product_tag-anime-figuren-shop","11":"product_tag-anime-shop","12":"product_tag-anime-statuen","13":"product_tag-anime-toys","14":"product_tag-collectible","15":"product_tag-collectibles","16":"product_tag-collectibles-kaufen","17":"product_tag-lady-dimitrescu","18":"product_tag-lady-dimitrescu-statue","19":"product_tag-resident-evil-collectibles","20":"product_tag-resident-evil-figure","21":"product_tag-resident-evil-figurine","22":"product_tag-resident-evil-statue","23":"product_tag-resident-evil-toy","24":"product_tag-resident-evil-village","25":"product_tag-resin-collectibles","26":"product_tag-resin-collectibles-kaufen","27":"product_tag-resin-statuen","28":"product_tag-resin-statuen-kaufen","29":"product_tag-statue-collectible","30":"product_tag-statue-collectibles","31":"product_tag-statue-collector","32":"product_tag-statues-collectible","33":"product_tag-statues-collectibles","34":"product_tag-statues-collector","35":"pa_brand-harem-studio","36":"pa_scale-1_to_4","38":"first","39":"outofstock","40":"sale","41":"taxable","42":"shipping-taxable","43":"product-type-variable"},"_links":{"self":[{"href":"https:\/\/store.handsomecake.com\/en\/wp-json\/wp\/v2\/product\/3931","targetHints":{"allow":["GET"]}}],"collection":[{"href":"https:\/\/store.handsomecake.com\/en\/wp-json\/wp\/v2\/product"}],"about":[{"href":"https:\/\/store.handsomecake.com\/en\/wp-json\/wp\/v2\/types\/product"}],"replies":[{"embeddable":true,"href":"https:\/\/store.handsomecake.com\/en\/wp-json\/wp\/v2\/comments?post=3931"}],"wp:featuredmedia":[{"embeddable":true,"href":"https:\/\/store.handsomecake.com\/en\/wp-json\/wp\/v2\/media\/30668"}],"wp:attachment":[{"href":"https:\/\/store.handsomecake.com\/en\/wp-json\/wp\/v2\/media?parent=3931"}],"wp:term":[{"taxonomy":"product_brand","embeddable":true,"href":"https:\/\/store.handsomecake.com\/en\/wp-json\/wp\/v2\/product_brand?post=3931"},{"taxonomy":"product_cat","embeddable":true,"href":"https:\/\/store.handsomecake.com\/en\/wp-json\/wp\/v2\/product_cat?post=3931"},{"taxonomy":"product_tag","embeddable":true,"href":"https:\/\/store.handsomecake.com\/en\/wp-json\/wp\/v2\/product_tag?post=3931"}],"curies":[{"name":"wp","href":"https:\/\/api.w.org\/{rel}","templated":true}]}}