{"id":3927,"date":"2021-07-19T13:41:55","date_gmt":"2021-07-19T13:41:55","guid":{"rendered":"https:\/\/store.handsomecake.com\/product\/overwatch-dva-14-resin-statue-von-sixth-magnitude-star-studio\/"},"modified":"2024-06-12T14:51:56","modified_gmt":"2024-06-12T14:51:56","slug":"overwatch-dva-14-resin-statue-von-sixth-magnitude-star-studio","status":"publish","type":"product","link":"https:\/\/store.handsomecake.com\/en\/product\/overwatch-dva-14-resin-statue-von-sixth-magnitude-star-studio\/","title":{"rendered":"Overwatch &#8211; DVa | 1:4 Resin Statue | von Sixth magnitude Star Studio"},"content":{"rendered":"<p>Overwatch &#8211; DVa &#8218; 1:4 Resin Statue &#8218; von Sixth magnitude Star Studio<\/p>\n<p>EU Taxfree! I do ship EU-wide, please contact me, should questions arise.<br \/>\nEU shipping costs are more an estimate and will be recalculated (and you will receive a refund, if shippings costs turn out to be lower in the end).<br \/>\nExample &#8211; some statues are stated as 58cm width. Until they arrive we can&#8217;t guarantee if its the width WITH packaging or without. If it&#8217;s WITH, we fit under the 60cm rule and if the weight is under 31.5kg as well, shipping will be as low as 43.86\u20ac (current DHL price), if the statue is over 60cm with packaging, we will need to engage a hauling company&#8230;<\/p>\n<p>Tolle Statue unserer geliebten Mechpilotin<\/p>\n<p>Wunderbar verarbeitete und sehr detaillierte Statue von D&#8217;Va aus Polystone &#8211; k\u00fcnstlichem Stein-Harz-Gemisch.<\/p>\n<p>Besonderheiten:<\/p>\n<ul>\n<li>bei diesem Artikel handelt es sich ausschlie\u00dflich um die Exklusive (EX) Version<\/li>\n<li>Oberk\u00f6rper kann gegen eine Nacktvariante ausgetauscht werden<\/li>\n<li>weltweit auf 200 St\u00fcck begrenzt<\/li>\n<\/ul>\n<p>Release-Status:<\/p>\n<ul>\n<li>Preorder. Statue wird sch\u00e4tzungsweise Q1 2022 released. Wir erwarten sie bei uns im Lager gegen Ende Mai 2022.<\/li>\n<\/ul>\n<p>Wie immer bei meinen Aktionen &#8211; s\u00e4mtliche Geb\u00fchren sind, im Gegensatz zu anderen Angeboten, bereits inkludiert. Versand erfolgt ausschlie\u00dflich aus Deutschland, es fallen keine Zoll- und Importgeb\u00fchren an. Ihr kauft keine Katze im Sack \ud83d\ude42<\/p>\n<p>Preis-Hinweis:<br \/>\nSolltet ihr die Statue direkt \u00fcber unseren Online-Shop (einfach den Benutzernamen googeln) kaufen, so erhaltet ihr auf jeden Fall die Tiefstpreisgarantie &#8211; sollte beispielsweise der Versand, Zoll oder die Einfuhrumsatzsteuer am Ende, also wenn die Statue bei uns im Warenlager angekommen ist, geringer ausfallen, so leiten wir die Preisreduzierung 1:1 an euch weiter! Der Catfish Arthas war z.b. urspr\u00fcnglich f\u00fcr 1850\u20ac drin, Endpreis war 1569\u20ac.<\/p>\n<p>Ma\u00dfe der Statue:<br \/>\nGr\u00f6\u00dfe: H57cm x D30cm x W30cm<br \/>\nGewicht: TBA, gesch\u00e4tzt: ca. 13 kg<\/p>\n<p>You are not prepared! \ud83d\ude42<\/p>","protected":false},"excerpt":{"rendered":"<p>Overwatch &#8211; DVa &#8218; 1:4 Resin Statue &#8218; von Sixth magnitude Star Studio EU Taxfree! I do ship EU-wide, please contact me, should questions arise. EU shipping costs are more an estimate and will be recalculated (and you will receive a refund, if shippings costs turn out to be lower in the end). Example &#8211; [&hellip;]<\/p>\n","protected":false},"featured_media":3946,"comment_status":"closed","ping_status":"closed","template":"","meta":[],"product_brand":[],"product_cat":[524,568,81],"product_tag":[612,656,666,657,717,662,147,383,542,549,548,795,541,544,543,546,545,154,255,136,137,379,381,380,382,547],"class_list":{"0":"post-3927","1":"product","2":"type-product","3":"status-publish","4":"has-post-thumbnail","6":"product_cat-overwatch","7":"product_cat-preorder","8":"product_cat-statuen-computerspieluniversum","9":"product_tag-anime","10":"product_tag-anime-collectibles","11":"product_tag-anime-figuren-shop","12":"product_tag-anime-figures","13":"product_tag-anime-shop","14":"product_tag-anime-statue-shop","15":"product_tag-collectibles","16":"product_tag-collector","17":"product_tag-dva","18":"product_tag-dva-figure","19":"product_tag-dva-statue","20":"product_tag-handsomecake","21":"product_tag-overwatch","22":"product_tag-overwatch-collectibles","23":"product_tag-overwatch-dva","24":"product_tag-overwatch-figures","25":"product_tag-overwatch-resin","26":"product_tag-resin-collectibles","27":"product_tag-resin-collectibles-kaufen","28":"product_tag-resin-statuen","29":"product_tag-resin-statuen-kaufen","30":"product_tag-statue-collectible","31":"product_tag-statue-collectibles","32":"product_tag-statues-collectible","33":"product_tag-statues-collectibles","34":"product_tag-statues-collector","35":"pa_brand-sixth-magnitude-star-studio","36":"pa_scale-1_to_4","38":"first","39":"instock","40":"taxable","41":"shipping-taxable","42":"product-type-variable"},"_links":{"self":[{"href":"https:\/\/store.handsomecake.com\/en\/wp-json\/wp\/v2\/product\/3927","targetHints":{"allow":["GET"]}}],"collection":[{"href":"https:\/\/store.handsomecake.com\/en\/wp-json\/wp\/v2\/product"}],"about":[{"href":"https:\/\/store.handsomecake.com\/en\/wp-json\/wp\/v2\/types\/product"}],"replies":[{"embeddable":true,"href":"https:\/\/store.handsomecake.com\/en\/wp-json\/wp\/v2\/comments?post=3927"}],"wp:featuredmedia":[{"embeddable":true,"href":"https:\/\/store.handsomecake.com\/en\/wp-json\/wp\/v2\/media\/3946"}],"wp:attachment":[{"href":"https:\/\/store.handsomecake.com\/en\/wp-json\/wp\/v2\/media?parent=3927"}],"wp:term":[{"taxonomy":"product_brand","embeddable":true,"href":"https:\/\/store.handsomecake.com\/en\/wp-json\/wp\/v2\/product_brand?post=3927"},{"taxonomy":"product_cat","embeddable":true,"href":"https:\/\/store.handsomecake.com\/en\/wp-json\/wp\/v2\/product_cat?post=3927"},{"taxonomy":"product_tag","embeddable":true,"href":"https:\/\/store.handsomecake.com\/en\/wp-json\/wp\/v2\/product_tag?post=3927"}],"curies":[{"name":"wp","href":"https:\/\/api.w.org\/{rel}","templated":true}]}}