{"id":3917,"date":"2021-07-19T13:41:34","date_gmt":"2021-07-19T13:41:34","guid":{"rendered":"https:\/\/store.handsomecake.com\/product\/one-piece-shirahoshi-16-resin-statue-von-tianhui-studio\/"},"modified":"2024-12-25T02:00:21","modified_gmt":"2024-12-25T02:00:21","slug":"one-piece-shirahoshi-16-resin-statue-von-tianhui-studio","status":"publish","type":"product","link":"https:\/\/store.handsomecake.com\/en\/product\/one-piece-shirahoshi-16-resin-statue-von-tianhui-studio\/","title":{"rendered":"One Piece &#8211; Shirahoshi | 1:6 Resin Statue | von TianHui Studio"},"content":{"rendered":"<p>One Piece &#8211; Shirahoshi &#8218; 1:6 Resin Statue &#8218; von TianHui Studio<br \/>\nI do ship EU-wide, please contact me, should questions arise.<\/p>\n<p>Tolle Statue der Prinzessin des K\u00f6nigreichs Ryuuguu<br \/>\nWunderbar verarbeitete und sehr detaillierte Shirahoshi Statue aus Polystone &#8211; k\u00fcnstlichem Stein-Harz-Gemisch.<\/p>\n<p>Besonderheiten:<\/p>\n<ul>\n<li>bitte bei der Bestellung angeben, ob ihr die blaue oder pinke Variante wollt<\/li>\n<li>weltweit 299 St\u00fcck<\/li>\n<\/ul>\n<p>Release-Status:<\/p>\n<ul>\n<li>Preorder. Statue wird voraussichtlich Q1 2022 fertiggestellt und wir erwarten sie im Warenlager sch\u00e4tzungsweise Ende Mai 2022.<\/li>\n<\/ul>\n<p>Wie immer bei meinen Aktionen &#8211; s\u00e4mtliche Geb\u00fchren sind, im Gegensatz zu anderen Angeboten, bereits inkludiert. Versand erfolgt ausschlie\u00dflich aus Deutschland, es fallen keine Zoll- und Importgeb\u00fchren an. Ihr kauft keine Katze im Sack \ud83d\ude42<\/p>\n<p>Ma\u00dfe der Statue:<br \/>\nGr\u00f6\u00dfe: ca. 42cm x 26cm x 30cm<br \/>\nGewicht: ca 11 kg<\/p>\n<p>You are not prepared! \ud83d\ude42<\/p>","protected":false},"excerpt":{"rendered":"<p>One Piece &#8211; Shirahoshi &#8218; 1:6 Resin Statue &#8218; von TianHui Studio I do ship EU-wide, please contact me, should questions arise. Tolle Statue der Prinzessin des K\u00f6nigreichs Ryuuguu Wunderbar verarbeitete und sehr detaillierte Shirahoshi Statue aus Polystone &#8211; k\u00fcnstlichem Stein-Harz-Gemisch. Besonderheiten: bitte bei der Bestellung angeben, ob ihr die blaue oder pinke Variante wollt [&hellip;]<\/p>\n","protected":false},"featured_media":3918,"comment_status":"closed","ping_status":"closed","template":"","meta":[],"product_brand":[],"product_cat":[89,568,84],"product_tag":[],"class_list":{"0":"post-3917","1":"product","2":"type-product","3":"status-publish","4":"has-post-thumbnail","6":"product_cat-one-piece","7":"product_cat-preorder","8":"product_cat-statuen-anime-comic-universum","9":"pa_brand-tian-hui-studio","10":"pa_scale-1_to_6","12":"first","13":"outofstock","14":"taxable","15":"shipping-taxable","16":"product-type-variable"},"_links":{"self":[{"href":"https:\/\/store.handsomecake.com\/en\/wp-json\/wp\/v2\/product\/3917","targetHints":{"allow":["GET"]}}],"collection":[{"href":"https:\/\/store.handsomecake.com\/en\/wp-json\/wp\/v2\/product"}],"about":[{"href":"https:\/\/store.handsomecake.com\/en\/wp-json\/wp\/v2\/types\/product"}],"replies":[{"embeddable":true,"href":"https:\/\/store.handsomecake.com\/en\/wp-json\/wp\/v2\/comments?post=3917"}],"wp:featuredmedia":[{"embeddable":true,"href":"https:\/\/store.handsomecake.com\/en\/wp-json\/wp\/v2\/media\/3918"}],"wp:attachment":[{"href":"https:\/\/store.handsomecake.com\/en\/wp-json\/wp\/v2\/media?parent=3917"}],"wp:term":[{"taxonomy":"product_brand","embeddable":true,"href":"https:\/\/store.handsomecake.com\/en\/wp-json\/wp\/v2\/product_brand?post=3917"},{"taxonomy":"product_cat","embeddable":true,"href":"https:\/\/store.handsomecake.com\/en\/wp-json\/wp\/v2\/product_cat?post=3917"},{"taxonomy":"product_tag","embeddable":true,"href":"https:\/\/store.handsomecake.com\/en\/wp-json\/wp\/v2\/product_tag?post=3917"}],"curies":[{"name":"wp","href":"https:\/\/api.w.org\/{rel}","templated":true}]}}