{"id":388,"date":"2020-08-17T09:50:42","date_gmt":"2020-08-17T09:50:42","guid":{"rendered":"https:\/\/store.handsomecake.com\/?post_type=product&#038;p=388"},"modified":"2024-06-12T14:27:00","modified_gmt":"2024-06-12T14:27:00","slug":"ghost-of-tsushima-ps-4-regulaere-version","status":"publish","type":"product","link":"https:\/\/store.handsomecake.com\/en\/product\/ghost-of-tsushima-ps-4-regulaere-version\/","title":{"rendered":"Ghost of Tsushima &#8211; PS 4 (Regul\u00e4re Version) &#8211; uncut"},"content":{"rendered":"<div class=\"textDesc\">\n<p>Gegen Ende des 13. Jahrhunderts verw\u00fcstete das Mongolische Reich auf seinem Eroberungsfeldzug im Osten ganze Nationen. Die Insel Tsushima ist das Einzige, was das japanische Festland und die riesige Invasionsflotte der Mongolen unter dem Befehl des gnadenlosen und gerissenen Generals Khotun Khan noch voneinander trennt. Als die Insel nach der ersten Angriffswelle der Mongolen in Flammen steht, bleibt Samuraikrieger Jin Sakai als einer der letzten \u00dcberlebenden seines Klans zur\u00fcck. Er ist fest entschlossen, alles in seiner Macht Stehende zu tun, um sein Volk um jeden Preis zu sch\u00fctzen und seine Heimat zur\u00fcckzuerobern. Er muss mit den Traditionen brechen, die ihn als Krieger ausmachen, einen neuen Weg \u2013 den Weg des Geistes \u2013 einschlagen und einen unkonventionellen Krieg um die Freiheit von Tsushima f\u00fchren.<\/p>\n<ul>\n<li>Im vom Krieg heimgesuchten Tsushima \u00fcberdauert alte Sch\u00f6nheit: In diesem Open-World-Action-Adventure durchstreifst du riesige Landschaften und weites Gel\u00e4nde, um komplexe Charaktere zu treffen, auf alte Sehensw\u00fcrdigkeiten zu sto\u00dfen und die verborgene Sch\u00f6nheit von Tsushima zu entdecken.<\/li>\n<\/ul>\n<ul>\n<li>Der Aufstieg des Geistes: Bei seinem Versuch, Tsushima zur\u00fcckzuerobern, braucht Jin die Unterst\u00fctzung alter Freunde und neuer \u00fcberraschender Verb\u00fcndeter. Er muss mit der Tradition brechen, eine neue Art von Krieger werden und das sch\u00fctzen, was von seiner Heimat \u00fcbrig ist \u2013 koste es, was es wolle.<\/li>\n<\/ul>\n<ul>\n<li>Schlamm, Blut und Stahl: Fordere Gegner in packenden Samuraik\u00e4mpfen mit deinem Katana heraus, meistere den Bogen gegen ferne Bedrohungen und entwickle Tarntaktiken, um Feinde mit \u00dcberraschungsangriffen aus dem Konzept zu bringen und in Hinterhalte zu locken.<\/li>\n<\/ul>\n<\/div>\n<div>\n<h4>Zus\u00e4tzliche Inhalte<\/h4>\n<div class=\"textDesc\">\n<p>PreOrder Bonus:<\/p>\n<ul>\n<li>Digitaler Mini-Soundtrack von Ghost of Tsushima*<\/li>\n<li>Dynamisches Design \u201eGhost of Tsushima \u2013 Jin\u201c*<\/li>\n<li>Avatar \u201eGhost of Tsushima \u2013 Jin\u201c*<\/li>\n<\/ul>\n<p>*Digitale Artikel einzul\u00f6sen bis 31.12.2023. Spielgegenst\u00e4nde werden durch Story-Fortschritt freigeschaltet.<\/p>\n<\/div>\n<\/div>","protected":false},"excerpt":{"rendered":"<p>Ghost of Tsushima im Online-Store von HandsomeCake Goodies kaufen.<\/p>","protected":false},"featured_media":395,"comment_status":"open","ping_status":"closed","template":"","meta":[],"product_brand":[],"product_cat":[107],"product_tag":[114,115],"class_list":{"0":"post-388","1":"product","2":"type-product","3":"status-publish","4":"has-post-thumbnail","6":"product_cat-regular-games","7":"product_tag-ghost-of-tsushima","8":"product_tag-ghost-of-tsushima-kaufen","9":"pa_plattform-ps-4","11":"first","12":"onbackorder","13":"taxable","14":"shipping-taxable","15":"product-type-simple"},"_links":{"self":[{"href":"https:\/\/store.handsomecake.com\/en\/wp-json\/wp\/v2\/product\/388","targetHints":{"allow":["GET"]}}],"collection":[{"href":"https:\/\/store.handsomecake.com\/en\/wp-json\/wp\/v2\/product"}],"about":[{"href":"https:\/\/store.handsomecake.com\/en\/wp-json\/wp\/v2\/types\/product"}],"replies":[{"embeddable":true,"href":"https:\/\/store.handsomecake.com\/en\/wp-json\/wp\/v2\/comments?post=388"}],"wp:featuredmedia":[{"embeddable":true,"href":"https:\/\/store.handsomecake.com\/en\/wp-json\/wp\/v2\/media\/395"}],"wp:attachment":[{"href":"https:\/\/store.handsomecake.com\/en\/wp-json\/wp\/v2\/media?parent=388"}],"wp:term":[{"taxonomy":"product_brand","embeddable":true,"href":"https:\/\/store.handsomecake.com\/en\/wp-json\/wp\/v2\/product_brand?post=388"},{"taxonomy":"product_cat","embeddable":true,"href":"https:\/\/store.handsomecake.com\/en\/wp-json\/wp\/v2\/product_cat?post=388"},{"taxonomy":"product_tag","embeddable":true,"href":"https:\/\/store.handsomecake.com\/en\/wp-json\/wp\/v2\/product_tag?post=388"}],"curies":[{"name":"wp","href":"https:\/\/api.w.org\/{rel}","templated":true}]}}