{"id":3778,"date":"2021-07-13T16:33:16","date_gmt":"2021-07-13T16:33:16","guid":{"rendered":"https:\/\/store.handsomecake.com\/product\/dragon-ball-z-son-goku-ssj4-14-resin-statue-von-last-sleep-studios\/"},"modified":"2024-06-12T14:51:11","modified_gmt":"2024-06-12T14:51:11","slug":"dragon-ball-z-son-goku-ssj4-14-resin-statue-von-last-sleep-studios","status":"publish","type":"product","link":"https:\/\/store.handsomecake.com\/en\/product\/dragon-ball-z-son-goku-ssj4-14-resin-statue-von-last-sleep-studios\/","title":{"rendered":"Dragon Ball Z &#8211; Son Goku SSJ4 | 1:4 Resin Statue | von Last Sleep Studios"},"content":{"rendered":"<p>Dragon Ball Z &#8211; Son Goku SSJ4 &#8218; 1:4 Resin Statue &#8218; von Last Sleep Studios<\/p>\n<p>I do ship EU-wide, please contact me, should questions arise.<\/p>\n<p>Tolle Statue unseres geliebten Super Sayajins in seiner SSJ4-Form<br \/>\nWunderbar verarbeitete und sehr detaillierte Son Goku Statue aus Polystone &#8211; k\u00fcnstlichem Stein-Harz-Gemisch.<\/p>\n<p>Besonderheiten:<\/p>\n<ul>\n<li>188 St\u00fcck weltweit<\/li>\n<\/ul>\n<p>Release-Status:<\/p>\n<ul>\n<li>Vorbestellung, Release erwartet Ende Q1 2022, Collectible bei uns im Lager sch\u00e4tzungsweise Ende Mai 2022.<\/li>\n<\/ul>\n<p>Wie immer bei meinen Aktionen &#8211; s\u00e4mtliche Geb\u00fchren sind, im Gegensatz zu anderen Angeboten, bereits inkludiert. Versand erfolgt ausschlie\u00dflich aus Deutschland, es fallen keine Zoll- und Importgeb\u00fchren an. Ihr kauft keine Katze im Sack \ud83d\ude42<\/p>\n<p>Ma\u00dfe der Statue:<br \/>\nGr\u00f6\u00dfe: ca. H70cm x W62cm x D60cm<br \/>\nGewicht: TBA, gesch\u00e4tzt 28kg<\/p>\n<p>You are not prepared! \ud83d\ude42<\/p>","protected":false},"excerpt":{"rendered":"<p>Dragon Ball Z &#8211; Son Goku SSJ4 &#8218; 1:4 Resin Statue &#8218; von Last Sleep Studios I do ship EU-wide, please contact me, should questions arise. Tolle Statue unseres geliebten Super Sayajins in seiner SSJ4-Form Wunderbar verarbeitete und sehr detaillierte Son Goku Statue aus Polystone &#8211; k\u00fcnstlichem Stein-Harz-Gemisch. Besonderheiten: 188 St\u00fcck weltweit Release-Status: Vorbestellung, Release [&hellip;]<\/p>\n","protected":false},"featured_media":3779,"comment_status":"closed","ping_status":"closed","template":"","meta":[],"product_brand":[],"product_cat":[87,826,84,567],"product_tag":[612,663,664,666,717,794,662,640,658,479,147,251,738,190,191,171,740,97,741,739,795,154,255,136,137,736,624,735,623,737,379,381,552,665,380,382,547,718],"class_list":{"0":"post-3778","1":"product","2":"type-product","3":"status-publish","4":"has-post-thumbnail","6":"product_cat-dragon-ball","7":"product_cat-lagernd-vor-ort","8":"product_cat-statuen-anime-comic-universum","9":"product_cat-in_stock_warehouse_china","10":"product_tag-anime","11":"product_tag-anime-figur-shop","12":"product_tag-anime-figuren-one-piece","13":"product_tag-anime-figuren-shop","14":"product_tag-anime-shop","15":"product_tag-anime-statue","16":"product_tag-anime-statue-shop","17":"product_tag-anime-statuen","18":"product_tag-anime-toys","19":"product_tag-collectible","20":"product_tag-collectibles","21":"product_tag-collectibles-kaufen","22":"product_tag-dragon-ball","23":"product_tag-dragon-ball-collectibles","24":"product_tag-dragon-ball-resin","25":"product_tag-dragon-ball-son-goku","26":"product_tag-dragon-ball-son-goku-toy","27":"product_tag-dragon-ball-statue","28":"product_tag-dragon-ball-statuen","29":"product_tag-dragon-ball-z","30":"product_tag-handsomecake","31":"product_tag-resin-collectibles","32":"product_tag-resin-collectibles-kaufen","33":"product_tag-resin-statuen","34":"product_tag-resin-statuen-kaufen","35":"product_tag-son-goku","36":"product_tag-son-goku-collectible","37":"product_tag-son-goku-figur","38":"product_tag-son-goku-figurine","39":"product_tag-son-goku-toys","40":"product_tag-statue-collectible","41":"product_tag-statue-collectibles","42":"product_tag-statue-collector","43":"product_tag-statuen-shop","44":"product_tag-statues-collectible","45":"product_tag-statues-collectibles","46":"product_tag-statues-collector","47":"product_tag-toys","48":"pa_brand-las-sleep-studio","49":"pa_scale-1_to_4","50":"pa_scale-1_to_6","52":"first","53":"instock","54":"taxable","55":"shipping-taxable","56":"product-type-variable"},"_links":{"self":[{"href":"https:\/\/store.handsomecake.com\/en\/wp-json\/wp\/v2\/product\/3778","targetHints":{"allow":["GET"]}}],"collection":[{"href":"https:\/\/store.handsomecake.com\/en\/wp-json\/wp\/v2\/product"}],"about":[{"href":"https:\/\/store.handsomecake.com\/en\/wp-json\/wp\/v2\/types\/product"}],"replies":[{"embeddable":true,"href":"https:\/\/store.handsomecake.com\/en\/wp-json\/wp\/v2\/comments?post=3778"}],"wp:featuredmedia":[{"embeddable":true,"href":"https:\/\/store.handsomecake.com\/en\/wp-json\/wp\/v2\/media\/3779"}],"wp:attachment":[{"href":"https:\/\/store.handsomecake.com\/en\/wp-json\/wp\/v2\/media?parent=3778"}],"wp:term":[{"taxonomy":"product_brand","embeddable":true,"href":"https:\/\/store.handsomecake.com\/en\/wp-json\/wp\/v2\/product_brand?post=3778"},{"taxonomy":"product_cat","embeddable":true,"href":"https:\/\/store.handsomecake.com\/en\/wp-json\/wp\/v2\/product_cat?post=3778"},{"taxonomy":"product_tag","embeddable":true,"href":"https:\/\/store.handsomecake.com\/en\/wp-json\/wp\/v2\/product_tag?post=3778"}],"curies":[{"name":"wp","href":"https:\/\/api.w.org\/{rel}","templated":true}]}}