{"id":3743,"date":"2021-07-08T20:49:54","date_gmt":"2021-07-08T20:49:54","guid":{"rendered":"https:\/\/store.handsomecake.com\/product\/dark-souls-firekeeper-14-resin-statue-von-creation-studio\/"},"modified":"2025-02-05T11:00:24","modified_gmt":"2025-02-05T11:00:24","slug":"dark-souls-firekeeper-14-resin-statue-von-creation-studio","status":"publish","type":"product","link":"https:\/\/store.handsomecake.com\/en\/product\/dark-souls-firekeeper-14-resin-statue-von-creation-studio\/","title":{"rendered":"Dark Souls &#8211; Firekeeper | 1:4 Resin Statue | von Creation Studio"},"content":{"rendered":"<p>Dark Souls &#8211; Firekeeper | 1:4 Resin Statue | von Creation Studio<br \/>\nTolle Statue einer der zentralen Figuren aus Dark Souls 3<\/p>\n<blockquote><p>Welcome to the bonfire, Unkindled One.<br \/>\nI am a Fire Keeper.<br \/>\nI tend to the flame, and tend to thee.<br \/>\nThe Lords have left their thrones, and must be deliver&#8217;d to them.<br \/>\nTo this end, I am at thy side.&#8220;<\/p><\/blockquote>\n<p>Wunderbar verarbeitete und sehr detaillierte Firekeeper Statue aus Polystone &#8211; k\u00fcnstlichem Stein-Harz-Gemisch.<\/p>\n<p><strong>Besonderheiten:<\/strong><\/p>\n<ul>\n<li>EX Variante mit 2 K\u00f6rpern (in R\u00fcstung und nackt)<\/li>\n<li>LED Sockel<\/li>\n<\/ul>\n<p><strong>Release-Status:<\/strong><\/p>\n<ul>\n<li>Preorder. Voraussichtlicher Release-Termin: Q2 2022, voraussichtlich bei uns im Lager: Ende August 2022<\/li>\n<\/ul>\n<p>Wie immer bei meinen Aktionen &#8211; s\u00e4mtliche Geb\u00fchren sind, im Gegensatz zu anderen Angeboten, bereits inkludiert. Versand erfolgt ausschlie\u00dflich aus Deutschland, es fallen keine Zoll- und Importgeb\u00fchren an. Ihr kauft keine Katze im Sack \ud83d\ude42<\/p>\n<p>Ma\u00dfe der Statue:<br \/>\nGr\u00f6\u00dfe: ca. 40cm x 40cm x 39cm<br \/>\nGewicht: ca. 8 kg (gesch\u00e4tzt)<\/p>\n<p>You are not prepared!<\/p>","protected":false},"excerpt":{"rendered":"<p>Dark Souls &#8211; Firekeeper | 1:4 Resin Statue | von Creation Studio Tolle Statue einer der zentralen Figuren aus Dark Souls 3 Welcome to the bonfire, Unkindled One. I am a Fire Keeper. I tend to the flame, and tend to thee. The Lords have left their thrones, and must be deliver&#8217;d to them. To [&hellip;]<\/p>\n","protected":false},"featured_media":3744,"comment_status":"closed","ping_status":"closed","template":"","meta":[],"product_brand":[],"product_cat":[1326,568,81],"product_tag":[],"class_list":{"0":"post-3743","1":"product","2":"type-product","3":"status-publish","4":"has-post-thumbnail","6":"product_cat-from-software","7":"product_cat-preorder","8":"product_cat-statuen-computerspieluniversum","9":"pa_brand-creation-studio","10":"pa_scale-1_to_4","12":"first","13":"instock","14":"taxable","15":"shipping-taxable","16":"product-type-simple"},"_links":{"self":[{"href":"https:\/\/store.handsomecake.com\/en\/wp-json\/wp\/v2\/product\/3743","targetHints":{"allow":["GET"]}}],"collection":[{"href":"https:\/\/store.handsomecake.com\/en\/wp-json\/wp\/v2\/product"}],"about":[{"href":"https:\/\/store.handsomecake.com\/en\/wp-json\/wp\/v2\/types\/product"}],"replies":[{"embeddable":true,"href":"https:\/\/store.handsomecake.com\/en\/wp-json\/wp\/v2\/comments?post=3743"}],"wp:featuredmedia":[{"embeddable":true,"href":"https:\/\/store.handsomecake.com\/en\/wp-json\/wp\/v2\/media\/3744"}],"wp:attachment":[{"href":"https:\/\/store.handsomecake.com\/en\/wp-json\/wp\/v2\/media?parent=3743"}],"wp:term":[{"taxonomy":"product_brand","embeddable":true,"href":"https:\/\/store.handsomecake.com\/en\/wp-json\/wp\/v2\/product_brand?post=3743"},{"taxonomy":"product_cat","embeddable":true,"href":"https:\/\/store.handsomecake.com\/en\/wp-json\/wp\/v2\/product_cat?post=3743"},{"taxonomy":"product_tag","embeddable":true,"href":"https:\/\/store.handsomecake.com\/en\/wp-json\/wp\/v2\/product_tag?post=3743"}],"curies":[{"name":"wp","href":"https:\/\/api.w.org\/{rel}","templated":true}]}}