{"id":3669,"date":"2021-07-03T21:48:04","date_gmt":"2021-07-03T21:48:04","guid":{"rendered":"https:\/\/store.handsomecake.com\/product\/final-fantasy-sephiroth-14-resin-statue-von-black-wing-blue-sky\/"},"modified":"2024-06-12T14:50:12","modified_gmt":"2024-06-12T14:50:12","slug":"final-fantasy-sephiroth-14-resin-statue-von-black-wing-blue-sky","status":"publish","type":"product","link":"https:\/\/store.handsomecake.com\/en\/product\/final-fantasy-sephiroth-14-resin-statue-von-black-wing-blue-sky\/","title":{"rendered":"Final Fantasy &#8211; Sephiroth | 1:4 Resin Statue | von Black Wing &#038; Blue Sky Studios"},"content":{"rendered":"<p>Final Fantasy &#8211; Sephiroth &#8218; 1:4 Resin Statue &#8218; von Black Wing &amp; Blue Sky Studios<br \/>\nEU Taxfree! I do ship EU-wide, please contact me, should questions arise.<\/p>\n<p>Tolle Statue des charismatischen Antagonisten aus Final Fantasy 7<br \/>\nWunderbar verarbeitete und sehr detaillierte Sephiroth aus Polystone &#8211; k\u00fcnstlichem Stein-Harz-Gemisch.<\/p>\n<p>Besonderheiten:<\/p>\n<ul>\n<li>Schwert aus echtem Metall<\/li>\n<li>LED Sockel<\/li>\n<li>128 St\u00fcck weltweit<\/li>\n<\/ul>\n<p>Release-Status:<\/p>\n<ul>\n<li>In Stock<\/li>\n<\/ul>\n<p>Wie immer bei meinen Aktionen &#8211; s\u00e4mtliche Geb\u00fchren sind, im Gegensatz zu anderen Angeboten, bereits inkludiert. Versand erfolgt ausschlie\u00dflich aus Deutschland, es fallen keine Zoll- und Importgeb\u00fchren an. Ihr kauft keine Katze im Sack \ud83d\ude42<\/p>\n<p>Ma\u00dfe der Statue:<br \/>\nGr\u00f6\u00dfe: H73cm x W64cm x D66cm<br \/>\nGewicht: TBA, gesch\u00e4tzt: ca. 20 kg<\/p>\n<p>You are not prepared! \ud83d\ude42<\/p>","protected":false},"excerpt":{"rendered":"<p>Final Fantasy &#8211; Sephiroth &#8218; 1:4 Resin Statue &#8218; von Black Wing &amp; Blue Sky Studios EU Taxfree! I do ship EU-wide, please contact me, should questions arise. Tolle Statue des charismatischen Antagonisten aus Final Fantasy 7 Wunderbar verarbeitete und sehr detaillierte Sephiroth aus Polystone &#8211; k\u00fcnstlichem Stein-Harz-Gemisch. Besonderheiten: Schwert aus echtem Metall LED Sockel [&hellip;]<\/p>\n","protected":false},"featured_media":30688,"comment_status":"closed","ping_status":"closed","template":"","meta":[],"product_brand":[],"product_cat":[197,826,81,567],"product_tag":[612,663,664,794,662,640,658,147,251,198,201,199,822,823,200,795,154,136,137,379,381,665,380,382,718],"class_list":{"0":"post-3669","1":"product","2":"type-product","3":"status-publish","4":"has-post-thumbnail","6":"product_cat-final-fantasy","7":"product_cat-lagernd-vor-ort","8":"product_cat-statuen-computerspieluniversum","9":"product_cat-in_stock_warehouse_china","10":"product_tag-anime","11":"product_tag-anime-figur-shop","12":"product_tag-anime-figuren-one-piece","13":"product_tag-anime-statue","14":"product_tag-anime-statue-shop","15":"product_tag-anime-statuen","16":"product_tag-anime-toys","17":"product_tag-collectibles","18":"product_tag-collectibles-kaufen","19":"product_tag-final-fantasy","20":"product_tag-final-fantasy-7-remake","21":"product_tag-final-fantasy-collectibles","22":"product_tag-final-fantasy-resin","23":"product_tag-final-fantasy-resin-statue","24":"product_tag-final-fantasy-statuen","25":"product_tag-handsomecake","26":"product_tag-resin-collectibles","27":"product_tag-resin-statuen","28":"product_tag-resin-statuen-kaufen","29":"product_tag-statue-collectible","30":"product_tag-statue-collectibles","31":"product_tag-statuen-shop","32":"product_tag-statues-collectible","33":"product_tag-statues-collectibles","34":"product_tag-toys","35":"pa_brand-black-wing-and-blue-sky-studios","36":"pa_brand-blackwing-studio","37":"pa_scale-1_to_4","39":"first","40":"outofstock","41":"taxable","42":"shipping-taxable","43":"product-type-simple"},"_links":{"self":[{"href":"https:\/\/store.handsomecake.com\/en\/wp-json\/wp\/v2\/product\/3669","targetHints":{"allow":["GET"]}}],"collection":[{"href":"https:\/\/store.handsomecake.com\/en\/wp-json\/wp\/v2\/product"}],"about":[{"href":"https:\/\/store.handsomecake.com\/en\/wp-json\/wp\/v2\/types\/product"}],"replies":[{"embeddable":true,"href":"https:\/\/store.handsomecake.com\/en\/wp-json\/wp\/v2\/comments?post=3669"}],"wp:featuredmedia":[{"embeddable":true,"href":"https:\/\/store.handsomecake.com\/en\/wp-json\/wp\/v2\/media\/30688"}],"wp:attachment":[{"href":"https:\/\/store.handsomecake.com\/en\/wp-json\/wp\/v2\/media?parent=3669"}],"wp:term":[{"taxonomy":"product_brand","embeddable":true,"href":"https:\/\/store.handsomecake.com\/en\/wp-json\/wp\/v2\/product_brand?post=3669"},{"taxonomy":"product_cat","embeddable":true,"href":"https:\/\/store.handsomecake.com\/en\/wp-json\/wp\/v2\/product_cat?post=3669"},{"taxonomy":"product_tag","embeddable":true,"href":"https:\/\/store.handsomecake.com\/en\/wp-json\/wp\/v2\/product_tag?post=3669"}],"curies":[{"name":"wp","href":"https:\/\/api.w.org\/{rel}","templated":true}]}}