{"id":364,"date":"2020-08-16T22:58:10","date_gmt":"2020-08-16T22:58:10","guid":{"rendered":"https:\/\/store.handsomecake.com\/?post_type=product&#038;p=364"},"modified":"2024-06-12T14:27:08","modified_gmt":"2024-06-12T14:27:08","slug":"desperados-3-ps-4-xbox-uncut","status":"publish","type":"product","link":"https:\/\/store.handsomecake.com\/en\/product\/desperados-3-ps-4-xbox-uncut\/","title":{"rendered":"Desperados 3 &#8211; PS 4 |\u00a0XBOX (uncut)"},"content":{"rendered":"<p>Desperados III ist ein modernes Echtzeit-Taktikspiel, das im unbarmherzigen Wilden Westen spielt.<\/p>\n<p>Der Spieler \u00fcbernimmt die Kontrolle \u00fcber eine zusammengew\u00fcrfelte Gruppe, die schrittweise zu einer eingespielten Heldentruppe wird. Die sehr unterschiedlichen Pers\u00f6nlichkeiten tun sich zun\u00e4chst schwer zusammenzuarbeiten &#8211; aber schon bald raufen sich die Protagonisten zusammen, um es mit ihren einzigartigen F\u00e4higkeiten mit einem scheinbar \u00fcberlegenen Gegner aufzunehmen. Gejagt von gnadenlosen Banditen und korrupten Gesetzesh\u00fctern m\u00fcssen die Desperados in jeder Mission das Blatt wenden.<\/p>\n<p>Auf ihrer epischen Reise durch die USA und Mexiko in den 1870er Jahren stellt sich das Team widrigsten Bedingungen und muss zahlenm\u00e4\u00dfig weit \u00fcberlegene Gangs \u00fcberlisten. Die f\u00fcnf grundverschiedenen Charaktere nutzen auf ihrer Mission, ihren Nemesis aufzusp\u00fcren und einen gnadenlosen Gesch\u00e4ftsmann auszubooten, eine breite Auswahl von F\u00e4higkeiten und infiltrieren, spionieren, sabotieren, entf\u00fchren, t\u00e4uschen, meucheln, sprengen &#8230; und schie\u00dfen als letzten Ausweg einfach jeden Gegner \u00fcber den Haufen.<\/p>\n<p>Kombinieren Sie die F\u00e4higkeiten Ihrer Spezialisten, um die Herausforderungen auf viele verschiedene Weisen zu bew\u00e4ltigen. Planen Sie jede Bewegung gut und f\u00fchren Sie sie in Echzeit aus, um ungesehen an Ihren Gegnern vorbei zu schleichen. Befehligen Sie bis zu f\u00fcnf Desperados und nutzen deren t\u00f6dliche F\u00e4higkeiten, um den Gegner aus den Schatten auszud\u00fcnnen. Gehen Sie jede Mission auf viele verschiedene Arten und Wege an.<\/p>\n<p>Bew\u00e4ltigen Sie scheinbar un\u00fcberwindbare Gegnermassen mit sorgf\u00e4ltiger Planung und perfekter Abstimmung der F\u00e4higkeiten des Teams. Genie\u00dfen Sie die fesselnden Wildwest-Szenarien vor der Kulisse von Grenzst\u00e4dten, W\u00fcstenschluchten, S\u00fcmpfen im Mississippi-Gebiet, gr\u00f6\u00dferen modernen St\u00e4dten und vielem mehr bei Tag und Nacht. Besiegen Sie Ihre Gegner mit t\u00f6dlichen oder nicht-t\u00f6dlichen Angriffen, w\u00e4hlen Sie zwischen Heimlichkeit und wilder Schie\u00dferei, passen Sie das Spiel mit diversen Schwierigkeitsoptionen an und schlie\u00dfen Sie besondere Herausforderungen ab, die den Wiederspielwert erh\u00f6hen.<\/p>","protected":false},"excerpt":{"rendered":"<p>Desperados III ist ein modernes Echtzeit-Taktikspiel, das im unbarmherzigen Wilden Westen spielt. Der Spieler \u00fcbernimmt die Kontrolle \u00fcber eine zusammengew\u00fcrfelte Gruppe, die schrittweise zu einer eingespielten Heldentruppe wird. Die sehr unterschiedlichen Pers\u00f6nlichkeiten tun sich zun\u00e4chst schwer zusammenzuarbeiten &#8211; aber schon bald raufen sich die Protagonisten zusammen, um es mit ihren einzigartigen F\u00e4higkeiten mit einem scheinbar [&hellip;]<\/p>\n","protected":false},"featured_media":365,"comment_status":"open","ping_status":"closed","template":"","meta":[],"product_brand":[],"product_cat":[107],"product_tag":[108,109],"class_list":{"0":"post-364","1":"product","2":"type-product","3":"status-publish","4":"has-post-thumbnail","6":"product_cat-regular-games","7":"product_tag-desperados-3","8":"product_tag-desperados-3-kaufen","9":"pa_plattform-ps-4","10":"pa_plattform-xbox","12":"first","13":"instock","14":"taxable","15":"shipping-taxable","16":"product-type-variable","17":"has-default-attributes"},"_links":{"self":[{"href":"https:\/\/store.handsomecake.com\/en\/wp-json\/wp\/v2\/product\/364","targetHints":{"allow":["GET"]}}],"collection":[{"href":"https:\/\/store.handsomecake.com\/en\/wp-json\/wp\/v2\/product"}],"about":[{"href":"https:\/\/store.handsomecake.com\/en\/wp-json\/wp\/v2\/types\/product"}],"replies":[{"embeddable":true,"href":"https:\/\/store.handsomecake.com\/en\/wp-json\/wp\/v2\/comments?post=364"}],"wp:featuredmedia":[{"embeddable":true,"href":"https:\/\/store.handsomecake.com\/en\/wp-json\/wp\/v2\/media\/365"}],"wp:attachment":[{"href":"https:\/\/store.handsomecake.com\/en\/wp-json\/wp\/v2\/media?parent=364"}],"wp:term":[{"taxonomy":"product_brand","embeddable":true,"href":"https:\/\/store.handsomecake.com\/en\/wp-json\/wp\/v2\/product_brand?post=364"},{"taxonomy":"product_cat","embeddable":true,"href":"https:\/\/store.handsomecake.com\/en\/wp-json\/wp\/v2\/product_cat?post=364"},{"taxonomy":"product_tag","embeddable":true,"href":"https:\/\/store.handsomecake.com\/en\/wp-json\/wp\/v2\/product_tag?post=364"}],"curies":[{"name":"wp","href":"https:\/\/api.w.org\/{rel}","templated":true}]}}