{"id":36392,"date":"2024-10-19T23:06:58","date_gmt":"2024-10-19T23:06:58","guid":{"rendered":"https:\/\/store.handsomecake.com\/product\/elden-ring-crucible-knight-ordovis-14-resin-statue-von-ashes-studio\/"},"modified":"2025-03-27T14:26:14","modified_gmt":"2025-03-27T14:26:14","slug":"elden-ring-crucible-knight-ordovis-14-resin-statue-von-ashes-studio","status":"publish","type":"product","link":"https:\/\/store.handsomecake.com\/en\/product\/elden-ring-crucible-knight-ordovis-14-resin-statue-von-ashes-studio\/","title":{"rendered":"Elden Ring &#8211; Crucible Knight Ordovis | 1:4 Resin Statue | von Ashes Studio"},"content":{"rendered":"<p><strong>Elden Ring &#8211; Crucible Knight Ordovis | 1:4 Resin Statue | von Ashes Studio<\/strong><\/p>\n<p>EU Taxfree! I do ship EU-wide, please contact me, should questions arise.<\/p>\n<p><span style=\"color: #ffffff;\"><em><span style=\"background-color: #2c3e50;\">\u00a0 &#8220; Ordovis, one of the two honored as foremost among the Crucible Knights. &#8220;\u00a0 <\/span><\/em><\/span><\/p>\n<p>Tolle Statue des Endbosses von &#8222;Auriza Hero&#8217;s Grave&#8220;.<br \/>\nWunderbar verarbeitete und sehr detaillierte Ordovis Statue aus Polystone &#8211; k\u00fcnstlichem Stein-Harz-Gemisch.<\/p>\n<p><strong>Besonderheiten:<\/strong><\/p>\n<ul>\n<li>mit LED<\/li>\n<\/ul>\n<p><strong>Release-Status:<\/strong><\/p>\n<ul>\n<li>Preorder. Voraussichtlicher Release-Termin: Q3 2025, voraussichtlich bei uns im Lager: Ende Oktober 2025.<\/li>\n<li>Diese Angabe ist ohne Gew\u00e4hr! Wir leiten nur die Sch\u00e4tzung vom Hersteller weiter.<\/li>\n<li>Falls das Datum \u00fcberschritten wurde und hier immer noch eine Sch\u00e4tzung aus der Vergangenheit steht, dann bedeutet das NICHT, dass die Figur bereits im Lager in Deutschland ist. Sie ist NUR dann auf Lager in Deutschland, wenn der Text dies entsprechend sagt und\/oder die Kategorie weiter oben &#8222;Lagernd vor Ort&#8220; hei\u00dft.<\/li>\n<\/ul>\n<hr \/>\n<p>Wie immer bei unseren Artikeln &#8211; s\u00e4mtliche Geb\u00fchren sind, im Gegensatz zu anderen Anbietern auf dem Markt, bereits inkludiert.<\/p>\n<p>Versand erfolgt ausschlie\u00dflich aus Deutschland, es fallen keine Zoll- und Importgeb\u00fchren an.<\/p>\n<p>Als einziger EU-weit legal zugelassener H\u00e4ndler von Resin-Statuen garantieren wir exklusive Qualit\u00e4t und Vertrauensw\u00fcrdigkeit, die ihr nirgendwo anders finden.<\/p>\n<p>Ihr kauft keine Katze im Sack \ud83d\ude42<\/p>\n<hr \/>\n<p>You are not prepared! \ud83d\ude42<\/p>","protected":false},"excerpt":{"rendered":"<p>Elden Ring &#8211; Crucible Knight Ordovis | 1:4 Resin Statue | von Ashes Studio EU Taxfree! I do ship EU-wide, please contact me, should questions arise. \u00a0 &#8220; Ordovis, one of the two honored as foremost among the Crucible Knights. &#8220;\u00a0 Tolle Statue des Endbosses von &#8222;Auriza Hero&#8217;s Grave&#8220;. Wunderbar verarbeitete und sehr detaillierte Ordovis [&hellip;]<\/p>\n","protected":false},"featured_media":36393,"comment_status":"closed","ping_status":"closed","template":"","meta":[],"product_brand":[],"product_cat":[24,1775,568,81],"product_tag":[658,147,251,3654,1332,1329,2489,1330,1331,2490,1333,795,3655,154,136,137,379,381,665,380,382,718,3652,3653],"class_list":{"0":"post-36392","1":"product","2":"type-product","3":"status-publish","4":"has-post-thumbnail","6":"product_cat-action-figuren","7":"product_cat-elden-ring","8":"product_cat-preorder","9":"product_cat-statuen-computerspieluniversum","10":"product_tag-anime-toys","11":"product_tag-collectibles","12":"product_tag-collectibles-kaufen","13":"product_tag-crucible-knight-ordovis","14":"product_tag-elden-ring","15":"product_tag-elden-ring-collectibles","16":"product_tag-elden-ring-figur","17":"product_tag-elden-ring-resin","18":"product_tag-elden-ring-resin-statue","19":"product_tag-elden-ring-statue","20":"product_tag-elden-ring-statuen","21":"product_tag-handsomecake","22":"product_tag-ordovis-elden-ring","23":"product_tag-resin-collectibles","24":"product_tag-resin-statuen","25":"product_tag-resin-statuen-kaufen","26":"product_tag-statue-collectible","27":"product_tag-statue-collectibles","28":"product_tag-statuen-shop","29":"product_tag-statues-collectible","30":"product_tag-statues-collectibles","31":"product_tag-toys","32":"product_tag-vargram-collectible","33":"product_tag-vargram-statue","34":"pa_brand-ashes-studio","35":"pa_scale-1_to_4","37":"first","38":"instock","39":"taxable","40":"shipping-taxable","41":"product-type-simple"},"_links":{"self":[{"href":"https:\/\/store.handsomecake.com\/en\/wp-json\/wp\/v2\/product\/36392","targetHints":{"allow":["GET"]}}],"collection":[{"href":"https:\/\/store.handsomecake.com\/en\/wp-json\/wp\/v2\/product"}],"about":[{"href":"https:\/\/store.handsomecake.com\/en\/wp-json\/wp\/v2\/types\/product"}],"replies":[{"embeddable":true,"href":"https:\/\/store.handsomecake.com\/en\/wp-json\/wp\/v2\/comments?post=36392"}],"wp:featuredmedia":[{"embeddable":true,"href":"https:\/\/store.handsomecake.com\/en\/wp-json\/wp\/v2\/media\/36393"}],"wp:attachment":[{"href":"https:\/\/store.handsomecake.com\/en\/wp-json\/wp\/v2\/media?parent=36392"}],"wp:term":[{"taxonomy":"product_brand","embeddable":true,"href":"https:\/\/store.handsomecake.com\/en\/wp-json\/wp\/v2\/product_brand?post=36392"},{"taxonomy":"product_cat","embeddable":true,"href":"https:\/\/store.handsomecake.com\/en\/wp-json\/wp\/v2\/product_cat?post=36392"},{"taxonomy":"product_tag","embeddable":true,"href":"https:\/\/store.handsomecake.com\/en\/wp-json\/wp\/v2\/product_tag?post=36392"}],"curies":[{"name":"wp","href":"https:\/\/api.w.org\/{rel}","templated":true}]}}