{"id":3636,"date":"2021-06-29T19:09:47","date_gmt":"2021-06-29T19:09:47","guid":{"rendered":"https:\/\/store.handsomecake.com\/product\/world-of-warcraft-maiev-shadowsong-ex-14-resin-statue-von-mayflies-studio\/"},"modified":"2024-09-08T17:30:27","modified_gmt":"2024-09-08T17:30:27","slug":"world-of-warcraft-maiev-shadowsong-ex-14-resin-statue-von-mayflies-studio","status":"publish","type":"product","link":"https:\/\/store.handsomecake.com\/en\/product\/world-of-warcraft-maiev-shadowsong-ex-14-resin-statue-von-mayflies-studio\/","title":{"rendered":"World of Warcraft &#8211; Maiev Shadowsong EX | 1:4 Resin Statue | von Mayflies Studio"},"content":{"rendered":"<p>World of Warcraft &#8211; Maiev Shadowsong EX &#8218; 1:4 Resin Statue &#8218; von Mayflies Studio<\/p>\n<p>EU Taxfree! I do ship EU-wide, please contact me, should questions arise.<\/p>\n<p>Tolle Statue der J\u00e4gerin von Illidan<br \/>\nWunderbar verarbeitete und sehr detaillierte Statue von Maiev Shadowsong aus Polystone &#8211; k\u00fcnstlichem Stein-Harz-Gemisch.<\/p>\n<p>Besonderheiten:<\/p>\n<ul>\n<li>2 austauschbare K\u00f6pfe<\/li>\n<li>Hierbei handelt es sich um die EX-Variante mit einem Shadow-Spirit<\/li>\n<\/ul>\n<p>Release-Status:<\/p>\n<ul>\n<li>Released. Statue wird ca. 40 Tage nach Bestelleingang versendet.<\/li>\n<\/ul>\n<p>Wie immer bei meinen Aktionen &#8211; s\u00e4mtliche Geb\u00fchren sind, im Gegensatz zu anderen Angeboten, bereits inkludiert. Versand erfolgt ausschlie\u00dflich aus Deutschland, es fallen keine Zoll- und Importgeb\u00fchren an. Ihr kauft keine Katze im Sack \ud83d\ude42<\/p>\n<p>Ma\u00dfe der Statue:<br \/>\nGr\u00f6\u00dfe: ca. 61cm x 66cm x 47cm<br \/>\nGewicht: TBA, gesch\u00e4tzt: ca. 12.5 kg<\/p>\n<p>You are not prepared! \ud83d\ude42<\/p>","protected":false},"excerpt":{"rendered":"<p>World of Warcraft &#8211; Maiev Shadowsong EX &#8218; 1:4 Resin Statue &#8218; von Mayflies Studio EU Taxfree! I do ship EU-wide, please contact me, should questions arise. Tolle Statue der J\u00e4gerin von Illidan Wunderbar verarbeitete und sehr detaillierte Statue von Maiev Shadowsong aus Polystone &#8211; k\u00fcnstlichem Stein-Harz-Gemisch. Besonderheiten: 2 austauschbare K\u00f6pfe Hierbei handelt es sich [&hellip;]<\/p>\n","protected":false},"featured_media":3637,"comment_status":"closed","ping_status":"closed","template":"","meta":[],"product_brand":[],"product_cat":[826,81,85,567],"product_tag":[],"class_list":{"0":"post-3636","1":"product","2":"type-product","3":"status-publish","4":"has-post-thumbnail","6":"product_cat-lagernd-vor-ort","7":"product_cat-statuen-computerspieluniversum","8":"product_cat-warcraft","9":"product_cat-in_stock_warehouse_china","10":"pa_brand-mayflies-studio","11":"pa_scale-1_to_4","13":"first","14":"onbackorder","15":"taxable","16":"shipping-taxable","17":"product-type-simple"},"_links":{"self":[{"href":"https:\/\/store.handsomecake.com\/en\/wp-json\/wp\/v2\/product\/3636","targetHints":{"allow":["GET"]}}],"collection":[{"href":"https:\/\/store.handsomecake.com\/en\/wp-json\/wp\/v2\/product"}],"about":[{"href":"https:\/\/store.handsomecake.com\/en\/wp-json\/wp\/v2\/types\/product"}],"replies":[{"embeddable":true,"href":"https:\/\/store.handsomecake.com\/en\/wp-json\/wp\/v2\/comments?post=3636"}],"wp:featuredmedia":[{"embeddable":true,"href":"https:\/\/store.handsomecake.com\/en\/wp-json\/wp\/v2\/media\/3637"}],"wp:attachment":[{"href":"https:\/\/store.handsomecake.com\/en\/wp-json\/wp\/v2\/media?parent=3636"}],"wp:term":[{"taxonomy":"product_brand","embeddable":true,"href":"https:\/\/store.handsomecake.com\/en\/wp-json\/wp\/v2\/product_brand?post=3636"},{"taxonomy":"product_cat","embeddable":true,"href":"https:\/\/store.handsomecake.com\/en\/wp-json\/wp\/v2\/product_cat?post=3636"},{"taxonomy":"product_tag","embeddable":true,"href":"https:\/\/store.handsomecake.com\/en\/wp-json\/wp\/v2\/product_tag?post=3636"}],"curies":[{"name":"wp","href":"https:\/\/api.w.org\/{rel}","templated":true}]}}