{"id":36000,"date":"2024-10-04T00:29:24","date_gmt":"2024-10-04T00:29:24","guid":{"rendered":"https:\/\/store.handsomecake.com\/produkt\/neo-genesis-evangelion-asuka-langley-14-resin-statue-von-dragon-studio\/"},"modified":"2024-10-10T00:01:29","modified_gmt":"2024-10-10T00:01:29","slug":"neo-genesis-evangelion-asuka-langley-14-resin-statue-von-dragon-studio","status":"publish","type":"product","link":"https:\/\/store.handsomecake.com\/en\/product\/neo-genesis-evangelion-asuka-langley-14-resin-statue-von-dragon-studio\/","title":{"rendered":"Neon Genesis Evangelion &#8211; Asuka Langley | 1:4 Resin Statue | von Dragon Studio"},"content":{"rendered":"<p><strong>Neon Genesis Evangelion &#8211; Asuka Langley | 1:4 Resin Statue | von Dragon Studio<\/strong><\/p>\n<p>I do ship EU-wide, please contact me, should questions arise.<\/p>\n<p>Tolle Statue der tapferen Mechpilotin.<br \/>\nWunderbar verarbeitete und sehr detaillierte Asuka Langley Statue aus Polystone &#8211; k\u00fcnstlichem Stein-Harz-Gemisch.<\/p>\n<p><strong>Besonderheiten<\/strong>:<\/p>\n<ul>\n<li>rote Version<\/li>\n<li>weltweit 199 St\u00fcck<\/li>\n<li>R\u00fcstung abnehmbar<\/li>\n<\/ul>\n<p><strong>Release-Status:<\/strong><\/p>\n<ul>\n<li>In Stock im Warenlager in China. Ab Bestellzeitpunkt in ca. 3-4 Monaten bei Euch.<\/li>\n<\/ul>\n<hr \/>\n<p>Wie immer bei unseren Artikeln &#8211; s\u00e4mtliche Geb\u00fchren sind, im Gegensatz zu anderen Anbietern auf dem Markt, bereits inkludiert.<\/p>\n<p>Versand erfolgt ausschlie\u00dflich aus Deutschland, es fallen keine Zoll- und Importgeb\u00fchren an.<\/p>\n<p>Als einziger EU-weit legal zugelassener H\u00e4ndler von Resin-Statuen garantieren wir exklusive Qualit\u00e4t und Vertrauensw\u00fcrdigkeit, die ihr nirgendwo anders finden.<\/p>\n<p>Ihr kauft keine Katze im Sack \ud83d\ude42<\/p>\n<hr \/>\n<p>You are not prepared! \ud83d\ude42<\/p>","protected":false},"excerpt":{"rendered":"<p>Neon Genesis Evangelion &#8211; Asuka Langley | 1:4 Resin Statue | von Dragon Studio I do ship EU-wide, please contact me, should questions arise. Tolle Statue der tapferen Mechpilotin. Wunderbar verarbeitete und sehr detaillierte Asuka Langley Statue aus Polystone &#8211; k\u00fcnstlichem Stein-Harz-Gemisch. Besonderheiten: rote Version weltweit 199 St\u00fcck R\u00fcstung abnehmbar Release-Status: In Stock im Warenlager [&hellip;]<\/p>\n","protected":false},"featured_media":36040,"comment_status":"closed","ping_status":"closed","template":"","meta":[],"product_brand":[],"product_cat":[24,826,811,84],"product_tag":[612,656,666,708,1043,658,539,537,538,479,147,251,383,533,540,795,536,534,535,154,255,136,137],"class_list":{"0":"post-36000","1":"product","2":"type-product","3":"status-publish","4":"has-post-thumbnail","6":"product_cat-action-figuren","7":"product_cat-lagernd-vor-ort","8":"product_cat-neon-genesis-evangelion","9":"product_cat-statuen-anime-comic-universum","10":"product_tag-anime","11":"product_tag-anime-collectibles","12":"product_tag-anime-figuren-shop","13":"product_tag-anime-statuen-shop","14":"product_tag-anime-statues","15":"product_tag-anime-toys","16":"product_tag-asuka-figure","17":"product_tag-asuka-resin-statue","18":"product_tag-asuka-statue","19":"product_tag-collectible","20":"product_tag-collectibles","21":"product_tag-collectibles-kaufen","22":"product_tag-collector","23":"product_tag-eva","24":"product_tag-eva-asuka-collectible","25":"product_tag-handsomecake","26":"product_tag-neo-genesis-asuka","27":"product_tag-neo-genesis-eva","28":"product_tag-neo-genesis-evangelion","29":"product_tag-resin-collectibles","30":"product_tag-resin-collectibles-kaufen","31":"product_tag-resin-statuen","32":"product_tag-resin-statuen-kaufen","33":"pa_brand-dragon-studio","34":"pa_scale-1_to_4","36":"first","37":"instock","38":"taxable","39":"shipping-taxable","40":"product-type-simple"},"_links":{"self":[{"href":"https:\/\/store.handsomecake.com\/en\/wp-json\/wp\/v2\/product\/36000","targetHints":{"allow":["GET"]}}],"collection":[{"href":"https:\/\/store.handsomecake.com\/en\/wp-json\/wp\/v2\/product"}],"about":[{"href":"https:\/\/store.handsomecake.com\/en\/wp-json\/wp\/v2\/types\/product"}],"replies":[{"embeddable":true,"href":"https:\/\/store.handsomecake.com\/en\/wp-json\/wp\/v2\/comments?post=36000"}],"wp:featuredmedia":[{"embeddable":true,"href":"https:\/\/store.handsomecake.com\/en\/wp-json\/wp\/v2\/media\/36040"}],"wp:attachment":[{"href":"https:\/\/store.handsomecake.com\/en\/wp-json\/wp\/v2\/media?parent=36000"}],"wp:term":[{"taxonomy":"product_brand","embeddable":true,"href":"https:\/\/store.handsomecake.com\/en\/wp-json\/wp\/v2\/product_brand?post=36000"},{"taxonomy":"product_cat","embeddable":true,"href":"https:\/\/store.handsomecake.com\/en\/wp-json\/wp\/v2\/product_cat?post=36000"},{"taxonomy":"product_tag","embeddable":true,"href":"https:\/\/store.handsomecake.com\/en\/wp-json\/wp\/v2\/product_tag?post=36000"}],"curies":[{"name":"wp","href":"https:\/\/api.w.org\/{rel}","templated":true}]}}