{"id":3589,"date":"2021-06-29T16:02:50","date_gmt":"2021-06-29T16:02:50","guid":{"rendered":"https:\/\/store.handsomecake.com\/product\/marvel-old-man-logan-14-resin-statue-von-exoresin\/"},"modified":"2025-07-03T18:00:26","modified_gmt":"2025-07-03T18:00:26","slug":"marvel-old-man-logan-14-resin-statue-von-exoresin","status":"publish","type":"product","link":"https:\/\/store.handsomecake.com\/en\/product\/marvel-old-man-logan-14-resin-statue-von-exoresin\/","title":{"rendered":"Marvel &#8211; Old Man Logan | 1:4 Resin Statue | von Exoresin"},"content":{"rendered":"<p>Marvel &#8211; Old Man Logan &#8218; 1:4 Resin Statue &#8218; von Exoresin<br \/>\nEU Taxfree! I do ship EU-wide, please contact me, should questions arise.<\/p>\n<p>Tolle Statue des gealterten Wolverine<br \/>\nWunderbar verarbeitete und sehr detaillierte Statue von Old Man Logan aus Polystone &#8211; k\u00fcnstlichem Stein-Harz-Gemisch.<\/p>\n<p>Besonderheiten:<\/p>\n<ul>\n<li>2 austauschbare K\u00f6pfe<\/li>\n<li>optionales Schwert f\u00fcr die rechte Hand<\/li>\n<\/ul>\n<p>Release-Status:<\/p>\n<ul>\n<li>Lagernd vor Ort. Versandfertig in ca. 5 Werktagen<\/li>\n<\/ul>\n<p>Wie immer bei meinen Aktionen &#8211; s\u00e4mtliche Geb\u00fchren sind, im Gegensatz zu anderen Angeboten, bereits inkludiert. Versand erfolgt ausschlie\u00dflich aus Deutschland, es fallen keine Zoll- und Importgeb\u00fchren an. Ihr kauft keine Katze im Sack \ud83d\ude42<\/p>\n<p>Ma\u00dfe der Statue:<br \/>\nGr\u00f6\u00dfe: 60cm x 42cm x 38cm<br \/>\nGewicht: TBA, gesch\u00e4tzt: ca. 22 kg<\/p>\n<p>You are not prepared! \ud83d\ude42<\/p>","protected":false},"excerpt":{"rendered":"<p>Marvel &#8211; Old Man Logan &#8218; 1:4 Resin Statue &#8218; von Exoresin EU Taxfree! I do ship EU-wide, please contact me, should questions arise. Tolle Statue des gealterten Wolverine Wunderbar verarbeitete und sehr detaillierte Statue von Old Man Logan aus Polystone &#8211; k\u00fcnstlichem Stein-Harz-Gemisch. Besonderheiten: 2 austauschbare K\u00f6pfe optionales Schwert f\u00fcr die rechte Hand Release-Status: [&hellip;]<\/p>\n","protected":false},"featured_media":3590,"comment_status":"closed","ping_status":"closed","template":"","meta":[],"product_brand":[],"product_cat":[826,269,84],"product_tag":[],"class_list":{"0":"post-3589","1":"product","2":"type-product","3":"status-publish","4":"has-post-thumbnail","6":"product_cat-lagernd-vor-ort","7":"product_cat-marvel","8":"product_cat-statuen-anime-comic-universum","9":"pa_brand-exoresin","10":"pa_scale-1_to_3","11":"pa_scale-1_to_4","13":"first","14":"outofstock","15":"sale","16":"taxable","17":"shipping-taxable","18":"product-type-simple"},"_links":{"self":[{"href":"https:\/\/store.handsomecake.com\/en\/wp-json\/wp\/v2\/product\/3589","targetHints":{"allow":["GET"]}}],"collection":[{"href":"https:\/\/store.handsomecake.com\/en\/wp-json\/wp\/v2\/product"}],"about":[{"href":"https:\/\/store.handsomecake.com\/en\/wp-json\/wp\/v2\/types\/product"}],"replies":[{"embeddable":true,"href":"https:\/\/store.handsomecake.com\/en\/wp-json\/wp\/v2\/comments?post=3589"}],"wp:featuredmedia":[{"embeddable":true,"href":"https:\/\/store.handsomecake.com\/en\/wp-json\/wp\/v2\/media\/3590"}],"wp:attachment":[{"href":"https:\/\/store.handsomecake.com\/en\/wp-json\/wp\/v2\/media?parent=3589"}],"wp:term":[{"taxonomy":"product_brand","embeddable":true,"href":"https:\/\/store.handsomecake.com\/en\/wp-json\/wp\/v2\/product_brand?post=3589"},{"taxonomy":"product_cat","embeddable":true,"href":"https:\/\/store.handsomecake.com\/en\/wp-json\/wp\/v2\/product_cat?post=3589"},{"taxonomy":"product_tag","embeddable":true,"href":"https:\/\/store.handsomecake.com\/en\/wp-json\/wp\/v2\/product_tag?post=3589"}],"curies":[{"name":"wp","href":"https:\/\/api.w.org\/{rel}","templated":true}]}}