{"id":35889,"date":"2024-09-30T23:39:44","date_gmt":"2024-09-30T23:39:44","guid":{"rendered":"https:\/\/store.handsomecake.com\/produkt\/one-piece-bartholomew-kuma-14-resin-statue-von-super-bomb-studio\/"},"modified":"2024-10-01T00:03:15","modified_gmt":"2024-10-01T00:03:15","slug":"one-piece-bartholomew-kuma-14-resin-statue-von-super-bomb-studio","status":"publish","type":"product","link":"https:\/\/store.handsomecake.com\/en\/product\/one-piece-bartholomew-kuma-14-resin-statue-von-super-bomb-studio\/","title":{"rendered":"One Piece &#8211; Bartholomew Kuma | 1:4 Resin Statue | von Super Bomb Studio"},"content":{"rendered":"<p><strong>One Piece &#8211; Bartholomew Kuma | 1:4 Resin Statue | von Super Bomb Studio<\/strong><\/p>\n<p>I do ship EU-wide, please contact me, should questions arise.<\/p>\n<p>Tolle Statue von einem Mitglied \u014cka Shichibukai.<br \/>\nWunderbar verarbeitete und sehr detaillierte Kuma Statue aus Polystone &#8211; k\u00fcnstlichem Stein-Harz-Gemisch.<\/p>\n<p><strong>Besonderheiten:<\/strong><\/p>\n<ul>\n<li>MAX Version<\/li>\n<li>PRO Version auch verf\u00fcgbar<\/li>\n<li>mit LED<\/li>\n<\/ul>\n<p><strong>Release-Status:<\/strong><\/p>\n<ul>\n<li>Preorder. Voraussichtlicher Release-Termin: Q3 2025, voraussichtlich bei uns im Lager: Ende Oktober 2025.<\/li>\n<li>Diese Angabe ist ohne Gew\u00e4hr! Wir leiten nur die Sch\u00e4tzung vom Hersteller weiter.<\/li>\n<li>Falls das Datum \u00fcberschritten wurde und hier immer noch eine Sch\u00e4tzung aus der Vergangenheit steht, dann bedeutet das NICHT, dass die Figur bereits im Lager in Deutschland ist. Sie ist NUR dann auf Lager in Deutschland, wenn der Text dies entsprechend sagt und\/oder die Kategorie weiter oben &#8222;Lagernd vor Ort&#8220; hei\u00dft.<\/li>\n<\/ul>\n<hr \/>\n<p>Wie immer bei unseren Artikeln &#8211; s\u00e4mtliche Geb\u00fchren sind, im Gegensatz zu anderen Anbietern auf dem Markt, bereits inkludiert.<\/p>\n<p>Versand erfolgt ausschlie\u00dflich aus Deutschland, es fallen keine Zoll- und Importgeb\u00fchren an.<\/p>\n<p>Als einziger EU-weit legal zugelassener H\u00e4ndler von Resin-Statuen garantieren wir exklusive Qualit\u00e4t und Vertrauensw\u00fcrdigkeit, die ihr nirgendwo anders finden.<\/p>\n<p>Ihr kauft keine Katze im Sack \ud83d\ude42<\/p>\n<hr \/>\n<p>You are not prepared! \ud83d\ude42<\/p>","protected":false},"excerpt":{"rendered":"<p>One Piece &#8211; Bartholomew Kuma | 1:4 Resin Statue | von Super Bomb Studio I do ship EU-wide, please contact me, should questions arise. Tolle Statue von einem Mitglied \u014cka Shichibukai. Wunderbar verarbeitete und sehr detaillierte Kuma Statue aus Polystone &#8211; k\u00fcnstlichem Stein-Harz-Gemisch. Besonderheiten: MAX Version PRO Version auch verf\u00fcgbar mit LED Release-Status: Preorder. Voraussichtlicher [&hellip;]<\/p>\n","protected":false},"featured_media":35944,"comment_status":"closed","ping_status":"closed","template":"","meta":[],"product_brand":[],"product_cat":[24,89,568,84],"product_tag":[612,3598,3599,3600,3601,3603,3602,3604,3606,3607,3608,479,147,3605,795,3609,3610,3611,3612,3613,3614,3615,3616,3617,3618,2646,3619],"class_list":{"0":"post-35889","1":"product","2":"type-product","3":"status-publish","4":"has-post-thumbnail","6":"product_cat-action-figuren","7":"product_cat-one-piece","8":"product_cat-preorder","9":"product_cat-statuen-anime-comic-universum","10":"product_tag-anime","11":"product_tag-animefigurenonepiece","12":"product_tag-animefigurenshop","13":"product_tag-animeshop","14":"product_tag-animestatue","15":"product_tag-animestatuen","16":"product_tag-animestatueshop","17":"product_tag-animetoys","18":"product_tag-bartholomewkuma","19":"product_tag-bartholomewkumacollectible","20":"product_tag-bartholomewkumastatue","21":"product_tag-collectible","22":"product_tag-collectibles","23":"product_tag-collectibleskaufen","24":"product_tag-handsomecake","25":"product_tag-kumaonepiece","26":"product_tag-onepiececollectibles","27":"product_tag-onepieceresin","28":"product_tag-onepiecestatue","29":"product_tag-resincollectibles","30":"product_tag-resincollectibleskaufen","31":"product_tag-resinstatuen","32":"product_tag-resinstatuenkaufen","33":"product_tag-statuecollectible","34":"product_tag-statuecollectibles","35":"product_tag-statuecollector","36":"product_tag-statuescollectible","37":"pa_brand-super-bomb-studio","39":"first","40":"instock","41":"taxable","42":"shipping-taxable","43":"product-type-variable"},"_links":{"self":[{"href":"https:\/\/store.handsomecake.com\/en\/wp-json\/wp\/v2\/product\/35889","targetHints":{"allow":["GET"]}}],"collection":[{"href":"https:\/\/store.handsomecake.com\/en\/wp-json\/wp\/v2\/product"}],"about":[{"href":"https:\/\/store.handsomecake.com\/en\/wp-json\/wp\/v2\/types\/product"}],"replies":[{"embeddable":true,"href":"https:\/\/store.handsomecake.com\/en\/wp-json\/wp\/v2\/comments?post=35889"}],"wp:featuredmedia":[{"embeddable":true,"href":"https:\/\/store.handsomecake.com\/en\/wp-json\/wp\/v2\/media\/35944"}],"wp:attachment":[{"href":"https:\/\/store.handsomecake.com\/en\/wp-json\/wp\/v2\/media?parent=35889"}],"wp:term":[{"taxonomy":"product_brand","embeddable":true,"href":"https:\/\/store.handsomecake.com\/en\/wp-json\/wp\/v2\/product_brand?post=35889"},{"taxonomy":"product_cat","embeddable":true,"href":"https:\/\/store.handsomecake.com\/en\/wp-json\/wp\/v2\/product_cat?post=35889"},{"taxonomy":"product_tag","embeddable":true,"href":"https:\/\/store.handsomecake.com\/en\/wp-json\/wp\/v2\/product_tag?post=35889"}],"curies":[{"name":"wp","href":"https:\/\/api.w.org\/{rel}","templated":true}]}}