{"id":35774,"date":"2024-09-22T20:29:35","date_gmt":"2024-09-22T20:29:35","guid":{"rendered":"https:\/\/store.handsomecake.com\/produkt\/cloudinsect-mahina-14-resin-statue-von-trieagles-studio-x-wlop\/"},"modified":"2024-09-22T21:36:56","modified_gmt":"2024-09-22T21:36:56","slug":"cloudinsect-mahina-14-resin-statue-von-trieagles-studio-x-wlop","status":"publish","type":"product","link":"https:\/\/store.handsomecake.com\/en\/product\/cloudinsect-mahina-14-resin-statue-von-trieagles-studio-x-wlop\/","title":{"rendered":"CloudInsect &#8211; Mahina | 1:4 Resin Statue | von TriEagles Studio x WLOP"},"content":{"rendered":"<p><strong>CloudInsect &#8211; Mahina | 1:4 Resin Statue | von TriEagles Studio x WLOP<\/strong><\/p>\n<p>I do ship EU-wide, please contact me, should questions arise.<\/p>\n<p>Coole Statue der Resident-S\u00e4ngerin Mahina von WLOP.<br \/>\nWunderbar verarbeitete und sehr detaillierte Mahina Statue aus Polystone &#8211; k\u00fcnstlichem Stein-Harz-Gemisch.<\/p>\n<p><strong>Besonderheiten:<\/strong><\/p>\n<ul>\n<li>zwei Versionen zur Auswahl: mit wei\u00dfem oder schwarzem T-Shirt<\/li>\n<li>die Version mit schwarzem T-Shirt kommt zus\u00e4tzlich mit schwarzen Str\u00fcmpfen<\/li>\n<li>T-Shirts bestehen aus echtem Stoff<\/li>\n<\/ul>\n<p><strong>Release-Status:<\/strong><\/p>\n<ul>\n<li>Preorder. Voraussichtlicher Release-Termin: Q4 2025, voraussichtlich bei uns im Lager: Ende Februar 2026.<\/li>\n<li>Diese Angabe ist ohne Gew\u00e4hr! Wir leiten nur die Sch\u00e4tzung vom Hersteller weiter.<\/li>\n<li>Falls das Datum \u00fcberschritten wurde und hier immer noch eine Sch\u00e4tzung aus der Vergangenheit steht, dann bedeutet das NICHT, dass die Figur bereits im Lager in Deutschland ist. Sie ist NUR dann auf Lager in Deutschland, wenn der Text dies entsprechend sagt und\/oder die Kategorie weiter oben &#8222;Lagernd vor Ort&#8220; hei\u00dft.<\/li>\n<\/ul>\n<hr \/>\n<p>Wie immer bei unseren Artikeln &#8211; s\u00e4mtliche Geb\u00fchren sind, im Gegensatz zu anderen Anbietern auf dem Markt, bereits inkludiert.<\/p>\n<p>Versand erfolgt ausschlie\u00dflich aus Deutschland, es fallen keine Zoll- und Importgeb\u00fchren an.<\/p>\n<p>Als einziger EU-weit legal zugelassener H\u00e4ndler von Resin-Statuen garantieren wir exklusive Qualit\u00e4t und Vertrauensw\u00fcrdigkeit, die ihr nirgendwo anders finden.<\/p>\n<p>Ihr kauft keine Katze im Sack \ud83d\ude42<\/p>\n<hr \/>\n<hr \/>\n<p>You are not prepared! \ud83d\ude42<\/p>","protected":false},"excerpt":{"rendered":"<p>CloudInsect &#8211; Mahina | 1:4 Resin Statue | von TriEagles Studio x WLOP I do ship EU-wide, please contact me, should questions arise. Coole Statue der Resident-S\u00e4ngerin Mahina von WLOP. Wunderbar verarbeitete und sehr detaillierte Mahina Statue aus Polystone &#8211; k\u00fcnstlichem Stein-Harz-Gemisch. Besonderheiten: zwei Versionen zur Auswahl: mit wei\u00dfem oder schwarzem T-Shirt die Version mit [&hellip;]<\/p>\n","protected":false},"featured_media":35818,"comment_status":"closed","ping_status":"closed","template":"","meta":[],"product_brand":[],"product_cat":[15],"product_tag":[2098,666,717,640,658,3584,3583,479,147,251,383,553,795,3581,3582,3585,154,255,136,137,554,379,2116,2115],"class_list":{"0":"post-35774","1":"product","2":"type-product","3":"status-publish","4":"has-post-thumbnail","6":"product_cat-sonstiges","7":"product_tag-aeolian-statue","8":"product_tag-anime-figuren-shop","9":"product_tag-anime-shop","10":"product_tag-anime-statuen","11":"product_tag-anime-toys","12":"product_tag-cloud-insect","13":"product_tag-cloudinsect","14":"product_tag-collectible","15":"product_tag-collectibles","16":"product_tag-collectibles-kaufen","17":"product_tag-collector","18":"product_tag-figure-collector","19":"product_tag-handsomecake","20":"product_tag-mahina","21":"product_tag-mahina-cloudinsect","22":"product_tag-mahina-collectible","23":"product_tag-resin-collectibles","24":"product_tag-resin-collectibles-kaufen","25":"product_tag-resin-statuen","26":"product_tag-resin-statuen-kaufen","27":"product_tag-resin-statues","28":"product_tag-statue-collectible","29":"product_tag-trieagles-studio","30":"product_tag-wlop","31":"pa_brand-tri-eagles-studio","32":"pa_scale-1_to_4","34":"first","35":"instock","36":"taxable","37":"shipping-taxable","38":"product-type-variable"},"_links":{"self":[{"href":"https:\/\/store.handsomecake.com\/en\/wp-json\/wp\/v2\/product\/35774","targetHints":{"allow":["GET"]}}],"collection":[{"href":"https:\/\/store.handsomecake.com\/en\/wp-json\/wp\/v2\/product"}],"about":[{"href":"https:\/\/store.handsomecake.com\/en\/wp-json\/wp\/v2\/types\/product"}],"replies":[{"embeddable":true,"href":"https:\/\/store.handsomecake.com\/en\/wp-json\/wp\/v2\/comments?post=35774"}],"wp:featuredmedia":[{"embeddable":true,"href":"https:\/\/store.handsomecake.com\/en\/wp-json\/wp\/v2\/media\/35818"}],"wp:attachment":[{"href":"https:\/\/store.handsomecake.com\/en\/wp-json\/wp\/v2\/media?parent=35774"}],"wp:term":[{"taxonomy":"product_brand","embeddable":true,"href":"https:\/\/store.handsomecake.com\/en\/wp-json\/wp\/v2\/product_brand?post=35774"},{"taxonomy":"product_cat","embeddable":true,"href":"https:\/\/store.handsomecake.com\/en\/wp-json\/wp\/v2\/product_cat?post=35774"},{"taxonomy":"product_tag","embeddable":true,"href":"https:\/\/store.handsomecake.com\/en\/wp-json\/wp\/v2\/product_tag?post=35774"}],"curies":[{"name":"wp","href":"https:\/\/api.w.org\/{rel}","templated":true}]}}