{"id":35594,"date":"2024-09-12T13:45:15","date_gmt":"2024-09-12T13:45:15","guid":{"rendered":"https:\/\/store.handsomecake.com\/produkt\/dragon-ball-broly-vs-gogeta-14-resin-statue-von-2-studio\/"},"modified":"2024-09-12T16:59:33","modified_gmt":"2024-09-12T16:59:33","slug":"dragon-ball-broly-vs-gogeta-14-resin-statue-von-2-studio","status":"publish","type":"product","link":"https:\/\/store.handsomecake.com\/en\/product\/dragon-ball-broly-vs-gogeta-14-resin-statue-von-2-studio\/","title":{"rendered":"Dragon Ball &#8211; Broly vs. Gogeta | 1:4 Resin Statue | von 2% Studio"},"content":{"rendered":"<p><strong>Dragon Ball &#8211; Broly vs. Gogeta | 1:4 Resin Statue | von 2% Studio<\/strong><\/p>\n<p>EU Taxfree! I do ship EU-wide, please contact me, should questions arise.<\/p>\n<p><em><span style=\"color: #ffffff;\"><span style=\"background-color: #2c3e50;\">\u00a0 &#8220; If you&#8217;d just let me kill you all before, you wouldn&#8217;t be dealing with this pain now. You&#8217;re all complete and utter wastes of Saiyan blood! &#8220;\u00a0\u00a0 <\/span><\/span><\/em><\/p>\n<p>Tolle Statue des b\u00f6sartigen Super Saiyajin vs. Fusion von Son Goku und Vegeta.<br \/>\nWunderbar verarbeitete und sehr detaillierte Statue von Broly vs. Gogeta aus Polystone &#8211; k\u00fcnstlichem Stein-Harz-Gemisch.<\/p>\n<p><strong>Besonderheiten:<\/strong><\/p>\n<ul>\n<li>weltweit nur 88 St\u00fcck<\/li>\n<li>2 austauschbare K\u00f6pfe (von Gogeta)<\/li>\n<li>mit LED<\/li>\n<\/ul>\n<p><strong>Release-Status:<\/strong><\/p>\n<ul>\n<li>Preorder. Voraussichtlicher Release-Termin: Q3 2025, voraussichtlich bei uns im Lager: Ende November 2026.<\/li>\n<li>Diese Angabe ist ohne Gew\u00e4hr! Wir leiten nur die Sch\u00e4tzung vom Hersteller weiter.<\/li>\n<li>Falls das Datum \u00fcberschritten wurde und hier immer noch eine Sch\u00e4tzung aus der Vergangenheit steht, dann bedeutet das NICHT, dass die Figur bereits im Lager in Deutschland ist. Sie ist NUR dann auf Lager in Deutschland, wenn der Text dies entsprechend sagt und\/oder die Kategorie weiter oben &#8222;Lagernd vor Ort&#8220; hei\u00dft.<\/li>\n<\/ul>\n<hr \/>\n<p>Wie immer bei unseren Artikeln &#8211; s\u00e4mtliche Geb\u00fchren sind, im Gegensatz zu anderen Anbietern auf dem Markt, bereits inkludiert.<\/p>\n<p>Versand erfolgt ausschlie\u00dflich aus Deutschland, es fallen keine Zoll- und Importgeb\u00fchren an.<\/p>\n<p>Als einziger EU-weit legal zugelassener H\u00e4ndler von Resin-Statuen garantieren wir exklusive Qualit\u00e4t und Vertrauensw\u00fcrdigkeit, die ihr nirgendwo anders finden.<\/p>\n<p>Ihr kauft keine Katze im Sack \ud83d\ude42<\/p>\n<hr \/>\n<p>You are not prepared! \ud83d\ude42<\/p>","protected":false},"excerpt":{"rendered":"<p>Dragon Ball &#8211; Broly vs. Gogeta | 1:4 Resin Statue | von 2% Studio EU Taxfree! I do ship EU-wide, please contact me, should questions arise. \u00a0 &#8220; If you&#8217;d just let me kill you all before, you wouldn&#8217;t be dealing with this pain now. You&#8217;re all complete and utter wastes of Saiyan blood! &#8220;\u00a0\u00a0 [&hellip;]<\/p>\n","protected":false},"featured_media":35612,"comment_status":"closed","ping_status":"closed","template":"","meta":[],"product_brand":[],"product_cat":[24,87,568,84],"product_tag":[612,664,666,794,662,640,658,688,685,687,686,147,251,682,683,190,191,97,795,154,136,137,379,381,665,380,382,718],"class_list":{"0":"post-35594","1":"product","2":"type-product","3":"status-publish","4":"has-post-thumbnail","6":"product_cat-action-figuren","7":"product_cat-dragon-ball","8":"product_cat-preorder","9":"product_cat-statuen-anime-comic-universum","10":"product_tag-anime","11":"product_tag-anime-figuren-one-piece","12":"product_tag-anime-figuren-shop","13":"product_tag-anime-statue","14":"product_tag-anime-statue-shop","15":"product_tag-anime-statuen","16":"product_tag-anime-toys","17":"product_tag-broly","18":"product_tag-broly-collectible","19":"product_tag-broly-figure","20":"product_tag-broly-statue","21":"product_tag-collectibles","22":"product_tag-collectibles-kaufen","23":"product_tag-dragon-ball-broly","24":"product_tag-dragon-ball-broly-collectible","25":"product_tag-dragon-ball-collectibles","26":"product_tag-dragon-ball-resin","27":"product_tag-dragon-ball-statue","28":"product_tag-handsomecake","29":"product_tag-resin-collectibles","30":"product_tag-resin-statuen","31":"product_tag-resin-statuen-kaufen","32":"product_tag-statue-collectible","33":"product_tag-statue-collectibles","34":"product_tag-statuen-shop","35":"product_tag-statues-collectible","36":"product_tag-statues-collectibles","37":"product_tag-toys","38":"pa_brand-2-studio","39":"pa_scale-1_to_4","41":"first","42":"instock","43":"taxable","44":"shipping-taxable","45":"product-type-simple"},"_links":{"self":[{"href":"https:\/\/store.handsomecake.com\/en\/wp-json\/wp\/v2\/product\/35594","targetHints":{"allow":["GET"]}}],"collection":[{"href":"https:\/\/store.handsomecake.com\/en\/wp-json\/wp\/v2\/product"}],"about":[{"href":"https:\/\/store.handsomecake.com\/en\/wp-json\/wp\/v2\/types\/product"}],"replies":[{"embeddable":true,"href":"https:\/\/store.handsomecake.com\/en\/wp-json\/wp\/v2\/comments?post=35594"}],"wp:featuredmedia":[{"embeddable":true,"href":"https:\/\/store.handsomecake.com\/en\/wp-json\/wp\/v2\/media\/35612"}],"wp:attachment":[{"href":"https:\/\/store.handsomecake.com\/en\/wp-json\/wp\/v2\/media?parent=35594"}],"wp:term":[{"taxonomy":"product_brand","embeddable":true,"href":"https:\/\/store.handsomecake.com\/en\/wp-json\/wp\/v2\/product_brand?post=35594"},{"taxonomy":"product_cat","embeddable":true,"href":"https:\/\/store.handsomecake.com\/en\/wp-json\/wp\/v2\/product_cat?post=35594"},{"taxonomy":"product_tag","embeddable":true,"href":"https:\/\/store.handsomecake.com\/en\/wp-json\/wp\/v2\/product_tag?post=35594"}],"curies":[{"name":"wp","href":"https:\/\/api.w.org\/{rel}","templated":true}]}}