{"id":35577,"date":"2024-09-12T13:42:09","date_gmt":"2024-09-12T13:42:09","guid":{"rendered":"https:\/\/store.handsomecake.com\/produkt\/super-mario-mario-joker-16-resin-statue-von-vs-studio\/"},"modified":"2024-09-12T16:59:31","modified_gmt":"2024-09-12T16:59:31","slug":"super-mario-mario-joker-16-resin-statue-von-vs-studio","status":"publish","type":"product","link":"https:\/\/store.handsomecake.com\/en\/product\/super-mario-mario-joker-16-resin-statue-von-vs-studio\/","title":{"rendered":"Super Mario &#8211; Mario (Joker) | 1:6 Resin Statue | von VS Studio"},"content":{"rendered":"<p><strong>Super Mario &#8211; Mario (Joker) | 1:6 Resin Statue | von VS Studio<\/strong><\/p>\n<p>EU Taxfree! I do ship EU-wide, please contact me, should questions arise.<\/p>\n<p>Tolle Statue von dem Maskottchen von Nintendo.<br \/>\nWunderbar verarbeitete und sehr detaillierte Mario Statue aus Polystone &#8211; k\u00fcnstlichem Stein-Harz-Gemisch.<\/p>\n<p><strong>Besonderheiten:<\/strong><\/p>\n<ul>\n<li>keine<\/li>\n<\/ul>\n<p><strong>Release-Status:<\/strong><\/p>\n<ul>\n<li>Preorder. Voraussichtlicher Release-Termin: Q1 2025, voraussichtlich bei uns im Lager: Ende Mai 2025.<\/li>\n<li>Diese Angabe ist ohne Gew\u00e4hr! Wir leiten nur die Sch\u00e4tzung vom Hersteller weiter.<\/li>\n<li>Falls das Datum \u00fcberschritten wurde und hier immer noch eine Sch\u00e4tzung aus der Vergangenheit steht, dann bedeutet das NICHT, dass die Figur bereits im Lager in Deutschland ist. Sie ist NUR dann auf Lager in Deutschland, wenn der Text dies entsprechend sagt und\/oder die Kategorie weiter oben &#8222;Lagernd vor Ort&#8220; hei\u00dft.<\/li>\n<\/ul>\n<hr \/>\n<p>Wie immer bei unseren Artikeln &#8211; s\u00e4mtliche Geb\u00fchren sind, im Gegensatz zu anderen Anbietern auf dem Markt, bereits inkludiert.<\/p>\n<p>Versand erfolgt ausschlie\u00dflich aus Deutschland, es fallen keine Zoll- und Importgeb\u00fchren an.<\/p>\n<p>Als einziger EU-weit legal zugelassener H\u00e4ndler von Resin-Statuen garantieren wir exklusive Qualit\u00e4t und Vertrauensw\u00fcrdigkeit, die ihr nirgendwo anders finden.<\/p>\n<p>Ihr kauft keine Katze im Sack \ud83d\ude42<\/p>\n<hr \/>\n<p>You are not prepared! \ud83d\ude42<\/p>","protected":false},"excerpt":{"rendered":"<p>Super Mario &#8211; Mario (Joker) | 1:6 Resin Statue | von VS Studio EU Taxfree! I do ship EU-wide, please contact me, should questions arise. Tolle Statue von dem Maskottchen von Nintendo. Wunderbar verarbeitete und sehr detaillierte Mario Statue aus Polystone &#8211; k\u00fcnstlichem Stein-Harz-Gemisch. Besonderheiten: keine Release-Status: Preorder. Voraussichtlicher Release-Termin: Q1 2025, voraussichtlich bei uns [&hellip;]<\/p>\n","protected":false},"featured_media":35614,"comment_status":"closed","ping_status":"closed","template":"","meta":[],"product_brand":[],"product_cat":[24,568,81],"product_tag":[612,659,640,147,795,3108,3110,3115,3111,3116,154,136,137,3109,3107,3112,3113,3114],"class_list":{"0":"post-35577","1":"product","2":"type-product","3":"status-publish","4":"has-post-thumbnail","6":"product_cat-action-figuren","7":"product_cat-preorder","8":"product_cat-statuen-computerspieluniversum","9":"product_tag-anime","10":"product_tag-anime-figuren","11":"product_tag-anime-statuen","12":"product_tag-collectibles","13":"product_tag-handsomecake","14":"product_tag-mario-collectibles-kaufen","15":"product_tag-mario-family","16":"product_tag-mario-resin","17":"product_tag-mario-statue","18":"product_tag-mario-statuen-kaufen","19":"product_tag-resin-collectibles","20":"product_tag-resin-statuen","21":"product_tag-resin-statuen-kaufen","22":"product_tag-super-mario","23":"product_tag-super-mario-collectibles","24":"product_tag-super-mario-collection","25":"product_tag-super-mario-collector","26":"product_tag-super-mario-statue","27":"pa_brand-vs-studio","28":"pa_scale-1_to_6","30":"first","31":"instock","32":"taxable","33":"shipping-taxable","34":"product-type-simple"},"_links":{"self":[{"href":"https:\/\/store.handsomecake.com\/en\/wp-json\/wp\/v2\/product\/35577","targetHints":{"allow":["GET"]}}],"collection":[{"href":"https:\/\/store.handsomecake.com\/en\/wp-json\/wp\/v2\/product"}],"about":[{"href":"https:\/\/store.handsomecake.com\/en\/wp-json\/wp\/v2\/types\/product"}],"replies":[{"embeddable":true,"href":"https:\/\/store.handsomecake.com\/en\/wp-json\/wp\/v2\/comments?post=35577"}],"wp:featuredmedia":[{"embeddable":true,"href":"https:\/\/store.handsomecake.com\/en\/wp-json\/wp\/v2\/media\/35614"}],"wp:attachment":[{"href":"https:\/\/store.handsomecake.com\/en\/wp-json\/wp\/v2\/media?parent=35577"}],"wp:term":[{"taxonomy":"product_brand","embeddable":true,"href":"https:\/\/store.handsomecake.com\/en\/wp-json\/wp\/v2\/product_brand?post=35577"},{"taxonomy":"product_cat","embeddable":true,"href":"https:\/\/store.handsomecake.com\/en\/wp-json\/wp\/v2\/product_cat?post=35577"},{"taxonomy":"product_tag","embeddable":true,"href":"https:\/\/store.handsomecake.com\/en\/wp-json\/wp\/v2\/product_tag?post=35577"}],"curies":[{"name":"wp","href":"https:\/\/api.w.org\/{rel}","templated":true}]}}