{"id":35536,"date":"2024-09-12T13:37:16","date_gmt":"2024-09-12T13:37:16","guid":{"rendered":"https:\/\/store.handsomecake.com\/produkt\/stellar-blade-eve-14-resin-statue-von-hyperspace-studio\/"},"modified":"2025-09-22T18:55:01","modified_gmt":"2025-09-22T18:55:01","slug":"stellar-blade-eve-14-resin-statue-von-hyperspace-studio","status":"publish","type":"product","link":"https:\/\/store.handsomecake.com\/en\/product\/stellar-blade-eve-14-resin-statue-von-hyperspace-studio\/","title":{"rendered":"Stellar Blade &#8211; EVE | 1:4 Resin Statue | von Hyperspace Studio"},"content":{"rendered":"<p><strong>Stellar Blade &#8211; EVE | 1:4 Resin Statue | von Hyperspace Studio<\/strong><\/p>\n<p>I do ship EU-wide, please contact me, should questions arise.<\/p>\n<p>Tolle Statue eines Mitglieds der Eve Defense Force.<br \/>\nWunderbar verarbeitete und sehr detaillierte Eve Statue aus Polystone &#8211; k\u00fcnstlichem Stein-Harz-Gemisch.<\/p>\n<p><strong>Besonderheiten:<\/strong><\/p>\n<ul>\n<li>C Version (A + B)<\/li>\n<li>A und B version auch separat verf\u00fcgbar<\/li>\n<li>A Version: bekleideter K\u00f6rper, EX LED Sockel, Brille abnehmbar<\/li>\n<li>B Version: nackter K\u00f6rper, Regular LED Sockel, Brille abnehmbar<\/li>\n<\/ul>\n<p><strong>Release-Status:<\/strong><\/p>\n<ul>\n<li>Preorder. Voraussichtlicher Release-Termin: Q2 2025, voraussichtlich bei uns im Lager: Ende August 2025.<\/li>\n<li>Diese Angabe ist ohne Gew\u00e4hr! Wir leiten nur die Sch\u00e4tzung vom Hersteller weiter.<\/li>\n<li>Falls das Datum \u00fcberschritten wurde und hier immer noch eine Sch\u00e4tzung aus der Vergangenheit steht, dann bedeutet das NICHT, dass die Figur bereits im Lager in Deutschland ist. Sie ist NUR dann auf Lager in Deutschland, wenn der Text dies entsprechend sagt und\/oder die Kategorie weiter oben &#8222;Lagernd vor Ort&#8220; hei\u00dft.<\/li>\n<\/ul>\n<hr \/>\n<p>Wie immer bei unseren Artikeln &#8211; s\u00e4mtliche Geb\u00fchren sind, im Gegensatz zu anderen Anbietern auf dem Markt, bereits inkludiert.<\/p>\n<p>Versand erfolgt ausschlie\u00dflich aus Deutschland, es fallen keine Zoll- und Importgeb\u00fchren an.<\/p>\n<p>Als einziger EU-weit legal zugelassener H\u00e4ndler von Resin-Statuen garantieren wir exklusive Qualit\u00e4t und Vertrauensw\u00fcrdigkeit, die ihr nirgendwo anders finden.<\/p>\n<p>Ihr kauft keine Katze im Sack \ud83d\ude42<\/p>\n<hr \/>\n<p>You are not prepared! \ud83d\ude42<\/p>","protected":false},"excerpt":{"rendered":"<p>Stellar Blade &#8211; EVE | 1:4 Resin Statue | von Hyperspace Studio I do ship EU-wide, please contact me, should questions arise. Tolle Statue eines Mitglieds der Eve Defense Force. Wunderbar verarbeitete und sehr detaillierte Eve Statue aus Polystone &#8211; k\u00fcnstlichem Stein-Harz-Gemisch. Besonderheiten: C Version (A + B) A und B version auch separat verf\u00fcgbar [&hellip;]<\/p>\n","protected":false},"featured_media":35616,"comment_status":"closed","ping_status":"closed","template":"","meta":[],"product_brand":[],"product_cat":[24,568,81],"product_tag":[612,666,717,640,658,479,147,251,383,3364,553,795,154,255,136,137,554,379,381,552,380,382,547,3357,3358,3359,3360,3361,3362,3363,3365,3366],"class_list":{"0":"post-35536","1":"product","2":"type-product","3":"status-publish","4":"has-post-thumbnail","6":"product_cat-action-figuren","7":"product_cat-preorder","8":"product_cat-statuen-computerspieluniversum","9":"product_tag-anime","10":"product_tag-anime-figuren-shop","11":"product_tag-anime-shop","12":"product_tag-anime-statuen","13":"product_tag-anime-toys","14":"product_tag-collectible","15":"product_tag-collectibles","16":"product_tag-collectibles-kaufen","17":"product_tag-collector","18":"product_tag-eve-figurine","19":"product_tag-figure-collector","20":"product_tag-handsomecake","21":"product_tag-resin-collectibles","22":"product_tag-resin-collectibles-kaufen","23":"product_tag-resin-statuen","24":"product_tag-resin-statuen-kaufen","25":"product_tag-resin-statues","26":"product_tag-statue-collectible","27":"product_tag-statue-collectibles","28":"product_tag-statue-collector","29":"product_tag-statues-collectible","30":"product_tag-statues-collectibles","31":"product_tag-statues-collector","32":"product_tag-stellar-blade","33":"product_tag-stellar-blade-collectibles","34":"product_tag-stellar-blade-eve","35":"product_tag-stellar-blade-eve-figurine","36":"product_tag-stellar-blade-eve-statue","37":"product_tag-stellar-blade-eve-toy","38":"product_tag-stellar-blade-statuen","39":"product_tag-stellar-blade-toy","40":"product_tag-stellar-blade-toys","41":"pa_scale-1_to_4","43":"first","44":"instock","45":"taxable","46":"shipping-taxable","47":"product-type-variable"},"_links":{"self":[{"href":"https:\/\/store.handsomecake.com\/en\/wp-json\/wp\/v2\/product\/35536","targetHints":{"allow":["GET"]}}],"collection":[{"href":"https:\/\/store.handsomecake.com\/en\/wp-json\/wp\/v2\/product"}],"about":[{"href":"https:\/\/store.handsomecake.com\/en\/wp-json\/wp\/v2\/types\/product"}],"replies":[{"embeddable":true,"href":"https:\/\/store.handsomecake.com\/en\/wp-json\/wp\/v2\/comments?post=35536"}],"wp:featuredmedia":[{"embeddable":true,"href":"https:\/\/store.handsomecake.com\/en\/wp-json\/wp\/v2\/media\/35616"}],"wp:attachment":[{"href":"https:\/\/store.handsomecake.com\/en\/wp-json\/wp\/v2\/media?parent=35536"}],"wp:term":[{"taxonomy":"product_brand","embeddable":true,"href":"https:\/\/store.handsomecake.com\/en\/wp-json\/wp\/v2\/product_brand?post=35536"},{"taxonomy":"product_cat","embeddable":true,"href":"https:\/\/store.handsomecake.com\/en\/wp-json\/wp\/v2\/product_cat?post=35536"},{"taxonomy":"product_tag","embeddable":true,"href":"https:\/\/store.handsomecake.com\/en\/wp-json\/wp\/v2\/product_tag?post=35536"}],"curies":[{"name":"wp","href":"https:\/\/api.w.org\/{rel}","templated":true}]}}