{"id":35516,"date":"2024-09-12T13:33:07","date_gmt":"2024-09-12T13:33:07","guid":{"rendered":"https:\/\/store.handsomecake.com\/produkt\/dragon-ball-bulma-14-resin-statue-von-hunter-fan-studio\/"},"modified":"2024-09-12T17:07:12","modified_gmt":"2024-09-12T17:07:12","slug":"dragon-ball-bulma-14-resin-statue-von-hunter-fan-studio","status":"publish","type":"product","link":"https:\/\/store.handsomecake.com\/en\/product\/dragon-ball-bulma-14-resin-statue-von-hunter-fan-studio\/","title":{"rendered":"Dragon Ball &#8211; Bulma | 1:4 Resin Statue | von Hunter Fan Studio"},"content":{"rendered":"<p><strong>Dragon Ball &#8211; Bulma | 1:4 Resin Statue | von Hunter Fan Studio<\/strong><\/p>\n<p>EU Taxfree! I do ship EU-wide, please contact me, should questions arise.<\/p>\n<p>Tolle Statue der zweiten Tochter des Gr\u00fcnders der Capsule Corporation.<br \/>\nWunderbar verarbeitete und sehr detaillierte Statue von Bulma aus Polystone &#8211; k\u00fcnstlichem Stein-Harz-Gemisch.<\/p>\n<p><strong>Besonderheiten:<\/strong><\/p>\n<ul>\n<li>auch in Gr\u00f6\u00dfe 1:6 verf\u00fcgbar<\/li>\n<li>jede Version ist weltweit auf nur 99 St\u00fcck begrenzt<\/li>\n<li>extra Realismus-Kopf auf Wunsch erh\u00e4ltlich<\/li>\n<\/ul>\n<p><strong>Release-Status:<\/strong><\/p>\n<ul>\n<li>Preorder. Voraussichtlicher Release-Termin: Q2 2025, voraussichtlich bei uns im Lager: Ende August 2025.<\/li>\n<li>Diese Angabe ist ohne Gew\u00e4hr! Wir leiten nur die Sch\u00e4tzung vom Hersteller weiter.<\/li>\n<li>Falls das Datum \u00fcberschritten wurde und hier immer noch eine Sch\u00e4tzung aus der Vergangenheit steht, dann bedeutet das NICHT, dass die Figur bereits im Lager in Deutschland ist. Sie ist NUR dann auf Lager in Deutschland, wenn der Text dies entsprechend sagt und\/oder die Kategorie weiter oben &#8222;Lagernd vor Ort&#8220; hei\u00dft.<\/li>\n<\/ul>\n<hr \/>\n<p>Wie immer bei unseren Artikeln &#8211; s\u00e4mtliche Geb\u00fchren sind, im Gegensatz zu anderen Anbietern auf dem Markt, bereits inkludiert.<\/p>\n<p>Versand erfolgt ausschlie\u00dflich aus Deutschland, es fallen keine Zoll- und Importgeb\u00fchren an.<\/p>\n<p>Als einziger EU-weit legal zugelassener H\u00e4ndler von Resin-Statuen garantieren wir exklusive Qualit\u00e4t und Vertrauensw\u00fcrdigkeit, die ihr nirgendwo anders finden.<\/p>\n<p>Ihr kauft keine Katze im Sack \ud83d\ude42<\/p>\n<hr \/>\n<p>You are not prepared! \ud83d\ude42<\/p>","protected":false},"excerpt":{"rendered":"<p>Dragon Ball &#8211; Bulma | 1:4 Resin Statue | von Hunter Fan Studio EU Taxfree! I do ship EU-wide, please contact me, should questions arise. Tolle Statue der zweiten Tochter des Gr\u00fcnders der Capsule Corporation. Wunderbar verarbeitete und sehr detaillierte Statue von Bulma aus Polystone &#8211; k\u00fcnstlichem Stein-Harz-Gemisch. Besonderheiten: auch in Gr\u00f6\u00dfe 1:6 verf\u00fcgbar jede [&hellip;]<\/p>\n","protected":false},"featured_media":35618,"comment_status":"closed","ping_status":"closed","template":"","meta":[],"product_brand":[],"product_cat":[24,87,568,84],"product_tag":[612,659,666,717,794,662,640,658,3569,479,147,251,738,3567,3568,190,191,741,795,154,255,136,137,379,381,552,380,547,718],"class_list":{"0":"post-35516","1":"product","2":"type-product","3":"status-publish","4":"has-post-thumbnail","6":"product_cat-action-figuren","7":"product_cat-dragon-ball","8":"product_cat-preorder","9":"product_cat-statuen-anime-comic-universum","10":"product_tag-anime","11":"product_tag-anime-figuren","12":"product_tag-anime-figuren-shop","13":"product_tag-anime-shop","14":"product_tag-anime-statue","15":"product_tag-anime-statue-shop","16":"product_tag-anime-statuen","17":"product_tag-anime-toys","18":"product_tag-bulma-statue","19":"product_tag-collectible","20":"product_tag-collectibles","21":"product_tag-collectibles-kaufen","22":"product_tag-dragon-ball","23":"product_tag-dragon-ball-bulma","24":"product_tag-dragon-ball-bulma-collectible","25":"product_tag-dragon-ball-collectibles","26":"product_tag-dragon-ball-resin","27":"product_tag-dragon-ball-statuen","28":"product_tag-handsomecake","29":"product_tag-resin-collectibles","30":"product_tag-resin-collectibles-kaufen","31":"product_tag-resin-statuen","32":"product_tag-resin-statuen-kaufen","33":"product_tag-statue-collectible","34":"product_tag-statue-collectibles","35":"product_tag-statue-collector","36":"product_tag-statues-collectible","37":"product_tag-statues-collector","38":"product_tag-toys","39":"pa_brand-hunter-fan-studio","41":"first","42":"instock","43":"taxable","44":"shipping-taxable","45":"product-type-variable"},"_links":{"self":[{"href":"https:\/\/store.handsomecake.com\/en\/wp-json\/wp\/v2\/product\/35516","targetHints":{"allow":["GET"]}}],"collection":[{"href":"https:\/\/store.handsomecake.com\/en\/wp-json\/wp\/v2\/product"}],"about":[{"href":"https:\/\/store.handsomecake.com\/en\/wp-json\/wp\/v2\/types\/product"}],"replies":[{"embeddable":true,"href":"https:\/\/store.handsomecake.com\/en\/wp-json\/wp\/v2\/comments?post=35516"}],"wp:featuredmedia":[{"embeddable":true,"href":"https:\/\/store.handsomecake.com\/en\/wp-json\/wp\/v2\/media\/35618"}],"wp:attachment":[{"href":"https:\/\/store.handsomecake.com\/en\/wp-json\/wp\/v2\/media?parent=35516"}],"wp:term":[{"taxonomy":"product_brand","embeddable":true,"href":"https:\/\/store.handsomecake.com\/en\/wp-json\/wp\/v2\/product_brand?post=35516"},{"taxonomy":"product_cat","embeddable":true,"href":"https:\/\/store.handsomecake.com\/en\/wp-json\/wp\/v2\/product_cat?post=35516"},{"taxonomy":"product_tag","embeddable":true,"href":"https:\/\/store.handsomecake.com\/en\/wp-json\/wp\/v2\/product_tag?post=35516"}],"curies":[{"name":"wp","href":"https:\/\/api.w.org\/{rel}","templated":true}]}}