{"id":35459,"date":"2024-09-08T15:14:07","date_gmt":"2024-09-08T15:14:07","guid":{"rendered":"https:\/\/store.handsomecake.com\/produkt\/marvel-deadpool-110-resin-statue-von-iron-studios\/"},"modified":"2024-11-29T00:59:36","modified_gmt":"2024-11-29T00:59:36","slug":"marvel-deadpool-110-resin-statue-von-iron-studios","status":"publish","type":"product","link":"https:\/\/store.handsomecake.com\/en\/product\/marvel-deadpool-110-resin-statue-von-iron-studios\/","title":{"rendered":"Marvel &#8211; Deadpool | 1:10 Resin Statue | von Iron Studios"},"content":{"rendered":"<p><strong>Marvel &#8211; Deadpool | 1:10 Resin Statue | von Iron Studios<\/strong><\/p>\n<p>EU Taxfree! I do ship EU-wide, please contact me, should questions arise.<\/p>\n<p>Tolle Statue unseres geliebten Frechmauls.<br \/>\nWunderbar verarbeitete und sehr detaillierte Statue von Deadpool aus Polystone &#8211; k\u00fcnstlichem Stein-Harz-Gemisch.<\/p>\n<p><strong>Besonderheiten:<\/strong><\/p>\n<ul>\n<li>Limited Edition<\/li>\n<li>austauschbarer Kopf<\/li>\n<\/ul>\n<p><strong>Release-Status:<\/strong><\/p>\n<ul>\n<li>Lagernd vor Ort in Deutschland. Versandfertig in ca. 5 Werktagen.<\/li>\n<\/ul>\n<hr \/>\n<p>Wie immer bei unseren Artikeln &#8211; s\u00e4mtliche Geb\u00fchren sind, im Gegensatz zu anderen Anbietern auf dem Markt, bereits inkludiert.<\/p>\n<p>Versand erfolgt ausschlie\u00dflich aus Deutschland, es fallen keine Zoll- und Importgeb\u00fchren an.<\/p>\n<p>Als einziger EU-weit legal zugelassener H\u00e4ndler von Resin-Statuen garantieren wir exklusive Qualit\u00e4t und Vertrauensw\u00fcrdigkeit, die ihr nirgendwo anders finden.<\/p>\n<p>Ihr kauft keine Katze im Sack \ud83d\ude42<\/p>\n<hr \/>\n<p>You are not prepared! \ud83d\ude42<\/p>","protected":false},"excerpt":{"rendered":"<p>Marvel &#8211; Deadpool | 1:10 Resin Statue | von Iron Studios EU Taxfree! I do ship EU-wide, please contact me, should questions arise. Tolle Statue unseres geliebten Frechmauls. Wunderbar verarbeitete und sehr detaillierte Statue von Deadpool aus Polystone &#8211; k\u00fcnstlichem Stein-Harz-Gemisch. Besonderheiten: Limited Edition austauschbarer Kopf Release-Status: Lagernd vor Ort in Deutschland. Versandfertig in ca. [&hellip;]<\/p>\n","protected":false},"featured_media":35471,"comment_status":"closed","ping_status":"closed","template":"","meta":[],"product_brand":[],"product_cat":[24,826,269,84],"product_tag":[612,659,666,658,147,251,383,982,983,553,795,271,272,862,863,864,154,136,554,379,381,552,547],"class_list":{"0":"post-35459","1":"product","2":"type-product","3":"status-publish","4":"has-post-thumbnail","6":"product_cat-action-figuren","7":"product_cat-lagernd-vor-ort","8":"product_cat-marvel","9":"product_cat-statuen-anime-comic-universum","10":"product_tag-anime","11":"product_tag-anime-figuren","12":"product_tag-anime-figuren-shop","13":"product_tag-anime-toys","14":"product_tag-collectibles","15":"product_tag-collectibles-kaufen","16":"product_tag-collector","17":"product_tag-deadpool","18":"product_tag-deadpool-statue","19":"product_tag-figure-collector","20":"product_tag-handsomecake","21":"product_tag-marvel","22":"product_tag-marvel-collectibles","23":"product_tag-marvel-collector","24":"product_tag-marvel-comics","25":"product_tag-marvel-comics-collectibles","26":"product_tag-resin-collectibles","27":"product_tag-resin-statuen","28":"product_tag-resin-statues","29":"product_tag-statue-collectible","30":"product_tag-statue-collectibles","31":"product_tag-statue-collector","32":"product_tag-statues-collector","33":"pa_brand-iron-studios","34":"pa_scale-1_to_10","36":"first","37":"outofstock","38":"taxable","39":"shipping-taxable","40":"product-type-simple"},"_links":{"self":[{"href":"https:\/\/store.handsomecake.com\/en\/wp-json\/wp\/v2\/product\/35459","targetHints":{"allow":["GET"]}}],"collection":[{"href":"https:\/\/store.handsomecake.com\/en\/wp-json\/wp\/v2\/product"}],"about":[{"href":"https:\/\/store.handsomecake.com\/en\/wp-json\/wp\/v2\/types\/product"}],"replies":[{"embeddable":true,"href":"https:\/\/store.handsomecake.com\/en\/wp-json\/wp\/v2\/comments?post=35459"}],"wp:featuredmedia":[{"embeddable":true,"href":"https:\/\/store.handsomecake.com\/en\/wp-json\/wp\/v2\/media\/35471"}],"wp:attachment":[{"href":"https:\/\/store.handsomecake.com\/en\/wp-json\/wp\/v2\/media?parent=35459"}],"wp:term":[{"taxonomy":"product_brand","embeddable":true,"href":"https:\/\/store.handsomecake.com\/en\/wp-json\/wp\/v2\/product_brand?post=35459"},{"taxonomy":"product_cat","embeddable":true,"href":"https:\/\/store.handsomecake.com\/en\/wp-json\/wp\/v2\/product_cat?post=35459"},{"taxonomy":"product_tag","embeddable":true,"href":"https:\/\/store.handsomecake.com\/en\/wp-json\/wp\/v2\/product_tag?post=35459"}],"curies":[{"name":"wp","href":"https:\/\/api.w.org\/{rel}","templated":true}]}}