{"id":35441,"date":"2024-09-08T15:11:27","date_gmt":"2024-09-08T15:11:27","guid":{"rendered":"https:\/\/store.handsomecake.com\/produkt\/dragon-ball-goku-gohan-12-resin-statue-von-infinite-studio\/"},"modified":"2024-09-08T15:46:35","modified_gmt":"2024-09-08T15:46:35","slug":"dragon-ball-goku-gohan-12-resin-statue-von-infinite-studio","status":"publish","type":"product","link":"https:\/\/store.handsomecake.com\/en\/product\/dragon-ball-goku-gohan-12-resin-statue-von-infinite-studio\/","title":{"rendered":"Dragon Ball &#8211; Goku &amp; Gohan | 1:2 Resin Statue | von Infinite Studio"},"content":{"rendered":"<p><strong>Dragon Ball &#8211; Goku &amp; Gohan | 1:2 Resin Statue | von Infinite Studio<\/strong><\/p>\n<p>I do ship EU-wide, please contact me, should questions arise.<\/p>\n<p>Tolle Statue von unserem geliebten Sayajin und seinem Sohn.<br \/>\nWunderbar verarbeitete und sehr detaillierte Goku &amp; Gohan Statue aus Polystone &#8211; k\u00fcnstlichem Stein-Harz-Gemisch.<\/p>\n<p><strong>Besonderheiten<\/strong>:<br \/>\n\u2022 Gr\u00f6\u00dfe 1:2 (weltweit 179 St\u00fcck)<br \/>\n\u2022 Auch in 1:4 (weltweit 299 St\u00fcck) und 1:6 (weltweit 499 St\u00fcck) verf\u00fcgbar<br \/>\n\u2022 Jede Gr\u00f6\u00dfe in 2 Versionen verf\u00fcgbar: Gohan mit roter (Original) oder gelber (Comic) Kleidung<\/p>\n<p><strong>Release-Status:<\/strong><\/p>\n<ul>\n<li>Preorder. Voraussichtlicher Release-Termin: Q1 2025, voraussichtlich bei uns im Lager: Ende Mai 2025.<\/li>\n<li>Diese Angabe ist ohne Gew\u00e4hr! Wir leiten nur die Sch\u00e4tzung vom Hersteller weiter.<\/li>\n<li>Falls das Datum \u00fcberschritten wurde und hier immer noch eine Sch\u00e4tzung aus der Vergangenheit steht, dann bedeutet das NICHT, dass die Figur bereits im Lager in Deutschland ist. Sie ist NUR dann auf Lager in Deutschland, wenn der Text dies entsprechend sagt und\/oder die Kategorie weiter oben &#8222;Lagernd vor Ort&#8220; hei\u00dft.<\/li>\n<\/ul>\n<hr \/>\n<p>Wie immer bei unseren Artikeln &#8211; s\u00e4mtliche Geb\u00fchren sind, im Gegensatz zu anderen Anbietern auf dem Markt, bereits inkludiert.<\/p>\n<p>Versand erfolgt ausschlie\u00dflich aus Deutschland, es fallen keine Zoll- und Importgeb\u00fchren an.<\/p>\n<p>Als einziger EU-weit legal zugelassener H\u00e4ndler von Resin-Statuen garantieren wir exklusive Qualit\u00e4t und Vertrauensw\u00fcrdigkeit, die ihr nirgendwo anders finden.<\/p>\n<p>Ihr kauft keine Katze im Sack \ud83d\ude42<\/p>\n<hr \/>\n<p>You are not prepared! \ud83d\ude42<\/p>","protected":false},"excerpt":{"rendered":"<p>Dragon Ball &#8211; Goku &amp; Gohan | 1:2 Resin Statue | von Infinite Studio I do ship EU-wide, please contact me, should questions arise. Tolle Statue von unserem geliebten Sayajin und seinem Sohn. Wunderbar verarbeitete und sehr detaillierte Goku &amp; Gohan Statue aus Polystone &#8211; k\u00fcnstlichem Stein-Harz-Gemisch. Besonderheiten: \u2022 Gr\u00f6\u00dfe 1:2 (weltweit 179 St\u00fcck) \u2022 [&hellip;]<\/p>\n","protected":false},"featured_media":35486,"comment_status":"closed","ping_status":"closed","template":"","meta":[],"product_brand":[],"product_cat":[24,87,568,84],"product_tag":[147,251,190,2252,471,191,171,346,97,2223,154,136,137,1273,472,379,381,380,382],"class_list":{"0":"post-35441","1":"product","2":"type-product","3":"status-publish","4":"has-post-thumbnail","6":"product_cat-action-figuren","7":"product_cat-dragon-ball","8":"product_cat-preorder","9":"product_cat-statuen-anime-comic-universum","10":"product_tag-collectibles","11":"product_tag-collectibles-kaufen","12":"product_tag-dragon-ball-collectibles","13":"product_tag-dragon-ball-goku","14":"product_tag-dragon-ball-lifesize","15":"product_tag-dragon-ball-resin","16":"product_tag-dragon-ball-son-goku","17":"product_tag-dragon-ball-son-goku-collectible","18":"product_tag-dragon-ball-statue","19":"product_tag-dragon-ball-z-goku","20":"product_tag-resin-collectibles","21":"product_tag-resin-statuen","22":"product_tag-resin-statuen-kaufen","23":"product_tag-resincollectors","24":"product_tag-son-goku-statue","25":"product_tag-statue-collectible","26":"product_tag-statue-collectibles","27":"product_tag-statues-collectible","28":"product_tag-statues-collectibles","29":"pa_brand-infinite-studio","31":"first","32":"instock","33":"taxable","34":"shipping-taxable","35":"product-type-variable"},"_links":{"self":[{"href":"https:\/\/store.handsomecake.com\/en\/wp-json\/wp\/v2\/product\/35441","targetHints":{"allow":["GET"]}}],"collection":[{"href":"https:\/\/store.handsomecake.com\/en\/wp-json\/wp\/v2\/product"}],"about":[{"href":"https:\/\/store.handsomecake.com\/en\/wp-json\/wp\/v2\/types\/product"}],"replies":[{"embeddable":true,"href":"https:\/\/store.handsomecake.com\/en\/wp-json\/wp\/v2\/comments?post=35441"}],"wp:featuredmedia":[{"embeddable":true,"href":"https:\/\/store.handsomecake.com\/en\/wp-json\/wp\/v2\/media\/35486"}],"wp:attachment":[{"href":"https:\/\/store.handsomecake.com\/en\/wp-json\/wp\/v2\/media?parent=35441"}],"wp:term":[{"taxonomy":"product_brand","embeddable":true,"href":"https:\/\/store.handsomecake.com\/en\/wp-json\/wp\/v2\/product_brand?post=35441"},{"taxonomy":"product_cat","embeddable":true,"href":"https:\/\/store.handsomecake.com\/en\/wp-json\/wp\/v2\/product_cat?post=35441"},{"taxonomy":"product_tag","embeddable":true,"href":"https:\/\/store.handsomecake.com\/en\/wp-json\/wp\/v2\/product_tag?post=35441"}],"curies":[{"name":"wp","href":"https:\/\/api.w.org\/{rel}","templated":true}]}}