{"id":35365,"date":"2024-09-05T18:50:57","date_gmt":"2024-09-05T18:50:57","guid":{"rendered":"https:\/\/store.handsomecake.com\/produkt\/castlevania-alucard-14-resin-statue-von-creation-studio\/"},"modified":"2024-09-05T21:11:49","modified_gmt":"2024-09-05T21:11:49","slug":"castlevania-alucard-14-resin-statue-von-creation-studio","status":"publish","type":"product","link":"https:\/\/store.handsomecake.com\/en\/product\/castlevania-alucard-14-resin-statue-von-creation-studio\/","title":{"rendered":"Castlevania &#8211; Alucard | 1:4 Resin Statue | von Creation Studio"},"content":{"rendered":"<p><strong>Castlevania &#8211; Alucard | 1:4 Resin Statue | von Creation Studio<\/strong><\/p>\n<p>EU Taxfree! I do ship EU-wide, please contact me, should questions arise.<\/p>\n<p><span style=\"color: #ffffff;\"><em><span style=\"background-color: #2c3e50;\">&#8220; The only thing necessary for evil to triumph is for good men to do nothing.&#8220; \u00a0<\/span><\/em><\/span><\/p>\n<p>Tolle Statue von Adrian Fahrenheit \u021aepe\u0219.<br \/>\nWunderbar verarbeitete und sehr detaillierte Alucard Statue aus Polystone &#8211; k\u00fcnstlichem Stein-Harz-Gemisch.<\/p>\n<p><strong>Besonderheiten:<\/strong><\/p>\n<ul>\n<li>Exclusive Version ( austauschbarer Arm mit Schild )<\/li>\n<li>auch Regular Version verf\u00fcgbar (kommt mit einfachem Sockel)<\/li>\n<li>Schwert aus Metall<\/li>\n<\/ul>\n<p><strong>Release-Status:<\/strong><\/p>\n<ul>\n<li>Preorder. Statue wird voraussichtlich in Q2 2025 released und wir erwarten sie sch\u00e4tzungsweise Ende August 2025 bei uns im Warenlager.<\/li>\n<li>Diese Angabe ist ohne Gew\u00e4hr! Wir leiten nur die Sch\u00e4tzung vom Hersteller weiter.<\/li>\n<li>Falls das Datum \u00fcberschritten wurde und hier immer noch eine Sch\u00e4tzung aus der Vergangenheit steht, dann bedeutet das NICHT, dass die Figur bereits im Lager in Deutschland ist. Sie ist NUR dann auf Lager in Deutschland, wenn der Text dies entsprechend sagt und\/oder die Kategorie weiter oben &#8222;Lagernd vor Ort&#8220; hei\u00dft.<\/li>\n<\/ul>\n<hr \/>\n<p>Wie immer bei unseren Artikeln &#8211; s\u00e4mtliche Geb\u00fchren sind, im Gegensatz zu anderen Anbietern auf dem Markt, bereits inkludiert.<\/p>\n<p>Versand erfolgt ausschlie\u00dflich aus Deutschland, es fallen keine Zoll- und Importgeb\u00fchren an.<\/p>\n<p>Als einziger EU-weit legal zugelassener H\u00e4ndler von Resin-Statuen garantieren wir exklusive Qualit\u00e4t und Vertrauensw\u00fcrdigkeit, die ihr nirgendwo anders finden.<\/p>\n<p>Ihr kauft keine Katze im Sack \ud83d\ude42<\/p>\n<hr \/>\n<p>You are not prepared! \ud83d\ude42<\/p>","protected":false},"excerpt":{"rendered":"<p>Castlevania &#8211; Alucard | 1:4 Resin Statue | von Creation Studio EU Taxfree! I do ship EU-wide, please contact me, should questions arise. &#8220; The only thing necessary for evil to triumph is for good men to do nothing.&#8220; \u00a0 Tolle Statue von Adrian Fahrenheit \u021aepe\u0219. Wunderbar verarbeitete und sehr detaillierte Alucard Statue aus Polystone [&hellip;]<\/p>\n","protected":false},"featured_media":35398,"comment_status":"closed","ping_status":"closed","template":"","meta":[],"product_brand":[],"product_cat":[24,568,84],"product_tag":[3219,3222,612,666,717,640,658,3220,3221,383,553,795,154,255,136,137,554,379,381,552,380,382,547],"class_list":{"0":"post-35365","1":"product","2":"type-product","3":"status-publish","4":"has-post-thumbnail","6":"product_cat-action-figuren","7":"product_cat-preorder","8":"product_cat-statuen-anime-comic-universum","9":"product_tag-alucard","10":"product_tag-alucard-castlevania","11":"product_tag-anime","12":"product_tag-anime-figuren-shop","13":"product_tag-anime-shop","14":"product_tag-anime-statuen","15":"product_tag-anime-toys","16":"product_tag-castlevania","17":"product_tag-castlevania-alucard","18":"product_tag-collector","19":"product_tag-figure-collector","20":"product_tag-handsomecake","21":"product_tag-resin-collectibles","22":"product_tag-resin-collectibles-kaufen","23":"product_tag-resin-statuen","24":"product_tag-resin-statuen-kaufen","25":"product_tag-resin-statues","26":"product_tag-statue-collectible","27":"product_tag-statue-collectibles","28":"product_tag-statue-collector","29":"product_tag-statues-collectible","30":"product_tag-statues-collectibles","31":"product_tag-statues-collector","32":"pa_brand-creation-studio","33":"pa_scale-1_to_4","35":"first","36":"instock","37":"taxable","38":"shipping-taxable","39":"product-type-variable"},"_links":{"self":[{"href":"https:\/\/store.handsomecake.com\/en\/wp-json\/wp\/v2\/product\/35365","targetHints":{"allow":["GET"]}}],"collection":[{"href":"https:\/\/store.handsomecake.com\/en\/wp-json\/wp\/v2\/product"}],"about":[{"href":"https:\/\/store.handsomecake.com\/en\/wp-json\/wp\/v2\/types\/product"}],"replies":[{"embeddable":true,"href":"https:\/\/store.handsomecake.com\/en\/wp-json\/wp\/v2\/comments?post=35365"}],"wp:featuredmedia":[{"embeddable":true,"href":"https:\/\/store.handsomecake.com\/en\/wp-json\/wp\/v2\/media\/35398"}],"wp:attachment":[{"href":"https:\/\/store.handsomecake.com\/en\/wp-json\/wp\/v2\/media?parent=35365"}],"wp:term":[{"taxonomy":"product_brand","embeddable":true,"href":"https:\/\/store.handsomecake.com\/en\/wp-json\/wp\/v2\/product_brand?post=35365"},{"taxonomy":"product_cat","embeddable":true,"href":"https:\/\/store.handsomecake.com\/en\/wp-json\/wp\/v2\/product_cat?post=35365"},{"taxonomy":"product_tag","embeddable":true,"href":"https:\/\/store.handsomecake.com\/en\/wp-json\/wp\/v2\/product_tag?post=35365"}],"curies":[{"name":"wp","href":"https:\/\/api.w.org\/{rel}","templated":true}]}}