{"id":35269,"date":"2024-09-01T23:05:25","date_gmt":"2024-09-01T23:05:25","guid":{"rendered":"https:\/\/store.handsomecake.com\/produkt\/dc-comics-joker-110-resin-statue-von-iron-studios\/"},"modified":"2024-10-07T14:51:24","modified_gmt":"2024-10-07T14:51:24","slug":"dc-comics-joker-110-resin-statue-von-iron-studios","status":"publish","type":"product","link":"https:\/\/store.handsomecake.com\/en\/product\/dc-comics-joker-110-resin-statue-von-iron-studios\/","title":{"rendered":"DC Comics &#8211; Joker | 1:10 Resin Statue | von Iron Studios"},"content":{"rendered":"<p><strong>DC Comics &#8211; Joker | 1:10 Resin Statue | von Iron Studios<\/strong><\/p>\n<p>EU Taxfree! I do ship EU-wide, please contact me, should questions arise.<\/p>\n<p>Tolle Statue des ewigen Gegners von Batman.<br \/>\nWunderbar verarbeitete und sehr detaillierte Statue von Joker aus Polystone &#8211; k\u00fcnstlichem Stein-Harz-Gemisch.<\/p>\n<p><strong>Besonderheiten:<\/strong><\/p>\n<ul>\n<li>keine<\/li>\n<\/ul>\n<p><strong>Release-Status:<\/strong><\/p>\n<ul>\n<li>Lagernd vor Ort in Deutschland. Versandfertig in ca. 5 Werktagen.<\/li>\n<\/ul>\n<hr \/>\n<p>Wie immer bei unseren Artikeln &#8211; s\u00e4mtliche Geb\u00fchren sind, im Gegensatz zu anderen Anbietern auf dem Markt, bereits inkludiert.<\/p>\n<p>Versand erfolgt ausschlie\u00dflich aus Deutschland, es fallen keine Zoll- und Importgeb\u00fchren an.<\/p>\n<p>Als einziger EU-weit legal zugelassener H\u00e4ndler von Resin-Statuen garantieren wir exklusive Qualit\u00e4t und Vertrauensw\u00fcrdigkeit, die ihr nirgendwo anders finden.<\/p>\n<p>Ihr kauft keine Katze im Sack \ud83d\ude42<\/p>\n<hr \/>\n<p>You are not prepared! \ud83d\ude42<\/p>","protected":false},"excerpt":{"rendered":"<p>DC Comics &#8211; Joker | 1:10 Resin Statue | von Iron Studios EU Taxfree! I do ship EU-wide, please contact me, should questions arise. Tolle Statue des ewigen Gegners von Batman. Wunderbar verarbeitete und sehr detaillierte Statue von Joker aus Polystone &#8211; k\u00fcnstlichem Stein-Harz-Gemisch. Besonderheiten: keine Release-Status: Lagernd vor Ort in Deutschland. Versandfertig in ca. [&hellip;]<\/p>\n","protected":false},"featured_media":35270,"comment_status":"closed","ping_status":"closed","template":"","meta":[],"product_brand":[],"product_cat":[24,268,826,84],"product_tag":[612,640,147,251,383,551,282,284,557,281,283,553,795,802,803,804,805,806,807,808,154,136,137,554,379,381,552,547],"class_list":{"0":"post-35269","1":"product","2":"type-product","3":"status-publish","4":"has-post-thumbnail","6":"product_cat-action-figuren","7":"product_cat-dc","8":"product_cat-lagernd-vor-ort","9":"product_cat-statuen-anime-comic-universum","10":"product_tag-anime","11":"product_tag-anime-statuen","12":"product_tag-collectibles","13":"product_tag-collectibles-kaufen","14":"product_tag-collector","15":"product_tag-dc","16":"product_tag-dc-collectibles","17":"product_tag-dc-collectibles-kaufen","18":"product_tag-dc-collector","19":"product_tag-dc-comics","20":"product_tag-dc-comics-collectibles","21":"product_tag-figure-collector","22":"product_tag-handsomecake","23":"product_tag-joker","24":"product_tag-joker-bust","25":"product_tag-joker-bueste","26":"product_tag-joker-collectible","27":"product_tag-joker-collectibles","28":"product_tag-joker-collector","29":"product_tag-joker-statue","30":"product_tag-resin-collectibles","31":"product_tag-resin-statuen","32":"product_tag-resin-statuen-kaufen","33":"product_tag-resin-statues","34":"product_tag-statue-collectible","35":"product_tag-statue-collectibles","36":"product_tag-statue-collector","37":"product_tag-statues-collector","38":"pa_brand-iron-studios","39":"pa_scale-1_to_10","41":"first","42":"outofstock","43":"taxable","44":"shipping-taxable","45":"product-type-simple"},"_links":{"self":[{"href":"https:\/\/store.handsomecake.com\/en\/wp-json\/wp\/v2\/product\/35269","targetHints":{"allow":["GET"]}}],"collection":[{"href":"https:\/\/store.handsomecake.com\/en\/wp-json\/wp\/v2\/product"}],"about":[{"href":"https:\/\/store.handsomecake.com\/en\/wp-json\/wp\/v2\/types\/product"}],"replies":[{"embeddable":true,"href":"https:\/\/store.handsomecake.com\/en\/wp-json\/wp\/v2\/comments?post=35269"}],"wp:featuredmedia":[{"embeddable":true,"href":"https:\/\/store.handsomecake.com\/en\/wp-json\/wp\/v2\/media\/35270"}],"wp:attachment":[{"href":"https:\/\/store.handsomecake.com\/en\/wp-json\/wp\/v2\/media?parent=35269"}],"wp:term":[{"taxonomy":"product_brand","embeddable":true,"href":"https:\/\/store.handsomecake.com\/en\/wp-json\/wp\/v2\/product_brand?post=35269"},{"taxonomy":"product_cat","embeddable":true,"href":"https:\/\/store.handsomecake.com\/en\/wp-json\/wp\/v2\/product_cat?post=35269"},{"taxonomy":"product_tag","embeddable":true,"href":"https:\/\/store.handsomecake.com\/en\/wp-json\/wp\/v2\/product_tag?post=35269"}],"curies":[{"name":"wp","href":"https:\/\/api.w.org\/{rel}","templated":true}]}}