{"id":35137,"date":"2024-08-24T18:44:45","date_gmt":"2024-08-24T18:44:45","guid":{"rendered":"https:\/\/store.handsomecake.com\/produkt\/naruto-konan-14-resin-statue-von-surge-studio\/"},"modified":"2024-08-24T19:16:25","modified_gmt":"2024-08-24T19:16:25","slug":"naruto-konan-14-resin-statue-von-surge-studio","status":"publish","type":"product","link":"https:\/\/store.handsomecake.com\/en\/product\/naruto-konan-14-resin-statue-von-surge-studio\/","title":{"rendered":"Naruto &#8211; Konan | 1:4 Resin Statue | von Surge Studio"},"content":{"rendered":"<p><strong>Naruto &#8211; Konan | 1:4 Resin Statue | von Surge Studio<\/strong><\/p>\n<p>I do ship EU-wide, please contact me, should questions arise.<\/p>\n<p>Tolle Statue von Kunoichi aus Amegakure.<br \/>\nWunderbar verarbeitete und sehr detaillierte Konan Statue aus Polystone &#8211; k\u00fcnstlichem Stein-Harz-Gemisch.<\/p>\n<p><strong>Besonderheiten:<\/strong><\/p>\n<ul>\n<li>keine<\/li>\n<\/ul>\n<p><strong>Release-Status:<\/strong><\/p>\n<ul>\n<li>Released und in ca. 3-4 Monaten ab Bestellzeitpunkt bei euch.<\/li>\n<\/ul>\n<hr \/>\n<p>Wie immer bei unseren Artikeln &#8211; s\u00e4mtliche Geb\u00fchren sind, im Gegensatz zu anderen Anbietern auf dem Markt, bereits inkludiert.<\/p>\n<p>Versand erfolgt ausschlie\u00dflich aus Deutschland, es fallen keine Zoll- und Importgeb\u00fchren an.<\/p>\n<p>Als einziger EU-weit legal zugelassener H\u00e4ndler von Resin-Statuen garantieren wir exklusive Qualit\u00e4t und Vertrauensw\u00fcrdigkeit, die ihr nirgendwo anders finden.<\/p>\n<p>Ihr kauft keine Katze im Sack \ud83d\ude42<\/p>\n<hr \/>\n<p>You are not prepared! \ud83d\ude42<\/p>","protected":false},"excerpt":{"rendered":"<p>Naruto &#8211; Konan | 1:4 Resin Statue | von Surge Studio I do ship EU-wide, please contact me, should questions arise. Tolle Statue von Kunoichi aus Amegakure. Wunderbar verarbeitete und sehr detaillierte Konan Statue aus Polystone &#8211; k\u00fcnstlichem Stein-Harz-Gemisch. Besonderheiten: keine Release-Status: Released und in ca. 3-4 Monaten ab Bestellzeitpunkt bei euch. Wie immer bei [&hellip;]<\/p>\n","protected":false},"featured_media":35144,"comment_status":"closed","ping_status":"closed","template":"","meta":[],"product_brand":[],"product_cat":[24,88,84,567],"product_tag":[656,659,660,657,640,658,147,251,297,298,168,296,1040,1041,1042,169,170,154,136,137],"class_list":{"0":"post-35137","1":"product","2":"type-product","3":"status-publish","4":"has-post-thumbnail","6":"product_cat-action-figuren","7":"product_cat-naruto","8":"product_cat-statuen-anime-comic-universum","9":"product_cat-in_stock_warehouse_china","10":"product_tag-anime-collectibles","11":"product_tag-anime-figuren","12":"product_tag-anime-figuren-naruto","13":"product_tag-anime-figures","14":"product_tag-anime-statuen","15":"product_tag-anime-toys","16":"product_tag-collectibles","17":"product_tag-collectibles-kaufen","18":"product_tag-naruto-akatsuki","19":"product_tag-naruto-akatsuki-nagato","20":"product_tag-naruto-collectibles","21":"product_tag-naruto-collectibles-kaufen","22":"product_tag-naruto-itachi","23":"product_tag-naruto-itachi-collectibles","24":"product_tag-naruto-itachi-statue","25":"product_tag-naruto-statuen","26":"product_tag-naruto-statuen-kaufen","27":"product_tag-resin-collectibles","28":"product_tag-resin-statuen","29":"product_tag-resin-statuen-kaufen","30":"pa_brand-surge-studio","31":"pa_scale-1_to_4","33":"first","34":"instock","35":"taxable","36":"shipping-taxable","37":"product-type-simple"},"_links":{"self":[{"href":"https:\/\/store.handsomecake.com\/en\/wp-json\/wp\/v2\/product\/35137","targetHints":{"allow":["GET"]}}],"collection":[{"href":"https:\/\/store.handsomecake.com\/en\/wp-json\/wp\/v2\/product"}],"about":[{"href":"https:\/\/store.handsomecake.com\/en\/wp-json\/wp\/v2\/types\/product"}],"replies":[{"embeddable":true,"href":"https:\/\/store.handsomecake.com\/en\/wp-json\/wp\/v2\/comments?post=35137"}],"wp:featuredmedia":[{"embeddable":true,"href":"https:\/\/store.handsomecake.com\/en\/wp-json\/wp\/v2\/media\/35144"}],"wp:attachment":[{"href":"https:\/\/store.handsomecake.com\/en\/wp-json\/wp\/v2\/media?parent=35137"}],"wp:term":[{"taxonomy":"product_brand","embeddable":true,"href":"https:\/\/store.handsomecake.com\/en\/wp-json\/wp\/v2\/product_brand?post=35137"},{"taxonomy":"product_cat","embeddable":true,"href":"https:\/\/store.handsomecake.com\/en\/wp-json\/wp\/v2\/product_cat?post=35137"},{"taxonomy":"product_tag","embeddable":true,"href":"https:\/\/store.handsomecake.com\/en\/wp-json\/wp\/v2\/product_tag?post=35137"}],"curies":[{"name":"wp","href":"https:\/\/api.w.org\/{rel}","templated":true}]}}