{"id":35075,"date":"2024-08-21T22:03:19","date_gmt":"2024-08-21T22:03:19","guid":{"rendered":"https:\/\/store.handsomecake.com\/product\/naruto-kisame-hoshigaki-13-resin-bust-von-third-eye-studio\/"},"modified":"2024-08-22T02:00:36","modified_gmt":"2024-08-22T02:00:36","slug":"naruto-kisame-hoshigaki-13-resin-bust-von-third-eye-studio","status":"publish","type":"product","link":"https:\/\/store.handsomecake.com\/en\/product\/naruto-kisame-hoshigaki-13-resin-bust-von-third-eye-studio\/","title":{"rendered":"Naruto &#8211; Kisame Hoshigaki | 1:3 Resin Bust | von Third Eye Studio"},"content":{"rendered":"<p><strong>Naruto &#8211; Kisame Hoshigaki | 1:3 Resin Bust | von Third Eye Studio<\/strong><\/p>\n<p>I do ship EU-wide, please contact me, should questions arise.<\/p>\n<p>Tolle B\u00fcste von einem Akatsuki Mitglied.<br \/>\nWunderbar verarbeitete und sehr detaillierte Kisame Hoshigaki aus Polystone &#8211; k\u00fcnstlichem Stein-Harz-Gemisch.<\/p>\n<p><strong>Besonderheiten<\/strong>:<\/p>\n<ul>\n<li>188 St\u00fcck weltweit<\/li>\n<\/ul>\n<p><strong>Release-Status:<\/strong><\/p>\n<ul>\n<li>Released und in ca. 3-4 Monaten ab Bestellzeitpunkt bei euch.<\/li>\n<\/ul>\n<hr \/>\n<p>Wie immer bei unseren Artikeln &#8211; s\u00e4mtliche Geb\u00fchren sind, im Gegensatz zu anderen Anbietern auf dem Markt, bereits inkludiert.<\/p>\n<p>Versand erfolgt ausschlie\u00dflich aus Deutschland, es fallen keine Zoll- und Importgeb\u00fchren an.<\/p>\n<p>Als einziger EU-weit legal zugelassener H\u00e4ndler von Resin-Statuen garantieren wir exklusive Qualit\u00e4t und Vertrauensw\u00fcrdigkeit, die ihr nirgendwo anders finden.<\/p>\n<p>Ihr kauft keine Katze im Sack \ud83d\ude42<\/p>\n<hr \/>\n<p>You are not prepared! \ud83d\ude42<\/p>","protected":false},"excerpt":{"rendered":"<p>Naruto &#8211; Kisame Hoshigaki | 1:3 Resin Bust | von Third Eye Studio I do ship EU-wide, please contact me, should questions arise. Tolle B\u00fcste von einem Akatsuki Mitglied. Wunderbar verarbeitete und sehr detaillierte Kisame Hoshigaki aus Polystone &#8211; k\u00fcnstlichem Stein-Harz-Gemisch. Besonderheiten: 188 St\u00fcck weltweit Release-Status: Released und in ca. 3-4 Monaten ab Bestellzeitpunkt bei [&hellip;]<\/p>\n","protected":false},"featured_media":35078,"comment_status":"closed","ping_status":"closed","template":"","meta":[],"product_brand":[],"product_cat":[24,88,84,567],"product_tag":[612,656,659,660,657,640,658,147,251,795,297,298,1341,168,296,1339,1340,169,170,154,136,137],"class_list":{"0":"post-35075","1":"product","2":"type-product","3":"status-publish","4":"has-post-thumbnail","6":"product_cat-action-figuren","7":"product_cat-naruto","8":"product_cat-statuen-anime-comic-universum","9":"product_cat-in_stock_warehouse_china","10":"product_tag-anime","11":"product_tag-anime-collectibles","12":"product_tag-anime-figuren","13":"product_tag-anime-figuren-naruto","14":"product_tag-anime-figures","15":"product_tag-anime-statuen","16":"product_tag-anime-toys","17":"product_tag-collectibles","18":"product_tag-collectibles-kaufen","19":"product_tag-handsomecake","20":"product_tag-naruto-akatsuki","21":"product_tag-naruto-akatsuki-nagato","22":"product_tag-naruto-akatsuki-statue","23":"product_tag-naruto-collectibles","24":"product_tag-naruto-collectibles-kaufen","25":"product_tag-naruto-kisame","26":"product_tag-naruto-kisame-collectibles","27":"product_tag-naruto-statuen","28":"product_tag-naruto-statuen-kaufen","29":"product_tag-resin-collectibles","30":"product_tag-resin-statuen","31":"product_tag-resin-statuen-kaufen","32":"pa_brand-third-eye-studio","33":"pa_scale-1_to_3","35":"first","36":"instock","37":"taxable","38":"shipping-taxable","39":"product-type-simple"},"_links":{"self":[{"href":"https:\/\/store.handsomecake.com\/en\/wp-json\/wp\/v2\/product\/35075","targetHints":{"allow":["GET"]}}],"collection":[{"href":"https:\/\/store.handsomecake.com\/en\/wp-json\/wp\/v2\/product"}],"about":[{"href":"https:\/\/store.handsomecake.com\/en\/wp-json\/wp\/v2\/types\/product"}],"replies":[{"embeddable":true,"href":"https:\/\/store.handsomecake.com\/en\/wp-json\/wp\/v2\/comments?post=35075"}],"wp:featuredmedia":[{"embeddable":true,"href":"https:\/\/store.handsomecake.com\/en\/wp-json\/wp\/v2\/media\/35078"}],"wp:attachment":[{"href":"https:\/\/store.handsomecake.com\/en\/wp-json\/wp\/v2\/media?parent=35075"}],"wp:term":[{"taxonomy":"product_brand","embeddable":true,"href":"https:\/\/store.handsomecake.com\/en\/wp-json\/wp\/v2\/product_brand?post=35075"},{"taxonomy":"product_cat","embeddable":true,"href":"https:\/\/store.handsomecake.com\/en\/wp-json\/wp\/v2\/product_cat?post=35075"},{"taxonomy":"product_tag","embeddable":true,"href":"https:\/\/store.handsomecake.com\/en\/wp-json\/wp\/v2\/product_tag?post=35075"}],"curies":[{"name":"wp","href":"https:\/\/api.w.org\/{rel}","templated":true}]}}