{"id":34993,"date":"2024-08-18T21:57:26","date_gmt":"2024-08-18T21:57:26","guid":{"rendered":"https:\/\/store.handsomecake.com\/product\/final-fantasy-kuja-14-resin-statue-von-solar-studio\/"},"modified":"2024-08-18T22:28:44","modified_gmt":"2024-08-18T22:28:44","slug":"final-fantasy-kuja-14-resin-statue-von-solar-studio","status":"publish","type":"product","link":"https:\/\/store.handsomecake.com\/en\/product\/final-fantasy-kuja-14-resin-statue-von-solar-studio\/","title":{"rendered":"Final Fantasy &#8211; Kuja | 1:4 Resin Statue | von Solar Studio"},"content":{"rendered":"<p><strong>Final Fantasy &#8211; Kuja | 1:4 Resin Statue | von Solar Studio<\/strong><\/p>\n<p>EU Taxfree! I do ship EU-wide, please contact me, should questions arise.<\/p>\n<p><span style=\"color: #ffffff;\"><em><span style=\"background-color: #2c3e50;\">\u00a0 &#8220; Ugh! I&#8217;m gonna die anyway. I won&#8217;t have to be afraid anymore. But I&#8217;m not gonna die alone. You&#8217;re all coming with me! &#8220;\u00a0<\/span><\/em><\/span><\/p>\n<p>Tolle Statue des von Garlant erschaffenen Genoms.<br \/>\nWunderbar verarbeitete und sehr detaillierte Kuja aus Polystone &#8211; k\u00fcnstlichem Stein-Harz-Gemisch.<\/p>\n<p><strong>Besonderheiten:<\/strong><\/p>\n<ul>\n<li>keine<\/li>\n<\/ul>\n<p><strong>Release-Status:<\/strong><\/p>\n<ul>\n<li>Preorder. Statue wird voraussichtlich Ende Q3 2025 released. Wir erwarten sie bei uns gegen Ende Oktober 2025.<\/li>\n<li>Diese Angabe ist ohne Gew\u00e4hr! Wir leiten nur die Sch\u00e4tzung vom Hersteller weiter.<\/li>\n<li>Falls das Datum \u00fcberschritten wurde und hier immer noch eine Sch\u00e4tzung aus der Vergangenheit steht, dann bedeutet das NICHT, dass die Figur bereits im Lager in Deutschland ist. Sie ist NUR dann auf Lager in Deutschland, wenn der Text dies entsprechend sagt und\/oder die Kategorie weiter oben &#8222;Lagernd vor Ort&#8220; hei\u00dft.<\/li>\n<\/ul>\n<hr \/>\n<p>Wie immer bei unseren Artikeln &#8211; s\u00e4mtliche Geb\u00fchren sind, im Gegensatz zu anderen Anbietern auf dem Markt, bereits inkludiert.<\/p>\n<p>Versand erfolgt ausschlie\u00dflich aus Deutschland, es fallen keine Zoll- und Importgeb\u00fchren an.<\/p>\n<p>Als einziger EU-weit legal zugelassener H\u00e4ndler von Resin-Statuen garantieren wir exklusive Qualit\u00e4t und Vertrauensw\u00fcrdigkeit, die ihr nirgendwo anders finden.<\/p>\n<p>Ihr kauft keine Katze im Sack \ud83d\ude42<\/p>\n<hr \/>\n<p>You are not prepared! \ud83d\ude42<\/p>","protected":false},"excerpt":{"rendered":"<p>Final Fantasy &#8211; Kuja | 1:4 Resin Statue | von Solar Studio EU Taxfree! I do ship EU-wide, please contact me, should questions arise. \u00a0 &#8220; Ugh! I&#8217;m gonna die anyway. I won&#8217;t have to be afraid anymore. But I&#8217;m not gonna die alone. You&#8217;re all coming with me! &#8220;\u00a0 Tolle Statue des von Garlant [&hellip;]<\/p>\n","protected":false},"featured_media":35008,"comment_status":"closed","ping_status":"closed","template":"","meta":[],"product_brand":[],"product_cat":[24,197,568,81],"product_tag":[612,666,794,662,640,658,147,251,3528,3527,199,822,823,200,3445,795,3529,3530,154,136,137],"class_list":{"0":"post-34993","1":"product","2":"type-product","3":"status-publish","4":"has-post-thumbnail","6":"product_cat-action-figuren","7":"product_cat-final-fantasy","8":"product_cat-preorder","9":"product_cat-statuen-computerspieluniversum","10":"product_tag-anime","11":"product_tag-anime-figuren-shop","12":"product_tag-anime-statue","13":"product_tag-anime-statue-shop","14":"product_tag-anime-statuen","15":"product_tag-anime-toys","16":"product_tag-collectibles","17":"product_tag-collectibles-kaufen","18":"product_tag-ff","19":"product_tag-ff-kuja","20":"product_tag-final-fantasy-collectibles","21":"product_tag-final-fantasy-resin","22":"product_tag-final-fantasy-resin-statue","23":"product_tag-final-fantasy-statuen","24":"product_tag-final-fantasy-terra","25":"product_tag-handsomecake","26":"product_tag-kuja","27":"product_tag-kuja-statue","28":"product_tag-resin-collectibles","29":"product_tag-resin-statuen","30":"product_tag-resin-statuen-kaufen","31":"pa_brand-solar-eclipse-studio","32":"pa_scale-1_to_4","34":"first","35":"instock","36":"taxable","37":"shipping-taxable","38":"product-type-simple"},"_links":{"self":[{"href":"https:\/\/store.handsomecake.com\/en\/wp-json\/wp\/v2\/product\/34993","targetHints":{"allow":["GET"]}}],"collection":[{"href":"https:\/\/store.handsomecake.com\/en\/wp-json\/wp\/v2\/product"}],"about":[{"href":"https:\/\/store.handsomecake.com\/en\/wp-json\/wp\/v2\/types\/product"}],"replies":[{"embeddable":true,"href":"https:\/\/store.handsomecake.com\/en\/wp-json\/wp\/v2\/comments?post=34993"}],"wp:featuredmedia":[{"embeddable":true,"href":"https:\/\/store.handsomecake.com\/en\/wp-json\/wp\/v2\/media\/35008"}],"wp:attachment":[{"href":"https:\/\/store.handsomecake.com\/en\/wp-json\/wp\/v2\/media?parent=34993"}],"wp:term":[{"taxonomy":"product_brand","embeddable":true,"href":"https:\/\/store.handsomecake.com\/en\/wp-json\/wp\/v2\/product_brand?post=34993"},{"taxonomy":"product_cat","embeddable":true,"href":"https:\/\/store.handsomecake.com\/en\/wp-json\/wp\/v2\/product_cat?post=34993"},{"taxonomy":"product_tag","embeddable":true,"href":"https:\/\/store.handsomecake.com\/en\/wp-json\/wp\/v2\/product_tag?post=34993"}],"curies":[{"name":"wp","href":"https:\/\/api.w.org\/{rel}","templated":true}]}}