{"id":34948,"date":"2024-08-13T14:30:21","date_gmt":"2024-08-13T14:30:21","guid":{"rendered":"https:\/\/store.handsomecake.com\/product\/kaiju-no-8-kafka-hibino-14-resin-statue-von-chikara-studio\/"},"modified":"2024-08-13T17:23:11","modified_gmt":"2024-08-13T17:23:11","slug":"kaiju-no-8-kafka-hibino-14-resin-statue-von-chikara-studio","status":"publish","type":"product","link":"https:\/\/store.handsomecake.com\/en\/product\/kaiju-no-8-kafka-hibino-14-resin-statue-von-chikara-studio\/","title":{"rendered":"Kaiju No. 8 &#8211; Kafka Hibino | 1:4 Resin Statue | von Chikara Studio"},"content":{"rendered":"<blockquote><p><strong>Kaiju No. 8 &#8211; Kafka Hibino | 1:4 Resin Statue | von Chikara Studio<\/strong><\/p><\/blockquote>\n<p>EU Taxfree! I do ship EU-wide, please contact me, should questions arise.<\/p>\n<p>Tolle Statue von Kaiju No. 8 .<br \/>\nWunderbar verarbeitete und sehr detaillierte Kafka Hibino Statue aus Polystone &#8211; k\u00fcnstlichem Stein-Harz-Gemisch.<\/p>\n<p><strong>Besonderheiten:<\/strong><\/p>\n<ul>\n<li>Exclusive Version mit LED<\/li>\n<li>auch Regular Version verf\u00fcgbar<\/li>\n<li>beide Versionen in den Gr\u00f6\u00dfen 1:6 und 1:4 erh\u00e4ltlich<\/li>\n<\/ul>\n<p><strong>Release-Status:<\/strong><\/p>\n<ul>\n<li>Preorder. Voraussichtlicher Release-Termin: Q1 2025, voraussichtlich bei uns im Lager: Ende Mai 2025.<\/li>\n<li>Diese Angabe ist ohne Gew\u00e4hr! Wir leiten nur die Sch\u00e4tzung vom Hersteller weiter.<\/li>\n<li>Falls das Datum \u00fcberschritten wurde und hier immer noch eine Sch\u00e4tzung aus der Vergangenheit steht, dann bedeutet das NICHT, dass die Figur bereits im Lager in Deutschland ist. Sie ist NUR dann auf Lager in Deutschland, wenn der Text dies entsprechend sagt und\/oder die Kategorie weiter oben &#8222;Lagernd vor Ort&#8220; hei\u00dft.<\/li>\n<\/ul>\n<hr \/>\n<p>Wie immer bei unseren Artikeln &#8211; s\u00e4mtliche Geb\u00fchren sind, im Gegensatz zu anderen Anbietern auf dem Markt, bereits inkludiert.<\/p>\n<p>Versand erfolgt ausschlie\u00dflich aus Deutschland, es fallen keine Zoll- und Importgeb\u00fchren an.<\/p>\n<p>Als einziger EU-weit legal zugelassener H\u00e4ndler von Resin-Statuen garantieren wir exklusive Qualit\u00e4t und Vertrauensw\u00fcrdigkeit, die ihr nirgendwo anders finden.<\/p>\n<p>Ihr kauft keine Katze im Sack \ud83d\ude42<\/p>\n<hr \/>\n<p>You are not prepared! \ud83d\ude42<\/p>","protected":false},"excerpt":{"rendered":"<p>Kaiju No. 8 &#8211; Kafka Hibino | 1:4 Resin Statue | von Chikara Studio EU Taxfree! I do ship EU-wide, please contact me, should questions arise. Tolle Statue von Kaiju No. 8 . Wunderbar verarbeitete und sehr detaillierte Kafka Hibino Statue aus Polystone &#8211; k\u00fcnstlichem Stein-Harz-Gemisch. Besonderheiten: Exclusive Version mit LED auch Regular Version verf\u00fcgbar [&hellip;]<\/p>\n","protected":false},"featured_media":34965,"comment_status":"closed","ping_status":"closed","template":"","meta":[],"product_brand":[],"product_cat":[24,568,84],"product_tag":[656,659,657,640,658,147,251,3523,3524,3525,3518,3519,3520,3521,3522,154,136,137],"class_list":{"0":"post-34948","1":"product","2":"type-product","3":"status-publish","4":"has-post-thumbnail","6":"product_cat-action-figuren","7":"product_cat-preorder","8":"product_cat-statuen-anime-comic-universum","9":"product_tag-anime-collectibles","10":"product_tag-anime-figuren","11":"product_tag-anime-figures","12":"product_tag-anime-statuen","13":"product_tag-anime-toys","14":"product_tag-collectibles","15":"product_tag-collectibles-kaufen","16":"product_tag-kafka-hibino","17":"product_tag-kafka-hibino-collectible","18":"product_tag-kafka-hibino-statue","19":"product_tag-kaiju-collectibles","20":"product_tag-kaiju-collectibles-kaufen","21":"product_tag-kaiju-no-8","22":"product_tag-kaiju-statuen","23":"product_tag-kaiju-statuen-kaufen","24":"product_tag-resin-collectibles","25":"product_tag-resin-statuen","26":"product_tag-resin-statuen-kaufen","27":"pa_brand-chikara-studio","29":"first","30":"instock","31":"taxable","32":"shipping-taxable","33":"product-type-variable"},"_links":{"self":[{"href":"https:\/\/store.handsomecake.com\/en\/wp-json\/wp\/v2\/product\/34948","targetHints":{"allow":["GET"]}}],"collection":[{"href":"https:\/\/store.handsomecake.com\/en\/wp-json\/wp\/v2\/product"}],"about":[{"href":"https:\/\/store.handsomecake.com\/en\/wp-json\/wp\/v2\/types\/product"}],"replies":[{"embeddable":true,"href":"https:\/\/store.handsomecake.com\/en\/wp-json\/wp\/v2\/comments?post=34948"}],"wp:featuredmedia":[{"embeddable":true,"href":"https:\/\/store.handsomecake.com\/en\/wp-json\/wp\/v2\/media\/34965"}],"wp:attachment":[{"href":"https:\/\/store.handsomecake.com\/en\/wp-json\/wp\/v2\/media?parent=34948"}],"wp:term":[{"taxonomy":"product_brand","embeddable":true,"href":"https:\/\/store.handsomecake.com\/en\/wp-json\/wp\/v2\/product_brand?post=34948"},{"taxonomy":"product_cat","embeddable":true,"href":"https:\/\/store.handsomecake.com\/en\/wp-json\/wp\/v2\/product_cat?post=34948"},{"taxonomy":"product_tag","embeddable":true,"href":"https:\/\/store.handsomecake.com\/en\/wp-json\/wp\/v2\/product_tag?post=34948"}],"curies":[{"name":"wp","href":"https:\/\/api.w.org\/{rel}","templated":true}]}}