{"id":34935,"date":"2024-08-13T14:24:59","date_gmt":"2024-08-13T14:24:59","guid":{"rendered":"https:\/\/store.handsomecake.com\/product\/naruto-tsunade-16-resin-statue-von-revive-studio\/"},"modified":"2024-11-04T07:51:11","modified_gmt":"2024-11-04T07:51:11","slug":"naruto-tsunade-16-resin-statue-von-revive-studio","status":"publish","type":"product","link":"https:\/\/store.handsomecake.com\/en\/product\/naruto-tsunade-16-resin-statue-von-revive-studio\/","title":{"rendered":"Naruto &#8211; Tsunade | 1:6 Resin Statue | von Revive Studio"},"content":{"rendered":"<p><strong>Naruto &#8211; Tsunade | 1:6 Resin Statue | von Revive Studio<\/strong><\/p>\n<p>EU Taxfree! I do ship EU-wide, please contact me, should questions arise.<\/p>\n<p>Tolle Statue einer der drei legend\u00e4ren Sannin.<br \/>\nWunderbar verarbeitete und sehr detaillierte Statue von Tsunade aus Polystone &#8211; k\u00fcnstlichem Stein-Harz-Gemisch.<\/p>\n<p><strong>Besonderheiten<\/strong>:<\/p>\n<ul>\n<li>weltweit 380 St\u00fcck<\/li>\n<\/ul>\n<p><strong>Release-Status:<\/strong><\/p>\n<ul>\n<li>Released und in ca. 3-4 Monaten ab Bestellzeitpunkt bei euch.<\/li>\n<\/ul>\n<hr \/>\n<p>Wie immer bei unseren Artikeln &#8211; s\u00e4mtliche Geb\u00fchren sind, im Gegensatz zu anderen Anbietern auf dem Markt, bereits inkludiert.<\/p>\n<p>Versand erfolgt ausschlie\u00dflich aus Deutschland, es fallen keine Zoll- und Importgeb\u00fchren an.<\/p>\n<p>Als einziger EU-weit legal zugelassener H\u00e4ndler von Resin-Statuen garantieren wir exklusive Qualit\u00e4t und Vertrauensw\u00fcrdigkeit, die ihr nirgendwo anders finden.<\/p>\n<p>Ihr kauft keine Katze im Sack \ud83d\ude42<\/p>\n<hr \/>\n<p>You are not prepared! \ud83d\ude42<\/p>","protected":false},"excerpt":{"rendered":"<p>Naruto &#8211; Tsunade | 1:6 Resin Statue | von Revive Studio EU Taxfree! I do ship EU-wide, please contact me, should questions arise. Tolle Statue einer der drei legend\u00e4ren Sannin. Wunderbar verarbeitete und sehr detaillierte Statue von Tsunade aus Polystone &#8211; k\u00fcnstlichem Stein-Harz-Gemisch. Besonderheiten: weltweit 380 St\u00fcck Release-Status: Released und in ca. 3-4 Monaten ab [&hellip;]<\/p>\n","protected":false},"featured_media":34967,"comment_status":"closed","ping_status":"closed","template":"","meta":[],"product_brand":[],"product_cat":[24,88,84],"product_tag":[656,659,660,657,640,658,147,251,168,296,1626,169,170,154,136,137,3276,3277,3278],"class_list":{"0":"post-34935","1":"product","2":"type-product","3":"status-publish","4":"has-post-thumbnail","6":"product_cat-action-figuren","7":"product_cat-naruto","8":"product_cat-statuen-anime-comic-universum","9":"product_tag-anime-collectibles","10":"product_tag-anime-figuren","11":"product_tag-anime-figuren-naruto","12":"product_tag-anime-figures","13":"product_tag-anime-statuen","14":"product_tag-anime-toys","15":"product_tag-collectibles","16":"product_tag-collectibles-kaufen","17":"product_tag-naruto-collectibles","18":"product_tag-naruto-collectibles-kaufen","19":"product_tag-naruto-shippuden","20":"product_tag-naruto-statuen","21":"product_tag-naruto-statuen-kaufen","22":"product_tag-resin-collectibles","23":"product_tag-resin-statuen","24":"product_tag-resin-statuen-kaufen","25":"product_tag-tsunade","26":"product_tag-tsunade-collectible","27":"product_tag-tsunade-statue","28":"pa_brand-revive-studios","29":"pa_scale-1_to_6","31":"first","32":"instock","33":"taxable","34":"shipping-taxable","35":"product-type-simple"},"_links":{"self":[{"href":"https:\/\/store.handsomecake.com\/en\/wp-json\/wp\/v2\/product\/34935","targetHints":{"allow":["GET"]}}],"collection":[{"href":"https:\/\/store.handsomecake.com\/en\/wp-json\/wp\/v2\/product"}],"about":[{"href":"https:\/\/store.handsomecake.com\/en\/wp-json\/wp\/v2\/types\/product"}],"replies":[{"embeddable":true,"href":"https:\/\/store.handsomecake.com\/en\/wp-json\/wp\/v2\/comments?post=34935"}],"wp:featuredmedia":[{"embeddable":true,"href":"https:\/\/store.handsomecake.com\/en\/wp-json\/wp\/v2\/media\/34967"}],"wp:attachment":[{"href":"https:\/\/store.handsomecake.com\/en\/wp-json\/wp\/v2\/media?parent=34935"}],"wp:term":[{"taxonomy":"product_brand","embeddable":true,"href":"https:\/\/store.handsomecake.com\/en\/wp-json\/wp\/v2\/product_brand?post=34935"},{"taxonomy":"product_cat","embeddable":true,"href":"https:\/\/store.handsomecake.com\/en\/wp-json\/wp\/v2\/product_cat?post=34935"},{"taxonomy":"product_tag","embeddable":true,"href":"https:\/\/store.handsomecake.com\/en\/wp-json\/wp\/v2\/product_tag?post=34935"}],"curies":[{"name":"wp","href":"https:\/\/api.w.org\/{rel}","templated":true}]}}