{"id":34926,"date":"2024-08-13T14:06:20","date_gmt":"2024-08-13T14:06:20","guid":{"rendered":"https:\/\/store.handsomecake.com\/product\/hunter-x-hunter-meruem-14-resin-statue-von-hunter-fan-studio\/"},"modified":"2024-08-13T17:26:23","modified_gmt":"2024-08-13T17:26:23","slug":"hunter-x-hunter-meruem-14-resin-statue-von-hunter-fan-studio","status":"publish","type":"product","link":"https:\/\/store.handsomecake.com\/en\/product\/hunter-x-hunter-meruem-14-resin-statue-von-hunter-fan-studio\/","title":{"rendered":"Hunter x Hunter &#8211; Meruem | 1:4 Resin Statue | von Hunter Fan Studio"},"content":{"rendered":"<p><strong>Hunter x Hunter &#8211; Meruem | 1:4 Resin Statue | von Hunter Fan Studio<\/strong><\/p>\n<p>I do ship EU-wide, please contact me, should questions arise.<\/p>\n<p>Tolle Statue von dem m\u00e4chtigsten Abk\u00f6mmling der Chimera Ameisen K\u00f6nigin.<br \/>\nWunderbar verarbeitete und sehr detaillierte Meruem Statue aus Polystone &#8211; k\u00fcnstlichem Stein-Harz-Gemisch.<\/p>\n<p><strong>Besonderheiten:<\/strong><\/p>\n<ul>\n<li>es werden Zubeh\u00f6rteile mitgeliefert, um die Fl\u00fcgel\u00f6ffnungen am K\u00f6rper abzudecken, falls Sie die Figur ohne Fl\u00fcgel pr\u00e4sentieren m\u00f6chten.<\/li>\n<\/ul>\n<p><strong>Release-Status:<\/strong><\/p>\n<ul>\n<li>Preorder. Voraussichtlicher Release-Termin: Q2 2025, voraussichtlich bei uns im Lager: Ende August 2025.<\/li>\n<li>Diese Angabe ist ohne Gew\u00e4hr! Wir leiten nur die Sch\u00e4tzung vom Hersteller weiter.<\/li>\n<li>Falls das Datum \u00fcberschritten wurde und hier immer noch eine Sch\u00e4tzung aus der Vergangenheit steht, dann bedeutet das NICHT, dass die Figur bereits im Lager in Deutschland ist. Sie ist NUR dann auf Lager in Deutschland, wenn der Text dies entsprechend sagt und\/oder die Kategorie weiter oben &#8222;Lagernd vor Ort&#8220; hei\u00dft.<\/li>\n<\/ul>\n<hr \/>\n<p>Wie immer bei unseren Artikeln &#8211; s\u00e4mtliche Geb\u00fchren sind, im Gegensatz zu anderen Anbietern auf dem Markt, bereits inkludiert.<\/p>\n<p>Versand erfolgt ausschlie\u00dflich aus Deutschland, es fallen keine Zoll- und Importgeb\u00fchren an.<\/p>\n<p>Als einziger EU-weit legal zugelassener H\u00e4ndler von Resin-Statuen garantieren wir exklusive Qualit\u00e4t und Vertrauensw\u00fcrdigkeit, die ihr nirgendwo anders finden.<\/p>\n<p>Ihr kauft keine Katze im Sack \ud83d\ude42<\/p>\n<hr \/>\n<p>You are not prepared! \ud83d\ude42<\/p>","protected":false},"excerpt":{"rendered":"<p>Hunter x Hunter &#8211; Meruem | 1:4 Resin Statue | von Hunter Fan Studio I do ship EU-wide, please contact me, should questions arise. Tolle Statue von dem m\u00e4chtigsten Abk\u00f6mmling der Chimera Ameisen K\u00f6nigin. Wunderbar verarbeitete und sehr detaillierte Meruem Statue aus Polystone &#8211; k\u00fcnstlichem Stein-Harz-Gemisch. Besonderheiten: es werden Zubeh\u00f6rteile mitgeliefert, um die Fl\u00fcgel\u00f6ffnungen am [&hellip;]<\/p>\n","protected":false},"featured_media":34966,"comment_status":"closed","ping_status":"closed","template":"","meta":[],"product_brand":[],"product_cat":[24,568,84],"product_tag":[612,666,717,794,662,640,658,479,147,251,795,1513,1516,1517,1764,1765,1766,154,255,136,137,379,381,552,665,380,382,547,718],"class_list":{"0":"post-34926","1":"product","2":"type-product","3":"status-publish","4":"has-post-thumbnail","6":"product_cat-action-figuren","7":"product_cat-preorder","8":"product_cat-statuen-anime-comic-universum","9":"product_tag-anime","10":"product_tag-anime-figuren-shop","11":"product_tag-anime-shop","12":"product_tag-anime-statue","13":"product_tag-anime-statue-shop","14":"product_tag-anime-statuen","15":"product_tag-anime-toys","16":"product_tag-collectible","17":"product_tag-collectibles","18":"product_tag-collectibles-kaufen","19":"product_tag-handsomecake","20":"product_tag-hunterxhunter-collectible","21":"product_tag-hunterxhunter-collectibles","22":"product_tag-hunterxhunter-statuen","23":"product_tag-meruem","24":"product_tag-meruem-hunterxhunter","25":"product_tag-meruem-statue","26":"product_tag-resin-collectibles","27":"product_tag-resin-collectibles-kaufen","28":"product_tag-resin-statuen","29":"product_tag-resin-statuen-kaufen","30":"product_tag-statue-collectible","31":"product_tag-statue-collectibles","32":"product_tag-statue-collector","33":"product_tag-statuen-shop","34":"product_tag-statues-collectible","35":"product_tag-statues-collectibles","36":"product_tag-statues-collector","37":"product_tag-toys","39":"first","40":"instock","41":"taxable","42":"shipping-taxable","43":"product-type-variable"},"_links":{"self":[{"href":"https:\/\/store.handsomecake.com\/en\/wp-json\/wp\/v2\/product\/34926","targetHints":{"allow":["GET"]}}],"collection":[{"href":"https:\/\/store.handsomecake.com\/en\/wp-json\/wp\/v2\/product"}],"about":[{"href":"https:\/\/store.handsomecake.com\/en\/wp-json\/wp\/v2\/types\/product"}],"replies":[{"embeddable":true,"href":"https:\/\/store.handsomecake.com\/en\/wp-json\/wp\/v2\/comments?post=34926"}],"wp:featuredmedia":[{"embeddable":true,"href":"https:\/\/store.handsomecake.com\/en\/wp-json\/wp\/v2\/media\/34966"}],"wp:attachment":[{"href":"https:\/\/store.handsomecake.com\/en\/wp-json\/wp\/v2\/media?parent=34926"}],"wp:term":[{"taxonomy":"product_brand","embeddable":true,"href":"https:\/\/store.handsomecake.com\/en\/wp-json\/wp\/v2\/product_brand?post=34926"},{"taxonomy":"product_cat","embeddable":true,"href":"https:\/\/store.handsomecake.com\/en\/wp-json\/wp\/v2\/product_cat?post=34926"},{"taxonomy":"product_tag","embeddable":true,"href":"https:\/\/store.handsomecake.com\/en\/wp-json\/wp\/v2\/product_tag?post=34926"}],"curies":[{"name":"wp","href":"https:\/\/api.w.org\/{rel}","templated":true}]}}