{"id":34858,"date":"2024-08-09T23:38:46","date_gmt":"2024-08-09T23:38:46","guid":{"rendered":"https:\/\/store.handsomecake.com\/product\/jujutsu-kaisen-fushiguro-toji-16-resin-statue-von-zenkai-studio\/"},"modified":"2024-08-10T14:08:48","modified_gmt":"2024-08-10T14:08:48","slug":"jujutsu-kaisen-fushiguro-toji-16-resin-statue-von-zenkai-studio","status":"publish","type":"product","link":"https:\/\/store.handsomecake.com\/en\/product\/jujutsu-kaisen-fushiguro-toji-16-resin-statue-von-zenkai-studio\/","title":{"rendered":"Jujutsu Kaisen &#8211; Fushiguro Toji | 1:6 Resin Statue | von Zenkai Studio"},"content":{"rendered":"<p><strong>Jujutsu Kaisen &#8211; Fushiguro Toji | 1:6 Resin Statue | von Zenkai Studio<\/strong><\/p>\n<p>I do ship EU-wide, please contact me, should questions arise.<\/p>\n<p><span style=\"color: #ffffff;\"><em><span style=\"background-color: #2c3e50;\">\u00a0 &#8220;\u00a0 But you guys, with all your blessed talents, lost to a monkey like me who can&#8217;t even use Jujutsu.&#8220;\u00a0 <\/span><\/em><\/span><\/p>\n<p>Tolle Statue von Sorcerer Killer.<br \/>\nWunderbar verarbeitete und sehr detaillierte Fushiguro Toji Statue aus Polystone &#8211; k\u00fcnstlichem Stein-Harz-Gemisch.<\/p>\n<p><strong>Besonderheiten:<\/strong><\/p>\n<ul>\n<li>weltweit 60 St\u00fcck<\/li>\n<li>austauschbarer Kopf mit Mini-Sockel<\/li>\n<li>metallene Echtheitszertifikat<\/li>\n<\/ul>\n<p><strong>Release-Status:<\/strong><\/p>\n<ul>\n<li>Preorder. Voraussichtlicher Release-Termin: Q1 2025, voraussichtlich bei uns im Lager: Ende Mai 2025.<\/li>\n<li>Diese Angabe ist ohne Gew\u00e4hr! Wir leiten nur die Sch\u00e4tzung vom Hersteller weiter.<\/li>\n<li>Falls das Datum \u00fcberschritten wurde und hier immer noch eine Sch\u00e4tzung aus der Vergangenheit steht, dann bedeutet das NICHT, dass die Figur bereits im Lager in Deutschland ist. Sie ist NUR dann auf Lager in Deutschland, wenn der Text dies entsprechend sagt und\/oder die Kategorie weiter oben &#8222;Lagernd vor Ort&#8220; hei\u00dft.<\/li>\n<\/ul>\n<hr \/>\n<p>Wie immer bei unseren Artikeln &#8211; s\u00e4mtliche Geb\u00fchren sind, im Gegensatz zu anderen Anbietern auf dem Markt, bereits inkludiert.<\/p>\n<p>Versand erfolgt ausschlie\u00dflich aus Deutschland, es fallen keine Zoll- und Importgeb\u00fchren an.<\/p>\n<p>Als einziger EU-weit legal zugelassener H\u00e4ndler von Resin-Statuen garantieren wir exklusive Qualit\u00e4t und Vertrauensw\u00fcrdigkeit, die ihr nirgendwo anders finden.<\/p>\n<p>Ihr kauft keine Katze im Sack \ud83d\ude42<\/p>\n<hr \/>\n<p>You are not prepared! \ud83d\ude42<\/p>","protected":false},"excerpt":{"rendered":"<p>Jujutsu Kaisen &#8211; Fushiguro Toji | 1:6 Resin Statue | von Zenkai Studio I do ship EU-wide, please contact me, should questions arise. \u00a0 &#8220;\u00a0 But you guys, with all your blessed talents, lost to a monkey like me who can&#8217;t even use Jujutsu.&#8220;\u00a0 Tolle Statue von Sorcerer Killer. Wunderbar verarbeitete und sehr detaillierte Fushiguro [&hellip;]<\/p>\n","protected":false},"featured_media":34874,"comment_status":"closed","ping_status":"closed","template":"","meta":[],"product_brand":[],"product_cat":[24,1237,568,84],"product_tag":[612,659,666,658,147,251,383,553,2762,2760,1371,2759,2761,795,1369,1372,1374,154,136,554,379,381,552,547,2763,2764,2765],"class_list":{"0":"post-34858","1":"product","2":"type-product","3":"status-publish","4":"has-post-thumbnail","6":"product_cat-action-figuren","7":"product_cat-jujutsu-kaisen","8":"product_cat-preorder","9":"product_cat-statuen-anime-comic-universum","10":"product_tag-anime","11":"product_tag-anime-figuren","12":"product_tag-anime-figuren-shop","13":"product_tag-anime-toys","14":"product_tag-collectibles","15":"product_tag-collectibles-kaufen","16":"product_tag-collector","17":"product_tag-figure-collector","18":"product_tag-fushiguro","19":"product_tag-fushiguro-collectibles","20":"product_tag-fushiguro-resin","21":"product_tag-fushiguro-toji","22":"product_tag-fushiguro-toys","23":"product_tag-handsomecake","24":"product_tag-jujutsu-kaisen","25":"product_tag-jujutsu-kaisen-statue","26":"product_tag-jujutsu-kaisen-toys","27":"product_tag-resin-collectibles","28":"product_tag-resin-statuen","29":"product_tag-resin-statues","30":"product_tag-statue-collectible","31":"product_tag-statue-collectibles","32":"product_tag-statue-collector","33":"product_tag-statues-collector","34":"product_tag-toji-collectibles","35":"product_tag-toji-resin","36":"product_tag-toji-statues","37":"pa_brand-zenkai-studio","38":"pa_scale-1_to_6","40":"first","41":"instock","42":"taxable","43":"shipping-taxable","44":"product-type-simple"},"_links":{"self":[{"href":"https:\/\/store.handsomecake.com\/en\/wp-json\/wp\/v2\/product\/34858","targetHints":{"allow":["GET"]}}],"collection":[{"href":"https:\/\/store.handsomecake.com\/en\/wp-json\/wp\/v2\/product"}],"about":[{"href":"https:\/\/store.handsomecake.com\/en\/wp-json\/wp\/v2\/types\/product"}],"replies":[{"embeddable":true,"href":"https:\/\/store.handsomecake.com\/en\/wp-json\/wp\/v2\/comments?post=34858"}],"wp:featuredmedia":[{"embeddable":true,"href":"https:\/\/store.handsomecake.com\/en\/wp-json\/wp\/v2\/media\/34874"}],"wp:attachment":[{"href":"https:\/\/store.handsomecake.com\/en\/wp-json\/wp\/v2\/media?parent=34858"}],"wp:term":[{"taxonomy":"product_brand","embeddable":true,"href":"https:\/\/store.handsomecake.com\/en\/wp-json\/wp\/v2\/product_brand?post=34858"},{"taxonomy":"product_cat","embeddable":true,"href":"https:\/\/store.handsomecake.com\/en\/wp-json\/wp\/v2\/product_cat?post=34858"},{"taxonomy":"product_tag","embeddable":true,"href":"https:\/\/store.handsomecake.com\/en\/wp-json\/wp\/v2\/product_tag?post=34858"}],"curies":[{"name":"wp","href":"https:\/\/api.w.org\/{rel}","templated":true}]}}