{"id":34850,"date":"2024-08-09T23:36:49","date_gmt":"2024-08-09T23:36:49","guid":{"rendered":"https:\/\/store.handsomecake.com\/product\/yu-gi-oh-yami-yugi-11-lifesize-bust-von-zenkai-studio\/"},"modified":"2024-08-10T14:07:27","modified_gmt":"2024-08-10T14:07:27","slug":"yu-gi-oh-yami-yugi-11-lifesize-bust-von-zenkai-studio","status":"publish","type":"product","link":"https:\/\/store.handsomecake.com\/en\/product\/yu-gi-oh-yami-yugi-11-lifesize-bust-von-zenkai-studio\/","title":{"rendered":"Yu-Gi-Oh &#8211; Yami Yugi | 1:1 Lifesize Bust | von Zenkai Studio"},"content":{"rendered":"<p><strong>Yu-Gi-Oh &#8211; Yami Yugi | 1:1 Lifesize Bust | von Zenkai Studio<\/strong><\/p>\n<p>I do ship EU-wide, please contact me, should questions arise.<\/p>\n<p>Tolle B\u00fcste von dem gro\u00dfen Pharao der 18.Dynastie<br \/>\nWunderbar verarbeitete und sehr detaillierte B\u00fcste von Yami Yugi mit aus Polystone &#8211; k\u00fcnstlichem Stein-Harz-Gemisch.<\/p>\n<p><strong>Besonderheiten<\/strong>:<\/p>\n<ul>\n<li>mit LED<\/li>\n<li>austauschbare Karten mit echten Spielkarten auf dem Duell-Disk und in der Hand<\/li>\n<li>metallene Echtheitszertifikat<\/li>\n<\/ul>\n<p><strong>Release-Status:<\/strong><\/p>\n<ul>\n<li>Preorder. Voraussichtlicher Release-Termin: Q2 2025, voraussichtlich bei uns im Lager: Ende August 2025.<\/li>\n<li>Diese Angabe ist ohne Gew\u00e4hr! Wir leiten nur die Sch\u00e4tzung vom Hersteller weiter.<\/li>\n<li>Falls das Datum \u00fcberschritten wurde und hier immer noch eine Sch\u00e4tzung aus der Vergangenheit steht, dann bedeutet das NICHT, dass die Figur bereits im Lager in Deutschland ist. Sie ist NUR dann auf Lager in Deutschland, wenn der Text dies entsprechend sagt und\/oder die Kategorie weiter oben &#8222;Lagernd vor Ort&#8220; hei\u00dft.<\/li>\n<\/ul>\n<hr \/>\n<p>Wie immer bei unseren Artikeln &#8211; s\u00e4mtliche Geb\u00fchren sind, im Gegensatz zu anderen Anbietern auf dem Markt, bereits inkludiert.<\/p>\n<p>Versand erfolgt ausschlie\u00dflich aus Deutschland, es fallen keine Zoll- und Importgeb\u00fchren an.<\/p>\n<p>Als einziger EU-weit legal zugelassener H\u00e4ndler von Resin-Statuen garantieren wir exklusive Qualit\u00e4t und Vertrauensw\u00fcrdigkeit, die ihr nirgendwo anders finden.<\/p>\n<p>Ihr kauft keine Katze im Sack \ud83d\ude42<\/p>\n<hr \/>\n<p>You are not prepared! \ud83d\ude42<\/p>","protected":false},"excerpt":{"rendered":"<p>Yu-Gi-Oh &#8211; Yami Yugi | 1:1 Lifesize Bust | von Zenkai Studio I do ship EU-wide, please contact me, should questions arise. Tolle B\u00fcste von dem gro\u00dfen Pharao der 18.Dynastie Wunderbar verarbeitete und sehr detaillierte B\u00fcste von Yami Yugi mit aus Polystone &#8211; k\u00fcnstlichem Stein-Harz-Gemisch. Besonderheiten: mit LED austauschbare Karten mit echten Spielkarten auf dem [&hellip;]<\/p>\n","protected":false},"featured_media":34873,"comment_status":"closed","ping_status":"closed","template":"","meta":[],"product_brand":[],"product_cat":[24,568,84,81],"product_tag":[612,659,666,658,147,251,383,553,795,154,136,554,379,381,552,547,3506,3507,3510,3509,3508,3511,3514,3512,3513],"class_list":{"0":"post-34850","1":"product","2":"type-product","3":"status-publish","4":"has-post-thumbnail","6":"product_cat-action-figuren","7":"product_cat-preorder","8":"product_cat-statuen-anime-comic-universum","9":"product_cat-statuen-computerspieluniversum","10":"product_tag-anime","11":"product_tag-anime-figuren","12":"product_tag-anime-figuren-shop","13":"product_tag-anime-toys","14":"product_tag-collectibles","15":"product_tag-collectibles-kaufen","16":"product_tag-collector","17":"product_tag-figure-collector","18":"product_tag-handsomecake","19":"product_tag-resin-collectibles","20":"product_tag-resin-statuen","21":"product_tag-resin-statues","22":"product_tag-statue-collectible","23":"product_tag-statue-collectibles","24":"product_tag-statue-collector","25":"product_tag-statues-collector","26":"product_tag-yami-yugi","27":"product_tag-yami-yugi-collectibles","28":"product_tag-yu-gi-ho-toys","29":"product_tag-yu-gi-oh","30":"product_tag-yu-gi-oh-resin","31":"product_tag-yu-gi-oh-statue","32":"product_tag-yu-gi-oh-statues","33":"product_tag-yu-gi-oh-toys","34":"product_tag-yugioh-collectibles","35":"pa_brand-zenkai-studio","36":"pa_scale-1_to_1","38":"first","39":"instock","40":"taxable","41":"shipping-taxable","42":"product-type-variable"},"_links":{"self":[{"href":"https:\/\/store.handsomecake.com\/en\/wp-json\/wp\/v2\/product\/34850","targetHints":{"allow":["GET"]}}],"collection":[{"href":"https:\/\/store.handsomecake.com\/en\/wp-json\/wp\/v2\/product"}],"about":[{"href":"https:\/\/store.handsomecake.com\/en\/wp-json\/wp\/v2\/types\/product"}],"replies":[{"embeddable":true,"href":"https:\/\/store.handsomecake.com\/en\/wp-json\/wp\/v2\/comments?post=34850"}],"wp:featuredmedia":[{"embeddable":true,"href":"https:\/\/store.handsomecake.com\/en\/wp-json\/wp\/v2\/media\/34873"}],"wp:attachment":[{"href":"https:\/\/store.handsomecake.com\/en\/wp-json\/wp\/v2\/media?parent=34850"}],"wp:term":[{"taxonomy":"product_brand","embeddable":true,"href":"https:\/\/store.handsomecake.com\/en\/wp-json\/wp\/v2\/product_brand?post=34850"},{"taxonomy":"product_cat","embeddable":true,"href":"https:\/\/store.handsomecake.com\/en\/wp-json\/wp\/v2\/product_cat?post=34850"},{"taxonomy":"product_tag","embeddable":true,"href":"https:\/\/store.handsomecake.com\/en\/wp-json\/wp\/v2\/product_tag?post=34850"}],"curies":[{"name":"wp","href":"https:\/\/api.w.org\/{rel}","templated":true}]}}